{"id":1147,"date":"2022-12-30T10:10:54","date_gmt":"2022-12-30T09:10:54","guid":{"rendered":"https:\/\/eqpower.ch\/?page_id=1147"},"modified":"2023-02-15T20:00:24","modified_gmt":"2023-02-15T19:00:24","slug":"erfolgsfaktor-emotionale-intelligenz","status":"publish","type":"page","link":"https:\/\/eqpower.ch\/en\/training\/erfolgsfaktor-emotionale-intelligenz\/","title":{"rendered":"Success Factor Emotional intelligence"},"content":{"rendered":"<div data-elementor-type=\"wp-page\" data-elementor-id=\"1147\" class=\"elementor elementor-1147\" data-elementor-post-type=\"page\">\n\t\t\t\t\t\t<section class=\"elementor-section elementor-top-section elementor-element elementor-element-c85b322 elementor-section-height-min-height elementor-section-boxed elementor-section-height-default elementor-section-items-middle\" data-id=\"c85b322\" data-element_type=\"section\" data-settings=\"{&quot;background_background&quot;:&quot;classic&quot;}\">\n\t\t\t\t\t\t\t<div class=\"elementor-background-overlay\"><\/div>\n\t\t\t\t\t\t\t<div class=\"elementor-container elementor-column-gap-default\">\n\t\t\t\t\t<div class=\"elementor-column elementor-col-100 elementor-top-column elementor-element elementor-element-9f08929\" data-id=\"9f08929\" data-element_type=\"column\">\n\t\t\t<div class=\"elementor-widget-wrap elementor-element-populated\">\n\t\t\t\t\t\t<div class=\"elementor-element elementor-element-ef53068 elementor-widget elementor-widget-image\" data-id=\"ef53068\" data-element_type=\"widget\" data-widget_type=\"image.default\">\n\t\t\t\t<div class=\"elementor-widget-container\">\n\t\t\t\t\t\t\t\t\t\t\t\t\t\t\t<img fetchpriority=\"high\" decoding=\"async\" width=\"620\" height=\"620\" src=\"https:\/\/eqpower.ch\/wp-content\/uploads\/2023\/02\/Gruppe-86-1.png\" class=\"attachment-large size-large wp-image-6310\" alt=\"\" srcset=\"https:\/\/eqpower.ch\/wp-content\/uploads\/2023\/02\/Gruppe-86-1.png 620w, https:\/\/eqpower.ch\/wp-content\/uploads\/2023\/02\/Gruppe-86-1-300x300.png 300w, https:\/\/eqpower.ch\/wp-content\/uploads\/2023\/02\/Gruppe-86-1-150x150.png 150w, https:\/\/eqpower.ch\/wp-content\/uploads\/2023\/02\/Gruppe-86-1-12x12.png 12w\" sizes=\"(max-width: 620px) 100vw, 620px\" \/>\t\t\t\t\t\t\t\t\t\t\t\t\t\t\t<\/div>\n\t\t\t\t<\/div>\n\t\t\t\t\t<\/div>\n\t\t<\/div>\n\t\t\t\t\t<\/div>\n\t\t<\/section>\n\t\t\t\t<section class=\"elementor-section elementor-top-section elementor-element elementor-element-d5afe04 elementor-section-boxed elementor-section-height-default elementor-section-height-default\" data-id=\"d5afe04\" data-element_type=\"section\">\n\t\t\t\t\t\t<div class=\"elementor-container elementor-column-gap-default\">\n\t\t\t\t\t<div class=\"elementor-column elementor-col-100 elementor-top-column elementor-element elementor-element-ebdb6aa\" data-id=\"ebdb6aa\" data-element_type=\"column\">\n\t\t\t<div class=\"elementor-widget-wrap elementor-element-populated\">\n\t\t\t\t\t\t<div class=\"elementor-element elementor-element-586bbc7 h1-fontss elementor-widget elementor-widget-heading\" data-id=\"586bbc7\" data-element_type=\"widget\" data-widget_type=\"heading.default\">\n\t\t\t\t<div class=\"elementor-widget-container\">\n\t\t\t\t\t<h1 class=\"elementor-heading-title elementor-size-default\">Seminar \"Building Business Relationships\"<\/h1>\t\t\t\t<\/div>\n\t\t\t\t<\/div>\n\t\t\t\t\t<\/div>\n\t\t<\/div>\n\t\t\t\t\t<\/div>\n\t\t<\/section>\n\t\t\t\t<section class=\"elementor-section elementor-top-section elementor-element elementor-element-7c3fc8c elementor-section-boxed elementor-section-height-default elementor-section-height-default\" data-id=\"7c3fc8c\" data-element_type=\"section\">\n\t\t\t\t\t\t<div class=\"elementor-container elementor-column-gap-default\">\n\t\t\t\t\t<div class=\"elementor-column elementor-col-50 elementor-top-column elementor-element elementor-element-10c288e\" data-id=\"10c288e\" data-element_type=\"column\">\n\t\t\t<div class=\"elementor-widget-wrap elementor-element-populated\">\n\t\t\t\t\t\t<div class=\"elementor-element elementor-element-9c742bf elementor-widget elementor-widget-heading\" data-id=\"9c742bf\" data-element_type=\"widget\" data-widget_type=\"heading.default\">\n\t\t\t\t<div class=\"elementor-widget-container\">\n\t\t\t\t\t<h2 class=\"elementor-heading-title elementor-size-default\">Seminar \"Building Business Relationships\"<\/h2>\t\t\t\t<\/div>\n\t\t\t\t<\/div>\n\t\t\t\t<div class=\"elementor-element elementor-element-7526155 elementor-widget elementor-widget-text-editor\" data-id=\"7526155\" data-element_type=\"widget\" data-widget_type=\"text-editor.default\">\n\t\t\t\t<div class=\"elementor-widget-container\">\n\t\t\t\t\t\t\t\t\t<p>Building and maintaining successful long-term business relationships is key in the workplace. Doing so requires both expertise as a professional and the ability to connect on a personal level. This connection comes from using emotions effectively, which is called Emotional Intelligence (EI).\u00a0<\/p>\t\t\t\t\t\t\t\t<\/div>\n\t\t\t\t<\/div>\n\t\t\t\t<div class=\"elementor-element elementor-element-42a5bda elementor-widget elementor-widget-text-editor\" data-id=\"42a5bda\" data-element_type=\"widget\" data-widget_type=\"text-editor.default\">\n\t\t\t\t<div class=\"elementor-widget-container\">\n\t\t\t\t\t\t\t\t\t<p>During this seminar you will learn how to apply your emotional and social skills to build business relationships. As a result, you will be able to understand the invisible dynamics and navigate the minefield of interpersonal interactions and thereby build and sustain trust.<\/p>\t\t\t\t\t\t\t\t<\/div>\n\t\t\t\t<\/div>\n\t\t\t\t<div class=\"elementor-element elementor-element-830bfd4 elementor-widget elementor-widget-heading\" data-id=\"830bfd4\" data-element_type=\"widget\" data-widget_type=\"heading.default\">\n\t\t\t\t<div class=\"elementor-widget-container\">\n\t\t\t\t\t<h2 class=\"elementor-heading-title elementor-size-default\">Content<\/h2>\t\t\t\t<\/div>\n\t\t\t\t<\/div>\n\t\t\t\t<div class=\"elementor-element elementor-element-3a53e1b elementor-widget elementor-widget-text-editor\" data-id=\"3a53e1b\" data-element_type=\"widget\" data-widget_type=\"text-editor.default\">\n\t\t\t\t<div class=\"elementor-widget-container\">\n\t\t\t\t\t\t\t\t\t<ul>\n \t<li class=\"pad\">Recognize the importance of the emotional layer in building business relationships. <\/li>\n \t<li class=\"pad\">Be introduced to the concept of EI and its role in connecting with others.<\/li>\n \t<li class=\"pad\">Learn about your own drivers for building relationships and how to apply this understanding in practice.<\/li>\n \t<li class=\"pad\">Recognize your triggers in interacting with others and how to manage those triggers. <\/li>\n \t<li class=\"pad\">Learn techniques for when others get emotional and how manage these situations. <\/li>\n \t<li class=\"pad\"> Focus on the importance of trust in relationships and try out techniques to create and sustain trust. <\/li>\n \t<li class=\"pad\">Develop an action plan for developing a specific relationship in your workplace you would like to improve.<\/li>\n<\/ul>\t\t\t\t\t\t\t\t<\/div>\n\t\t\t\t<\/div>\n\t\t\t\t\t<\/div>\n\t\t<\/div>\n\t\t\t\t<div class=\"elementor-column elementor-col-50 elementor-top-column elementor-element elementor-element-b626254\" data-id=\"b626254\" data-element_type=\"column\">\n\t\t\t<div class=\"elementor-widget-wrap elementor-element-populated\">\n\t\t\t\t\t\t<div class=\"elementor-element elementor-element-1a0d3da elementor-hidden-tablet elementor-hidden-mobile image-object-fit elementor-widget elementor-widget-image\" data-id=\"1a0d3da\" data-element_type=\"widget\" data-widget_type=\"image.default\">\n\t\t\t\t<div class=\"elementor-widget-container\">\n\t\t\t\t\t\t\t\t\t\t\t\t\t\t\t<img decoding=\"async\" width=\"800\" height=\"533\" src=\"https:\/\/eqpower.ch\/wp-content\/uploads\/2023\/01\/kalLiEFI.jpeg\" class=\"attachment-large size-large wp-image-1971\" alt=\"\" srcset=\"https:\/\/eqpower.ch\/wp-content\/uploads\/2023\/01\/kalLiEFI.jpeg 849w, https:\/\/eqpower.ch\/wp-content\/uploads\/2023\/01\/kalLiEFI-300x200.jpeg 300w, https:\/\/eqpower.ch\/wp-content\/uploads\/2023\/01\/kalLiEFI-768x512.jpeg 768w\" sizes=\"(max-width: 800px) 100vw, 800px\" \/>\t\t\t\t\t\t\t\t\t\t\t\t\t\t\t<\/div>\n\t\t\t\t<\/div>\n\t\t\t\t<section class=\"elementor-section elementor-inner-section elementor-element elementor-element-cca636c elementor-section-boxed elementor-section-height-default elementor-section-height-default\" data-id=\"cca636c\" data-element_type=\"section\">\n\t\t\t\t\t\t<div class=\"elementor-container elementor-column-gap-default\">\n\t\t\t\t\t<div class=\"elementor-column elementor-col-100 elementor-inner-column elementor-element elementor-element-fc44fac camp\" data-id=\"fc44fac\" data-element_type=\"column\">\n\t\t\t<div class=\"elementor-widget-wrap elementor-element-populated\">\n\t\t\t\t\t\t<div class=\"elementor-element elementor-element-da63026 elementor-widget elementor-widget-heading\" data-id=\"da63026\" data-element_type=\"widget\" data-widget_type=\"heading.default\">\n\t\t\t\t<div class=\"elementor-widget-container\">\n\t\t\t\t\t<h2 class=\"elementor-heading-title elementor-size-default\">Conditions <\/h2>\t\t\t\t<\/div>\n\t\t\t\t<\/div>\n\t\t\t\t<div class=\"elementor-element elementor-element-2c96fe1 elementor-widget elementor-widget-text-editor\" data-id=\"2c96fe1\" data-element_type=\"widget\" data-widget_type=\"text-editor.default\">\n\t\t\t\t<div class=\"elementor-widget-container\">\n\t\t\t\t\t\t\t\t\t<ul>\n<li class=\"pad\">Duration: 1 day<\/li>\n<li class=\"pad\">Number of participants: max. 8 persons<\/li>\n<\/ul>\t\t\t\t\t\t\t\t<\/div>\n\t\t\t\t<\/div>\n\t\t\t\t<div class=\"elementor-element elementor-element-bd7e829 elementor-widget elementor-widget-heading\" data-id=\"bd7e829\" data-element_type=\"widget\" data-widget_type=\"heading.default\">\n\t\t\t\t<div class=\"elementor-widget-container\">\n\t\t\t\t\t<h2 class=\"elementor-heading-title elementor-size-default\">Price: on demand<\/h2>\t\t\t\t<\/div>\n\t\t\t\t<\/div>\n\t\t\t\t\t<\/div>\n\t\t<\/div>\n\t\t\t\t\t<\/div>\n\t\t<\/section>\n\t\t\t\t\t<\/div>\n\t\t<\/div>\n\t\t\t\t\t<\/div>\n\t\t<\/section>\n\t\t\t\t<\/div>","protected":false},"excerpt":{"rendered":"<p>Seminar \u201eAufbau Beziehungen am Arbeitsplatz\u201c Seminar \u201eAufbau Beziehungen am Arbeitsplatz&#187; Aufbau und Aufrechterhalten von Beziehungen am Arbeitsplatz sind Schl\u00fcsselkompetenzen. Sie erfordern die F\u00e4higkeit, sich mit Menschen auf pers\u00f6nlicher Ebene zu verbinden und Vertrauen aufzubauen. Diese F\u00e4higkeit geht auf die Emotionale Kompetenz zur\u00fcck.\u00a0 W\u00e4hrend des Seminars lernen Sie, emotionale und soziale Kompetenzen f\u00fcr den Aufbau von [&hellip;]<\/p>","protected":false},"author":1,"featured_media":0,"parent":35,"menu_order":0,"comment_status":"closed","ping_status":"closed","template":"","meta":{"footnotes":""},"class_list":["post-1147","page","type-page","status-publish","hentry"],"yoast_head":"<!-- This site is optimized with the Yoast SEO plugin v25.1 - https:\/\/yoast.com\/wordpress\/plugins\/seo\/ -->\n<title>Erfolgsfaktor Emotionale Intelligenz - EQ-Power<\/title>\n<meta name=\"robots\" content=\"index, follow, max-snippet:-1, max-image-preview:large, max-video-preview:-1\" \/>\n<link rel=\"canonical\" href=\"https:\/\/eqpower.ch\/en\/training\/erfolgsfaktor-emotionale-intelligenz\/\" \/>\n<meta property=\"og:locale\" content=\"en_GB\" \/>\n<meta property=\"og:type\" content=\"article\" \/>\n<meta property=\"og:title\" content=\"Erfolgsfaktor Emotionale Intelligenz - EQ-Power\" \/>\n<meta property=\"og:description\" content=\"Seminar \u201eAufbau Beziehungen am Arbeitsplatz\u201c Seminar \u201eAufbau Beziehungen am Arbeitsplatz&#187; Aufbau und Aufrechterhalten von Beziehungen am Arbeitsplatz sind Schl\u00fcsselkompetenzen. Sie erfordern die F\u00e4higkeit, sich mit Menschen auf pers\u00f6nlicher Ebene zu verbinden und Vertrauen aufzubauen. Diese F\u00e4higkeit geht auf die Emotionale Kompetenz zur\u00fcck.\u00a0 W\u00e4hrend des Seminars lernen Sie, emotionale und soziale Kompetenzen f\u00fcr den Aufbau von [&hellip;]\" \/>\n<meta property=\"og:url\" content=\"https:\/\/eqpower.ch\/en\/training\/erfolgsfaktor-emotionale-intelligenz\/\" \/>\n<meta property=\"og:site_name\" content=\"EQ-Power\" \/>\n<meta property=\"article:modified_time\" content=\"2023-02-15T19:00:24+00:00\" \/>\n<meta property=\"og:image\" content=\"https:\/\/eqpower.ch\/wp-content\/uploads\/2023\/02\/Gruppe-86.png\" \/>\n<meta name=\"twitter:card\" content=\"summary_large_image\" \/>\n<meta name=\"twitter:label1\" content=\"Estimated reading time\" \/>\n\t<meta name=\"twitter:data1\" content=\"2 minutes\" \/>\n<script type=\"application\/ld+json\" class=\"yoast-schema-graph\">{\"@context\":\"https:\/\/schema.org\",\"@graph\":[{\"@type\":\"WebPage\",\"@id\":\"https:\/\/eqpower.ch\/de\/training\/erfolgsfaktor-emotionale-intelligenz\/\",\"url\":\"https:\/\/eqpower.ch\/de\/training\/erfolgsfaktor-emotionale-intelligenz\/\",\"name\":\"Erfolgsfaktor Emotionale Intelligenz - EQ-Power\",\"isPartOf\":{\"@id\":\"https:\/\/eqpower.ch\/#website\"},\"primaryImageOfPage\":{\"@id\":\"https:\/\/eqpower.ch\/de\/training\/erfolgsfaktor-emotionale-intelligenz\/#primaryimage\"},\"image\":{\"@id\":\"https:\/\/eqpower.ch\/de\/training\/erfolgsfaktor-emotionale-intelligenz\/#primaryimage\"},\"thumbnailUrl\":\"https:\/\/eqpower.ch\/wp-content\/uploads\/2023\/02\/Gruppe-86.png\",\"datePublished\":\"2022-12-30T09:10:54+00:00\",\"dateModified\":\"2023-02-15T19:00:24+00:00\",\"breadcrumb\":{\"@id\":\"https:\/\/eqpower.ch\/de\/training\/erfolgsfaktor-emotionale-intelligenz\/#breadcrumb\"},\"inLanguage\":\"en-GB\",\"potentialAction\":[{\"@type\":\"ReadAction\",\"target\":[\"https:\/\/eqpower.ch\/de\/training\/erfolgsfaktor-emotionale-intelligenz\/\"]}]},{\"@type\":\"ImageObject\",\"inLanguage\":\"en-GB\",\"@id\":\"https:\/\/eqpower.ch\/de\/training\/erfolgsfaktor-emotionale-intelligenz\/#primaryimage\",\"url\":\"https:\/\/eqpower.ch\/wp-content\/uploads\/2023\/02\/Gruppe-86.png\",\"contentUrl\":\"https:\/\/eqpower.ch\/wp-content\/uploads\/2023\/02\/Gruppe-86.png\"},{\"@type\":\"BreadcrumbList\",\"@id\":\"https:\/\/eqpower.ch\/de\/training\/erfolgsfaktor-emotionale-intelligenz\/#breadcrumb\",\"itemListElement\":[{\"@type\":\"ListItem\",\"position\":1,\"name\":\"Home\",\"item\":\"https:\/\/eqpower.ch\/\"},{\"@type\":\"ListItem\",\"position\":2,\"name\":\"Training\",\"item\":\"https:\/\/eqpower.ch\/de\/training\/\"},{\"@type\":\"ListItem\",\"position\":3,\"name\":\"Erfolgsfaktor Emotionale Intelligenz\"}]},{\"@type\":\"WebSite\",\"@id\":\"https:\/\/eqpower.ch\/#website\",\"url\":\"https:\/\/eqpower.ch\/\",\"name\":\"EQ-Power\",\"description\":\"emotionally smart\",\"publisher\":{\"@id\":\"https:\/\/eqpower.ch\/#organization\"},\"potentialAction\":[{\"@type\":\"SearchAction\",\"target\":{\"@type\":\"EntryPoint\",\"urlTemplate\":\"https:\/\/eqpower.ch\/?s={search_term_string}\"},\"query-input\":{\"@type\":\"PropertyValueSpecification\",\"valueRequired\":true,\"valueName\":\"search_term_string\"}}],\"inLanguage\":\"en-GB\"},{\"@type\":\"Organization\",\"@id\":\"https:\/\/eqpower.ch\/#organization\",\"name\":\"EQ-Power\",\"url\":\"https:\/\/eqpower.ch\/\",\"logo\":{\"@type\":\"ImageObject\",\"inLanguage\":\"en-GB\",\"@id\":\"https:\/\/eqpower.ch\/#\/schema\/logo\/image\/\",\"url\":\"https:\/\/eqpower.ch\/wp-content\/uploads\/2022\/12\/EQpower_big_cmyk-Neu.png\",\"contentUrl\":\"https:\/\/eqpower.ch\/wp-content\/uploads\/2022\/12\/EQpower_big_cmyk-Neu.png\",\"width\":3175,\"height\":705,\"caption\":\"EQ-Power\"},\"image\":{\"@id\":\"https:\/\/eqpower.ch\/#\/schema\/logo\/image\/\"}}]}<\/script>\n<!-- \/ Yoast SEO plugin. -->","yoast_head_json":{"title":"Erfolgsfaktor Emotionale Intelligenz - EQ-Power","robots":{"index":"index","follow":"follow","max-snippet":"max-snippet:-1","max-image-preview":"max-image-preview:large","max-video-preview":"max-video-preview:-1"},"canonical":"https:\/\/eqpower.ch\/en\/training\/erfolgsfaktor-emotionale-intelligenz\/","og_locale":"en_GB","og_type":"article","og_title":"Erfolgsfaktor Emotionale Intelligenz - EQ-Power","og_description":"Seminar \u201eAufbau Beziehungen am Arbeitsplatz\u201c Seminar \u201eAufbau Beziehungen am Arbeitsplatz&#187; Aufbau und Aufrechterhalten von Beziehungen am Arbeitsplatz sind Schl\u00fcsselkompetenzen. Sie erfordern die F\u00e4higkeit, sich mit Menschen auf pers\u00f6nlicher Ebene zu verbinden und Vertrauen aufzubauen. Diese F\u00e4higkeit geht auf die Emotionale Kompetenz zur\u00fcck.\u00a0 W\u00e4hrend des Seminars lernen Sie, emotionale und soziale Kompetenzen f\u00fcr den Aufbau von [&hellip;]","og_url":"https:\/\/eqpower.ch\/en\/training\/erfolgsfaktor-emotionale-intelligenz\/","og_site_name":"EQ-Power","article_modified_time":"2023-02-15T19:00:24+00:00","og_image":[{"url":"https:\/\/eqpower.ch\/wp-content\/uploads\/2023\/02\/Gruppe-86.png","type":"","width":"","height":""}],"twitter_card":"summary_large_image","twitter_misc":{"Estimated reading time":"2 minutes"},"schema":{"@context":"https:\/\/schema.org","@graph":[{"@type":"WebPage","@id":"https:\/\/eqpower.ch\/de\/training\/erfolgsfaktor-emotionale-intelligenz\/","url":"https:\/\/eqpower.ch\/de\/training\/erfolgsfaktor-emotionale-intelligenz\/","name":"Erfolgsfaktor Emotionale Intelligenz - EQ-Power","isPartOf":{"@id":"https:\/\/eqpower.ch\/#website"},"primaryImageOfPage":{"@id":"https:\/\/eqpower.ch\/de\/training\/erfolgsfaktor-emotionale-intelligenz\/#primaryimage"},"image":{"@id":"https:\/\/eqpower.ch\/de\/training\/erfolgsfaktor-emotionale-intelligenz\/#primaryimage"},"thumbnailUrl":"https:\/\/eqpower.ch\/wp-content\/uploads\/2023\/02\/Gruppe-86.png","datePublished":"2022-12-30T09:10:54+00:00","dateModified":"2023-02-15T19:00:24+00:00","breadcrumb":{"@id":"https:\/\/eqpower.ch\/de\/training\/erfolgsfaktor-emotionale-intelligenz\/#breadcrumb"},"inLanguage":"en-GB","potentialAction":[{"@type":"ReadAction","target":["https:\/\/eqpower.ch\/de\/training\/erfolgsfaktor-emotionale-intelligenz\/"]}]},{"@type":"ImageObject","inLanguage":"en-GB","@id":"https:\/\/eqpower.ch\/de\/training\/erfolgsfaktor-emotionale-intelligenz\/#primaryimage","url":"https:\/\/eqpower.ch\/wp-content\/uploads\/2023\/02\/Gruppe-86.png","contentUrl":"https:\/\/eqpower.ch\/wp-content\/uploads\/2023\/02\/Gruppe-86.png"},{"@type":"BreadcrumbList","@id":"https:\/\/eqpower.ch\/de\/training\/erfolgsfaktor-emotionale-intelligenz\/#breadcrumb","itemListElement":[{"@type":"ListItem","position":1,"name":"Home","item":"https:\/\/eqpower.ch\/"},{"@type":"ListItem","position":2,"name":"Training","item":"https:\/\/eqpower.ch\/de\/training\/"},{"@type":"ListItem","position":3,"name":"Erfolgsfaktor Emotionale Intelligenz"}]},{"@type":"WebSite","@id":"https:\/\/eqpower.ch\/#website","url":"https:\/\/eqpower.ch\/","name":"EQ-Power","description":"emotionally smart","publisher":{"@id":"https:\/\/eqpower.ch\/#organization"},"potentialAction":[{"@type":"SearchAction","target":{"@type":"EntryPoint","urlTemplate":"https:\/\/eqpower.ch\/?s={search_term_string}"},"query-input":{"@type":"PropertyValueSpecification","valueRequired":true,"valueName":"search_term_string"}}],"inLanguage":"en-GB"},{"@type":"Organization","@id":"https:\/\/eqpower.ch\/#organization","name":"EQ-Power","url":"https:\/\/eqpower.ch\/","logo":{"@type":"ImageObject","inLanguage":"en-GB","@id":"https:\/\/eqpower.ch\/#\/schema\/logo\/image\/","url":"https:\/\/eqpower.ch\/wp-content\/uploads\/2022\/12\/EQpower_big_cmyk-Neu.png","contentUrl":"https:\/\/eqpower.ch\/wp-content\/uploads\/2022\/12\/EQpower_big_cmyk-Neu.png","width":3175,"height":705,"caption":"EQ-Power"},"image":{"@id":"https:\/\/eqpower.ch\/#\/schema\/logo\/image\/"}}]}},"_links":{"self":[{"href":"https:\/\/eqpower.ch\/en\/wp-json\/wp\/v2\/pages\/1147","targetHints":{"allow":["GET"]}}],"collection":[{"href":"https:\/\/eqpower.ch\/en\/wp-json\/wp\/v2\/pages"}],"about":[{"href":"https:\/\/eqpower.ch\/en\/wp-json\/wp\/v2\/types\/page"}],"author":[{"embeddable":true,"href":"https:\/\/eqpower.ch\/en\/wp-json\/wp\/v2\/users\/1"}],"replies":[{"embeddable":true,"href":"https:\/\/eqpower.ch\/en\/wp-json\/wp\/v2\/comments?post=1147"}],"version-history":[{"count":5,"href":"https:\/\/eqpower.ch\/en\/wp-json\/wp\/v2\/pages\/1147\/revisions"}],"predecessor-version":[{"id":6694,"href":"https:\/\/eqpower.ch\/en\/wp-json\/wp\/v2\/pages\/1147\/revisions\/6694"}],"up":[{"embeddable":true,"href":"https:\/\/eqpower.ch\/en\/wp-json\/wp\/v2\/pages\/35"}],"wp:attachment":[{"href":"https:\/\/eqpower.ch\/en\/wp-json\/wp\/v2\/media?parent=1147"}],"curies":[{"name":"wp","href":"https:\/\/api.w.org\/{rel}","templated":true}]}}