{"id":542,"date":"2022-12-28T10:11:01","date_gmt":"2022-12-28T09:11:01","guid":{"rendered":"https:\/\/eqpower.ch\/?page_id=542"},"modified":"2026-04-02T17:31:56","modified_gmt":"2026-04-02T15:31:56","slug":"certification","status":"publish","type":"page","link":"https:\/\/eqpower.ch\/de\/certification\/","title":{"rendered":"Certification"},"content":{"rendered":"\t\t<div data-elementor-type=\"wp-page\" data-elementor-id=\"542\" class=\"elementor elementor-542\" data-elementor-post-type=\"page\">\n\t\t\t\t\t\t<section class=\"elementor-section elementor-top-section elementor-element elementor-element-1d6b6b7 elementor-section-height-min-height elementor-section-boxed elementor-section-height-default elementor-section-items-middle\" data-id=\"1d6b6b7\" data-element_type=\"section\" data-settings=\"{&quot;background_background&quot;:&quot;classic&quot;}\">\n\t\t\t\t\t\t\t<div class=\"elementor-background-overlay\"><\/div>\n\t\t\t\t\t\t\t<div class=\"elementor-container elementor-column-gap-default\">\n\t\t\t\t\t<div class=\"elementor-column elementor-col-100 elementor-top-column elementor-element elementor-element-912d5ef\" data-id=\"912d5ef\" data-element_type=\"column\">\n\t\t\t<div class=\"elementor-widget-wrap elementor-element-populated\">\n\t\t\t\t\t\t<div class=\"elementor-element elementor-element-bf1799f elementor-widget elementor-widget-image\" data-id=\"bf1799f\" data-element_type=\"widget\" data-widget_type=\"image.default\">\n\t\t\t\t<div class=\"elementor-widget-container\">\n\t\t\t\t\t\t\t\t\t\t\t\t\t\t\t<img fetchpriority=\"high\" decoding=\"async\" width=\"700\" height=\"700\" src=\"https:\/\/eqpower.ch\/wp-content\/uploads\/2023\/02\/Gruppe-87.png\" class=\"attachment-large size-large wp-image-6326\" alt=\"\" srcset=\"https:\/\/eqpower.ch\/wp-content\/uploads\/2023\/02\/Gruppe-87.png 700w, https:\/\/eqpower.ch\/wp-content\/uploads\/2023\/02\/Gruppe-87-300x300.png 300w, https:\/\/eqpower.ch\/wp-content\/uploads\/2023\/02\/Gruppe-87-150x150.png 150w, https:\/\/eqpower.ch\/wp-content\/uploads\/2023\/02\/Gruppe-87-12x12.png 12w\" sizes=\"(max-width: 700px) 100vw, 700px\" \/>\t\t\t\t\t\t\t\t\t\t\t\t\t\t\t<\/div>\n\t\t\t\t<\/div>\n\t\t\t\t\t<\/div>\n\t\t<\/div>\n\t\t\t\t\t<\/div>\n\t\t<\/section>\n\t\t\t\t<section class=\"elementor-section elementor-top-section elementor-element elementor-element-8620506 elementor-section-boxed elementor-section-height-default elementor-section-height-default\" data-id=\"8620506\" data-element_type=\"section\">\n\t\t\t\t\t\t<div class=\"elementor-container elementor-column-gap-default\">\n\t\t\t\t\t<div class=\"elementor-column elementor-col-100 elementor-top-column elementor-element elementor-element-4fc932a\" data-id=\"4fc932a\" data-element_type=\"column\">\n\t\t\t<div class=\"elementor-widget-wrap elementor-element-populated\">\n\t\t\t\t\t\t<div class=\"elementor-element elementor-element-aa1fecf h1-fontss h1 elementor-widget elementor-widget-heading\" data-id=\"aa1fecf\" data-element_type=\"widget\" data-widget_type=\"heading.default\">\n\t\t\t\t<div class=\"elementor-widget-container\">\n\t\t\t\t\t<h1 class=\"elementor-heading-title elementor-size-default\">EQ-i 2.0 und EQ 360 Zertifizierungsprogramm\u00a0<\/h1>\t\t\t\t<\/div>\n\t\t\t\t<\/div>\n\t\t\t\t\t<\/div>\n\t\t<\/div>\n\t\t\t\t\t<\/div>\n\t\t<\/section>\n\t\t\t\t<section class=\"elementor-section elementor-top-section elementor-element elementor-element-e595641 elementor-section-boxed elementor-section-height-default elementor-section-height-default\" data-id=\"e595641\" data-element_type=\"section\">\n\t\t\t\t\t\t<div class=\"elementor-container elementor-column-gap-default\">\n\t\t\t\t\t<div class=\"elementor-column elementor-col-50 elementor-top-column elementor-element elementor-element-35014ff\" data-id=\"35014ff\" data-element_type=\"column\">\n\t\t\t<div class=\"elementor-widget-wrap elementor-element-populated\">\n\t\t\t\t\t\t<div class=\"elementor-element elementor-element-89f91a2 elementor-widget elementor-widget-text-editor\" data-id=\"89f91a2\" data-element_type=\"widget\" data-widget_type=\"text-editor.default\">\n\t\t\t\t<div class=\"elementor-widget-container\">\n\t\t\t\t\t\t\t\t\t<p>Ob als Coach oder HR-Spezialist, der die Kunden bzw. Mitarbeitende in ihrer Pers\u00f6nlichkeitsentwicklung und Leadership unterst\u00fctzt, die EQ-i\u00a02.0 und EQ 360 Assessments helfen Ihnen in Ihrer T\u00e4tigkeit.\u00a0Die EQ-i\u00a02.0 und EQ 360 bringen Ihnen die wissenschaftlichen Erkenntnisse \u00fcber Emotionale Intelligenz auf eine kompakte und zug\u00e4ngliche Art, die Sie strukturiert und konsequent f\u00fcr Ihre Kunden nutzen k\u00f6nnen.<\/p><p>\u00a0<\/p><p>Die Zertifizierung kann individuell oder in Gruppen, auf Deutsch oder Englisch sowie angepasst an das Kundendatum durchgef\u00fchrt werden. Der Preis betr\u00e4gt CHF 1\u2019800.\u00a0<a href=\"https:\/\/eqpower.ch\/wp-content\/uploads\/2024\/03\/EQ-i-2.0-360-Zertifikation.pdf\">Weitere Details sind in der Brosch\u00fcre ersichtlich.<\/a><\/p>\t\t\t\t\t\t\t\t<\/div>\n\t\t\t\t<\/div>\n\t\t\t\t\t<\/div>\n\t\t<\/div>\n\t\t\t\t<div class=\"elementor-column elementor-col-50 elementor-top-column elementor-element elementor-element-28874d9\" data-id=\"28874d9\" data-element_type=\"column\">\n\t\t\t<div class=\"elementor-widget-wrap elementor-element-populated\">\n\t\t\t\t\t\t<div class=\"elementor-element elementor-element-69bd84f elementor-widget elementor-widget-image\" data-id=\"69bd84f\" data-element_type=\"widget\" data-widget_type=\"image.default\">\n\t\t\t\t<div class=\"elementor-widget-container\">\n\t\t\t\t\t\t\t\t\t\t\t\t\t\t\t<img decoding=\"async\" width=\"262\" height=\"102\" src=\"https:\/\/eqpower.ch\/wp-content\/uploads\/2022\/12\/imgpsh_fullsize_anim-8.png\" class=\"attachment-large size-large wp-image-553\" alt=\"\" \/>\t\t\t\t\t\t\t\t\t\t\t\t\t\t\t<\/div>\n\t\t\t\t<\/div>\n\t\t\t\t<div class=\"elementor-element elementor-element-9d8ae69 elementor-widget elementor-widget-image\" data-id=\"9d8ae69\" data-element_type=\"widget\" data-widget_type=\"image.default\">\n\t\t\t\t<div class=\"elementor-widget-container\">\n\t\t\t\t\t\t\t\t\t\t\t\t\t\t\t<img decoding=\"async\" width=\"280\" height=\"105\" src=\"https:\/\/eqpower.ch\/wp-content\/uploads\/2023\/01\/imgpsh_fullsize_anim-17.png\" class=\"attachment-large size-large wp-image-3731\" alt=\"\" \/>\t\t\t\t\t\t\t\t\t\t\t\t\t\t\t<\/div>\n\t\t\t\t<\/div>\n\t\t\t\t\t<\/div>\n\t\t<\/div>\n\t\t\t\t\t<\/div>\n\t\t<\/section>\n\t\t\t\t<section class=\"elementor-section elementor-top-section elementor-element elementor-element-a6cadb8 elementor-section-boxed elementor-section-height-default elementor-section-height-default\" data-id=\"a6cadb8\" data-element_type=\"section\">\n\t\t\t\t\t\t<div class=\"elementor-container elementor-column-gap-default\">\n\t\t\t\t\t<div class=\"elementor-column elementor-col-50 elementor-top-column elementor-element elementor-element-33d1da5\" data-id=\"33d1da5\" data-element_type=\"column\">\n\t\t\t<div class=\"elementor-widget-wrap elementor-element-populated\">\n\t\t\t\t\t\t<div class=\"elementor-element elementor-element-224abba padd elementor-widget elementor-widget-heading\" data-id=\"224abba\" data-element_type=\"widget\" data-widget_type=\"heading.default\">\n\t\t\t\t<div class=\"elementor-widget-container\">\n\t\t\t\t\t<h2 class=\"elementor-heading-title elementor-size-default\">Am Ende des Zertifizierungsprogramms k\u00f6nnen Sie <\/h2>\t\t\t\t<\/div>\n\t\t\t\t<\/div>\n\t\t\t\t<div class=\"elementor-element elementor-element-9dc367d elementor-widget elementor-widget-text-editor\" data-id=\"9dc367d\" data-element_type=\"widget\" data-widget_type=\"text-editor.default\">\n\t\t\t\t<div class=\"elementor-widget-container\">\n\t\t\t\t\t\t\t\t\t<ul>\n \t<li class=\"padd\">das Konzept der Emotionalen Intelligenz und seine Bedeutung definieren<\/li>\n \t<li class=\"padd\">den wissenschaftlichen Hintergrund des EQ-i 2.0-\nAssessments verstehen,<\/li>\n \t<li class=\"padd\">die Komponenten des EQ-i 2.0-Modells beschreiben,<\/li>\n \t<li class=\"padd\">die Ergebnisse eines Assessments interpretieren,<\/li>\n \t<li class=\"padd\">ein Auswertungsgespr\u00e4ch anhand einer strukturierten\nVorgehensweise vorbereiten und durchf\u00fchren,<\/li>\n \t<li class=\"padd\">die Vorteile von EI f\u00fcr Ihre Kundengruppen erkl\u00e4ren,<\/li>\n \t<li class=\"padd\">entscheiden, welche Art des Berichts f\u00fcr Ihre Kunden\njeweils geeignet ist.<\/li>\n<\/ul>\t\t\t\t\t\t\t\t<\/div>\n\t\t\t\t<\/div>\n\t\t\t\t\t<\/div>\n\t\t<\/div>\n\t\t\t\t<div class=\"elementor-column elementor-col-50 elementor-top-column elementor-element elementor-element-9b92323 camp\" data-id=\"9b92323\" data-element_type=\"column\">\n\t\t\t<div class=\"elementor-widget-wrap elementor-element-populated\">\n\t\t\t\t\t\t<div class=\"elementor-element elementor-element-e497748 elementor-widget elementor-widget-heading\" data-id=\"e497748\" data-element_type=\"widget\" data-widget_type=\"heading.default\">\n\t\t\t\t<div class=\"elementor-widget-container\">\n\t\t\t\t\t<h2 class=\"elementor-heading-title elementor-size-default\">Zielpublikum<\/h2>\t\t\t\t<\/div>\n\t\t\t\t<\/div>\n\t\t\t\t<div class=\"elementor-element elementor-element-2359d18 elementor-widget elementor-widget-text-editor\" data-id=\"2359d18\" data-element_type=\"widget\" data-widget_type=\"text-editor.default\">\n\t\t\t\t<div class=\"elementor-widget-container\">\n\t\t\t\t\t\t\t\t\t<ul>\n \t<li class=\"padd\">Professionelle Coaches<\/li>\n \t<li class=\"padd\">HR Professionals, mit dem Aufgabenbereich Mitarbeiterf\u00fchrung und Mitarbeiterentwicklung<\/li>\n \t<li class=\"padd\">Trainer, die in die Pers\u00f6nlichkeits- und Management-Entwicklung sowie in das Leadership- Training involviert sind<\/li>\n \t<li>Spezialisten, die Dienstleistungen im Outplacement anbieten<\/li>\n<\/ul>\t\t\t\t\t\t\t\t<\/div>\n\t\t\t\t<\/div>\n\t\t\t\t<div class=\"elementor-element elementor-element-df0837b elementor-position-left elementor-vertical-align-middle elementor-widget elementor-widget-image-box\" data-id=\"df0837b\" data-element_type=\"widget\" data-widget_type=\"image-box.default\">\n\t\t\t\t<div class=\"elementor-widget-container\">\n\t\t\t\t\t<div class=\"elementor-image-box-wrapper\"><figure class=\"elementor-image-box-img\"><a href=\"https:\/\/eqpower.ch\/wp-content\/uploads\/2024\/03\/EQ-i-2.0-360-Zertifikation.pdf\" target=\"_blank\" tabindex=\"-1\"><img loading=\"lazy\" decoding=\"async\" width=\"132\" height=\"198\" src=\"https:\/\/eqpower.ch\/wp-content\/uploads\/2023\/02\/3b517a92f488a8af683ed1d41db10f3e.png\" class=\"attachment-full size-full wp-image-6336\" alt=\"\" srcset=\"https:\/\/eqpower.ch\/wp-content\/uploads\/2023\/02\/3b517a92f488a8af683ed1d41db10f3e.png 132w, https:\/\/eqpower.ch\/wp-content\/uploads\/2023\/02\/3b517a92f488a8af683ed1d41db10f3e-8x12.png 8w\" sizes=\"(max-width: 132px) 100vw, 132px\" \/><\/a><\/figure><div class=\"elementor-image-box-content\"><h3 class=\"elementor-image-box-title\"><a href=\"https:\/\/eqpower.ch\/wp-content\/uploads\/2024\/03\/EQ-i-2.0-360-Zertifikation.pdf\" target=\"_blank\">EQ-i-2.0 & 360 Zertifizierung<\/a><\/h3><\/div><\/div>\t\t\t\t<\/div>\n\t\t\t\t<\/div>\n\t\t\t\t\t<\/div>\n\t\t<\/div>\n\t\t\t\t\t<\/div>\n\t\t<\/section>\n\t\t\t\t<\/div>\n\t\t","protected":false},"excerpt":{"rendered":"<p>EQ-i 2.0 und EQ 360 Zertifizierungsprogramm\u00a0 Ob als Coach oder HR-Spezialist, der die Kunden bzw. Mitarbeitende in ihrer Pers\u00f6nlichkeitsentwicklung und Leadership unterst\u00fctzt, die EQ-i\u00a02.0 und EQ 360 Assessments helfen Ihnen in Ihrer T\u00e4tigkeit.\u00a0Die EQ-i\u00a02.0 und EQ 360 bringen Ihnen die wissenschaftlichen Erkenntnisse \u00fcber Emotionale Intelligenz auf eine kompakte und zug\u00e4ngliche Art, die Sie strukturiert und [&hellip;]<\/p>\n","protected":false},"author":1,"featured_media":0,"parent":0,"menu_order":0,"comment_status":"closed","ping_status":"closed","template":"","meta":{"footnotes":""},"class_list":["post-542","page","type-page","status-publish","hentry"],"yoast_head":"<!-- This site is optimized with the Yoast SEO plugin v25.1 - https:\/\/yoast.com\/wordpress\/plugins\/seo\/ -->\n<title>Certification - EQ-Power<\/title>\n<meta name=\"robots\" content=\"index, follow, max-snippet:-1, max-image-preview:large, max-video-preview:-1\" \/>\n<link rel=\"canonical\" href=\"https:\/\/eqpower.ch\/de\/certification\/\" \/>\n<meta property=\"og:locale\" content=\"de_DE\" \/>\n<meta property=\"og:type\" content=\"article\" \/>\n<meta property=\"og:title\" content=\"Certification - EQ-Power\" \/>\n<meta property=\"og:description\" content=\"EQ-i 2.0 und EQ 360 Zertifizierungsprogramm\u00a0 Ob als Coach oder HR-Spezialist, der die Kunden bzw. Mitarbeitende in ihrer Pers\u00f6nlichkeitsentwicklung und Leadership unterst\u00fctzt, die EQ-i\u00a02.0 und EQ 360 Assessments helfen Ihnen in Ihrer T\u00e4tigkeit.\u00a0Die EQ-i\u00a02.0 und EQ 360 bringen Ihnen die wissenschaftlichen Erkenntnisse \u00fcber Emotionale Intelligenz auf eine kompakte und zug\u00e4ngliche Art, die Sie strukturiert und [&hellip;]\" \/>\n<meta property=\"og:url\" content=\"https:\/\/eqpower.ch\/de\/certification\/\" \/>\n<meta property=\"og:site_name\" content=\"EQ-Power\" \/>\n<meta property=\"article:modified_time\" content=\"2026-04-02T15:31:56+00:00\" \/>\n<meta property=\"og:image\" content=\"https:\/\/eqpower.ch\/wp-content\/uploads\/2023\/02\/Gruppe-87.png\" \/>\n\t<meta property=\"og:image:width\" content=\"700\" \/>\n\t<meta property=\"og:image:height\" content=\"700\" \/>\n\t<meta property=\"og:image:type\" content=\"image\/png\" \/>\n<meta name=\"twitter:card\" content=\"summary_large_image\" \/>\n<meta name=\"twitter:label1\" content=\"Gesch\u00e4tzte Lesezeit\" \/>\n\t<meta name=\"twitter:data1\" content=\"2\u00a0Minuten\" \/>\n<script type=\"application\/ld+json\" class=\"yoast-schema-graph\">{\"@context\":\"https:\/\/schema.org\",\"@graph\":[{\"@type\":\"WebPage\",\"@id\":\"https:\/\/eqpower.ch\/de\/certification\/\",\"url\":\"https:\/\/eqpower.ch\/de\/certification\/\",\"name\":\"Certification - EQ-Power\",\"isPartOf\":{\"@id\":\"https:\/\/eqpower.ch\/#website\"},\"primaryImageOfPage\":{\"@id\":\"https:\/\/eqpower.ch\/de\/certification\/#primaryimage\"},\"image\":{\"@id\":\"https:\/\/eqpower.ch\/de\/certification\/#primaryimage\"},\"thumbnailUrl\":\"https:\/\/eqpower.ch\/wp-content\/uploads\/2023\/02\/Gruppe-87.png\",\"datePublished\":\"2022-12-28T09:11:01+00:00\",\"dateModified\":\"2026-04-02T15:31:56+00:00\",\"breadcrumb\":{\"@id\":\"https:\/\/eqpower.ch\/de\/certification\/#breadcrumb\"},\"inLanguage\":\"de-CH\",\"potentialAction\":[{\"@type\":\"ReadAction\",\"target\":[\"https:\/\/eqpower.ch\/de\/certification\/\"]}]},{\"@type\":\"ImageObject\",\"inLanguage\":\"de-CH\",\"@id\":\"https:\/\/eqpower.ch\/de\/certification\/#primaryimage\",\"url\":\"https:\/\/eqpower.ch\/wp-content\/uploads\/2023\/02\/Gruppe-87.png\",\"contentUrl\":\"https:\/\/eqpower.ch\/wp-content\/uploads\/2023\/02\/Gruppe-87.png\"},{\"@type\":\"BreadcrumbList\",\"@id\":\"https:\/\/eqpower.ch\/de\/certification\/#breadcrumb\",\"itemListElement\":[{\"@type\":\"ListItem\",\"position\":1,\"name\":\"Home\",\"item\":\"https:\/\/eqpower.ch\/\"},{\"@type\":\"ListItem\",\"position\":2,\"name\":\"Certification\"}]},{\"@type\":\"WebSite\",\"@id\":\"https:\/\/eqpower.ch\/#website\",\"url\":\"https:\/\/eqpower.ch\/\",\"name\":\"EQ-Power\",\"description\":\"emotionally smart\",\"publisher\":{\"@id\":\"https:\/\/eqpower.ch\/#organization\"},\"potentialAction\":[{\"@type\":\"SearchAction\",\"target\":{\"@type\":\"EntryPoint\",\"urlTemplate\":\"https:\/\/eqpower.ch\/?s={search_term_string}\"},\"query-input\":{\"@type\":\"PropertyValueSpecification\",\"valueRequired\":true,\"valueName\":\"search_term_string\"}}],\"inLanguage\":\"de-CH\"},{\"@type\":\"Organization\",\"@id\":\"https:\/\/eqpower.ch\/#organization\",\"name\":\"EQ-Power\",\"url\":\"https:\/\/eqpower.ch\/\",\"logo\":{\"@type\":\"ImageObject\",\"inLanguage\":\"de-CH\",\"@id\":\"https:\/\/eqpower.ch\/#\/schema\/logo\/image\/\",\"url\":\"https:\/\/eqpower.ch\/wp-content\/uploads\/2022\/12\/EQpower_big_cmyk-Neu.png\",\"contentUrl\":\"https:\/\/eqpower.ch\/wp-content\/uploads\/2022\/12\/EQpower_big_cmyk-Neu.png\",\"width\":3175,\"height\":705,\"caption\":\"EQ-Power\"},\"image\":{\"@id\":\"https:\/\/eqpower.ch\/#\/schema\/logo\/image\/\"}}]}<\/script>\n<!-- \/ Yoast SEO plugin. -->","yoast_head_json":{"title":"Certification - EQ-Power","robots":{"index":"index","follow":"follow","max-snippet":"max-snippet:-1","max-image-preview":"max-image-preview:large","max-video-preview":"max-video-preview:-1"},"canonical":"https:\/\/eqpower.ch\/de\/certification\/","og_locale":"de_DE","og_type":"article","og_title":"Certification - EQ-Power","og_description":"EQ-i 2.0 und EQ 360 Zertifizierungsprogramm\u00a0 Ob als Coach oder HR-Spezialist, der die Kunden bzw. Mitarbeitende in ihrer Pers\u00f6nlichkeitsentwicklung und Leadership unterst\u00fctzt, die EQ-i\u00a02.0 und EQ 360 Assessments helfen Ihnen in Ihrer T\u00e4tigkeit.\u00a0Die EQ-i\u00a02.0 und EQ 360 bringen Ihnen die wissenschaftlichen Erkenntnisse \u00fcber Emotionale Intelligenz auf eine kompakte und zug\u00e4ngliche Art, die Sie strukturiert und [&hellip;]","og_url":"https:\/\/eqpower.ch\/de\/certification\/","og_site_name":"EQ-Power","article_modified_time":"2026-04-02T15:31:56+00:00","og_image":[{"width":700,"height":700,"url":"https:\/\/eqpower.ch\/wp-content\/uploads\/2023\/02\/Gruppe-87.png","type":"image\/png"}],"twitter_card":"summary_large_image","twitter_misc":{"Gesch\u00e4tzte Lesezeit":"2\u00a0Minuten"},"schema":{"@context":"https:\/\/schema.org","@graph":[{"@type":"WebPage","@id":"https:\/\/eqpower.ch\/de\/certification\/","url":"https:\/\/eqpower.ch\/de\/certification\/","name":"Certification - EQ-Power","isPartOf":{"@id":"https:\/\/eqpower.ch\/#website"},"primaryImageOfPage":{"@id":"https:\/\/eqpower.ch\/de\/certification\/#primaryimage"},"image":{"@id":"https:\/\/eqpower.ch\/de\/certification\/#primaryimage"},"thumbnailUrl":"https:\/\/eqpower.ch\/wp-content\/uploads\/2023\/02\/Gruppe-87.png","datePublished":"2022-12-28T09:11:01+00:00","dateModified":"2026-04-02T15:31:56+00:00","breadcrumb":{"@id":"https:\/\/eqpower.ch\/de\/certification\/#breadcrumb"},"inLanguage":"de-CH","potentialAction":[{"@type":"ReadAction","target":["https:\/\/eqpower.ch\/de\/certification\/"]}]},{"@type":"ImageObject","inLanguage":"de-CH","@id":"https:\/\/eqpower.ch\/de\/certification\/#primaryimage","url":"https:\/\/eqpower.ch\/wp-content\/uploads\/2023\/02\/Gruppe-87.png","contentUrl":"https:\/\/eqpower.ch\/wp-content\/uploads\/2023\/02\/Gruppe-87.png"},{"@type":"BreadcrumbList","@id":"https:\/\/eqpower.ch\/de\/certification\/#breadcrumb","itemListElement":[{"@type":"ListItem","position":1,"name":"Home","item":"https:\/\/eqpower.ch\/"},{"@type":"ListItem","position":2,"name":"Certification"}]},{"@type":"WebSite","@id":"https:\/\/eqpower.ch\/#website","url":"https:\/\/eqpower.ch\/","name":"EQ-Power","description":"emotionally smart","publisher":{"@id":"https:\/\/eqpower.ch\/#organization"},"potentialAction":[{"@type":"SearchAction","target":{"@type":"EntryPoint","urlTemplate":"https:\/\/eqpower.ch\/?s={search_term_string}"},"query-input":{"@type":"PropertyValueSpecification","valueRequired":true,"valueName":"search_term_string"}}],"inLanguage":"de-CH"},{"@type":"Organization","@id":"https:\/\/eqpower.ch\/#organization","name":"EQ-Power","url":"https:\/\/eqpower.ch\/","logo":{"@type":"ImageObject","inLanguage":"de-CH","@id":"https:\/\/eqpower.ch\/#\/schema\/logo\/image\/","url":"https:\/\/eqpower.ch\/wp-content\/uploads\/2022\/12\/EQpower_big_cmyk-Neu.png","contentUrl":"https:\/\/eqpower.ch\/wp-content\/uploads\/2022\/12\/EQpower_big_cmyk-Neu.png","width":3175,"height":705,"caption":"EQ-Power"},"image":{"@id":"https:\/\/eqpower.ch\/#\/schema\/logo\/image\/"}}]}},"_links":{"self":[{"href":"https:\/\/eqpower.ch\/de\/wp-json\/wp\/v2\/pages\/542","targetHints":{"allow":["GET"]}}],"collection":[{"href":"https:\/\/eqpower.ch\/de\/wp-json\/wp\/v2\/pages"}],"about":[{"href":"https:\/\/eqpower.ch\/de\/wp-json\/wp\/v2\/types\/page"}],"author":[{"embeddable":true,"href":"https:\/\/eqpower.ch\/de\/wp-json\/wp\/v2\/users\/1"}],"replies":[{"embeddable":true,"href":"https:\/\/eqpower.ch\/de\/wp-json\/wp\/v2\/comments?post=542"}],"version-history":[{"count":26,"href":"https:\/\/eqpower.ch\/de\/wp-json\/wp\/v2\/pages\/542\/revisions"}],"predecessor-version":[{"id":7119,"href":"https:\/\/eqpower.ch\/de\/wp-json\/wp\/v2\/pages\/542\/revisions\/7119"}],"wp:attachment":[{"href":"https:\/\/eqpower.ch\/de\/wp-json\/wp\/v2\/media?parent=542"}],"curies":[{"name":"wp","href":"https:\/\/api.w.org\/{rel}","templated":true}]}}