{"id":457,"date":"2022-12-27T10:29:12","date_gmt":"2022-12-27T09:29:12","guid":{"rendered":"https:\/\/eqpower.ch\/?page_id=457"},"modified":"2025-07-21T17:41:31","modified_gmt":"2025-07-21T15:41:31","slug":"msciet","status":"publish","type":"page","link":"https:\/\/eqpower.ch\/de\/msciet\/","title":{"rendered":"MSCIET"},"content":{"rendered":"\t\t<div data-elementor-type=\"wp-page\" data-elementor-id=\"457\" class=\"elementor elementor-457\" data-elementor-post-type=\"page\">\n\t\t\t\t\t\t<section class=\"elementor-section elementor-top-section elementor-element elementor-element-0467fd2 elementor-section-height-min-height elementor-section-boxed elementor-section-height-default elementor-section-items-middle\" data-id=\"0467fd2\" data-element_type=\"section\" data-settings=\"{&quot;background_background&quot;:&quot;classic&quot;}\">\n\t\t\t\t\t\t\t<div class=\"elementor-background-overlay\"><\/div>\n\t\t\t\t\t\t\t<div class=\"elementor-container elementor-column-gap-default\">\n\t\t\t\t\t<div class=\"elementor-column elementor-col-100 elementor-top-column elementor-element elementor-element-b085520\" data-id=\"b085520\" data-element_type=\"column\">\n\t\t\t<div class=\"elementor-widget-wrap elementor-element-populated\">\n\t\t\t\t\t\t<div class=\"elementor-element elementor-element-41289f0 elementor-widget elementor-widget-image\" data-id=\"41289f0\" data-element_type=\"widget\" data-widget_type=\"image.default\">\n\t\t\t\t<div class=\"elementor-widget-container\">\n\t\t\t\t\t\t\t\t\t\t\t\t\t\t\t<img fetchpriority=\"high\" decoding=\"async\" width=\"700\" height=\"700\" src=\"https:\/\/eqpower.ch\/wp-content\/uploads\/2023\/02\/Neu-Haupt.png\" class=\"attachment-large size-large wp-image-6263\" alt=\"\" srcset=\"https:\/\/eqpower.ch\/wp-content\/uploads\/2023\/02\/Neu-Haupt.png 700w, https:\/\/eqpower.ch\/wp-content\/uploads\/2023\/02\/Neu-Haupt-300x300.png 300w, https:\/\/eqpower.ch\/wp-content\/uploads\/2023\/02\/Neu-Haupt-150x150.png 150w, https:\/\/eqpower.ch\/wp-content\/uploads\/2023\/02\/Neu-Haupt-12x12.png 12w\" sizes=\"(max-width: 700px) 100vw, 700px\" \/>\t\t\t\t\t\t\t\t\t\t\t\t\t\t\t<\/div>\n\t\t\t\t<\/div>\n\t\t\t\t\t<\/div>\n\t\t<\/div>\n\t\t\t\t\t<\/div>\n\t\t<\/section>\n\t\t\t\t<section class=\"elementor-section elementor-top-section elementor-element elementor-element-64fc8ba elementor-section-boxed elementor-section-height-default elementor-section-height-default\" data-id=\"64fc8ba\" data-element_type=\"section\">\n\t\t\t\t\t\t<div class=\"elementor-container elementor-column-gap-default\">\n\t\t\t\t\t<div class=\"elementor-column elementor-col-100 elementor-top-column elementor-element elementor-element-af8ce02\" data-id=\"af8ce02\" data-element_type=\"column\">\n\t\t\t<div class=\"elementor-widget-wrap elementor-element-populated\">\n\t\t\t\t\t\t<div class=\"elementor-element elementor-element-fc88174 h1-fontss elementor-widget__width-initial elementor-widget elementor-widget-heading\" data-id=\"fc88174\" data-element_type=\"widget\" data-widget_type=\"heading.default\">\n\t\t\t\t<div class=\"elementor-widget-container\">\n\t\t\t\t\t<h1 class=\"elementor-heading-title elementor-size-default\">Mayer-Salovey-Caruso <span style=\"color: #f28c25;\">Emotional<\/span> <span style=\"color: #2498d8;\"> Intelligence<\/span> Test <\/h1>\t\t\t\t<\/div>\n\t\t\t\t<\/div>\n\t\t\t\t\t<\/div>\n\t\t<\/div>\n\t\t\t\t\t<\/div>\n\t\t<\/section>\n\t\t\t\t<section class=\"elementor-section elementor-top-section elementor-element elementor-element-8067aea elementor-section-boxed elementor-section-height-default elementor-section-height-default\" data-id=\"8067aea\" data-element_type=\"section\">\n\t\t\t\t\t\t<div class=\"elementor-container elementor-column-gap-default\">\n\t\t\t\t\t<div class=\"elementor-column elementor-col-50 elementor-top-column elementor-element elementor-element-77b7d93\" data-id=\"77b7d93\" data-element_type=\"column\">\n\t\t\t<div class=\"elementor-widget-wrap elementor-element-populated\">\n\t\t\t\t\t\t<div class=\"elementor-element elementor-element-5e306d8 elementor-widget elementor-widget-text-editor\" data-id=\"5e306d8\" data-element_type=\"widget\" data-widget_type=\"text-editor.default\">\n\t\t\t\t<div class=\"elementor-widget-container\">\n\t\t\t\t\t\t\t\t\t<p>Der Mayer-Salovey-Caruso Emotional Intelligence Test 2.0 (MSCEIT 2.0) wurde entwickelt, um emotionale Intelligenz zu messen, und ist als ein F\u00e4higkeitstest zu betrachten. MSCEIT 2.0 misst die F\u00e4higkeit, Emotionen zu erkennen, zu verstehen, zu nutzen und zu steuern.\u00a0<\/p><p>Diese F\u00e4higkeiten sind sowohl am Arbeitsplatz als auch im Alltag gefragt, ob man nun ein Unternehmen f\u00fchrt oder vor der Frage steht, f\u00fcr welche Feriendestination man sich entscheiden soll. MSCEIT \u2122 z\u00e4hlt zu den wissenschaftlich validierten Instrumenten im Bereich der emotionalen Intelligenz.<\/p>\t\t\t\t\t\t\t\t<\/div>\n\t\t\t\t<\/div>\n\t\t\t\t\t<\/div>\n\t\t<\/div>\n\t\t\t\t<div class=\"elementor-column elementor-col-50 elementor-top-column elementor-element elementor-element-8f3f804\" data-id=\"8f3f804\" data-element_type=\"column\">\n\t\t\t<div class=\"elementor-widget-wrap elementor-element-populated\">\n\t\t\t\t\t\t<div class=\"elementor-element elementor-element-e088e14 elementor-widget elementor-widget-image\" data-id=\"e088e14\" data-element_type=\"widget\" data-widget_type=\"image.default\">\n\t\t\t\t<div class=\"elementor-widget-container\">\n\t\t\t\t\t\t\t\t\t\t\t\t\t\t\t<img decoding=\"async\" width=\"300\" height=\"120\" src=\"https:\/\/eqpower.ch\/wp-content\/uploads\/2025\/07\/msceit2-logo-full.jpg\" class=\"attachment-large size-large wp-image-7054\" alt=\"\" srcset=\"https:\/\/eqpower.ch\/wp-content\/uploads\/2025\/07\/msceit2-logo-full.jpg 300w, https:\/\/eqpower.ch\/wp-content\/uploads\/2025\/07\/msceit2-logo-full-18x7.jpg 18w\" sizes=\"(max-width: 300px) 100vw, 300px\" \/>\t\t\t\t\t\t\t\t\t\t\t\t\t\t\t<\/div>\n\t\t\t\t<\/div>\n\t\t\t\t\t<\/div>\n\t\t<\/div>\n\t\t\t\t\t<\/div>\n\t\t<\/section>\n\t\t\t\t<section class=\"elementor-section elementor-top-section elementor-element elementor-element-c22fe29 elementor-section-boxed elementor-section-height-default elementor-section-height-default\" data-id=\"c22fe29\" data-element_type=\"section\">\n\t\t\t\t\t\t<div class=\"elementor-container elementor-column-gap-default\">\n\t\t\t\t\t<div class=\"elementor-column elementor-col-50 elementor-top-column elementor-element elementor-element-5405e27\" data-id=\"5405e27\" data-element_type=\"column\">\n\t\t\t<div class=\"elementor-widget-wrap elementor-element-populated\">\n\t\t\t\t\t\t<div class=\"elementor-element elementor-element-6995819 elementor-widget elementor-widget-heading\" data-id=\"6995819\" data-element_type=\"widget\" data-widget_type=\"heading.default\">\n\t\t\t\t<div class=\"elementor-widget-container\">\n\t\t\t\t\t<h2 class=\"elementor-heading-title elementor-size-default\">MSCEIT 2.0 besteht aus 94 Fragen, anhand derer sich Kandidaten mit folgenden Aufgaben auseinandersetzen <\/h2>\t\t\t\t<\/div>\n\t\t\t\t<\/div>\n\t\t\t\t<section class=\"elementor-section elementor-inner-section elementor-element elementor-element-4c04f53 elementor-section-boxed elementor-section-height-default elementor-section-height-default\" data-id=\"4c04f53\" data-element_type=\"section\">\n\t\t\t\t\t\t<div class=\"elementor-container elementor-column-gap-default\">\n\t\t\t\t\t<div class=\"elementor-column elementor-col-50 elementor-inner-column elementor-element elementor-element-ff08c30\" data-id=\"ff08c30\" data-element_type=\"column\">\n\t\t\t<div class=\"elementor-widget-wrap elementor-element-populated\">\n\t\t\t\t\t\t<div class=\"elementor-element elementor-element-6030b84 elementor-widget elementor-widget-text-editor\" data-id=\"6030b84\" data-element_type=\"widget\" data-widget_type=\"text-editor.default\">\n\t\t\t\t<div class=\"elementor-widget-container\">\n\t\t\t\t\t\t\t\t\t<ul><li>Emotionen in Geschichtsausdr\u00fccken und in den bestimmten Bildern erkennen<\/li><\/ul>\t\t\t\t\t\t\t\t<\/div>\n\t\t\t\t<\/div>\n\t\t\t\t<div class=\"elementor-element elementor-element-cd6c411 elementor-widget elementor-widget-text-editor\" data-id=\"cd6c411\" data-element_type=\"widget\" data-widget_type=\"text-editor.default\">\n\t\t\t\t<div class=\"elementor-widget-container\">\n\t\t\t\t\t\t\t\t\t<ul><li>Emotionen generieren, die einer Person helfen, ein Problem zu l\u00f6sen, eine Vision kommunizieren und Menschen f\u00fchren<\/li><\/ul>\t\t\t\t\t\t\t\t<\/div>\n\t\t\t\t<\/div>\n\t\t\t\t<div class=\"elementor-element elementor-element-451d7c3 elementor-widget elementor-widget-text-editor\" data-id=\"451d7c3\" data-element_type=\"widget\" data-widget_type=\"text-editor.default\">\n\t\t\t\t<div class=\"elementor-widget-container\">\n\t\t\t\t\t\t\t\t\t<ul><li>Voraussagen, wie jemand sich in bestimmten Situationen emotional f\u00fchlen wird<\/li><\/ul>\t\t\t\t\t\t\t\t<\/div>\n\t\t\t\t<\/div>\n\t\t\t\t<div class=\"elementor-element elementor-element-41f0ba7 elementor-widget elementor-widget-text-editor\" data-id=\"41f0ba7\" data-element_type=\"widget\" data-widget_type=\"text-editor.default\">\n\t\t\t\t<div class=\"elementor-widget-container\">\n\t\t\t\t\t\t\t\t\t<ul><li>Entscheidungen treffen und dabei sowohl rationale \u00dcberlegungen als auch eigene Emotionen ber\u00fccksichtigen.<\/li><\/ul>\t\t\t\t\t\t\t\t<\/div>\n\t\t\t\t<\/div>\n\t\t\t\t\t<\/div>\n\t\t<\/div>\n\t\t\t\t<div class=\"elementor-column elementor-col-50 elementor-inner-column elementor-element elementor-element-29f4a63 vil\" data-id=\"29f4a63\" data-element_type=\"column\">\n\t\t\t<div class=\"elementor-widget-wrap elementor-element-populated\">\n\t\t\t\t\t\t<div class=\"elementor-element elementor-element-bbe0e3d elementor-widget elementor-widget-image\" data-id=\"bbe0e3d\" data-element_type=\"widget\" data-widget_type=\"image.default\">\n\t\t\t\t<div class=\"elementor-widget-container\">\n\t\t\t\t\t\t\t\t\t\t\t\t\t\t\t<img decoding=\"async\" width=\"233\" height=\"300\" src=\"https:\/\/eqpower.ch\/wp-content\/uploads\/2025\/07\/Report-Image-MSCEIT-2.0-233x300.jpg\" class=\"attachment-medium size-medium wp-image-7062\" alt=\"\" srcset=\"https:\/\/eqpower.ch\/wp-content\/uploads\/2025\/07\/Report-Image-MSCEIT-2.0-233x300.jpg 233w, https:\/\/eqpower.ch\/wp-content\/uploads\/2025\/07\/Report-Image-MSCEIT-2.0-9x12.jpg 9w, https:\/\/eqpower.ch\/wp-content\/uploads\/2025\/07\/Report-Image-MSCEIT-2.0.jpg 616w\" sizes=\"(max-width: 233px) 100vw, 233px\" \/>\t\t\t\t\t\t\t\t\t\t\t\t\t\t\t<\/div>\n\t\t\t\t<\/div>\n\t\t\t\t\t<\/div>\n\t\t<\/div>\n\t\t\t\t\t<\/div>\n\t\t<\/section>\n\t\t\t\t\t<\/div>\n\t\t<\/div>\n\t\t\t\t<div class=\"elementor-column elementor-col-50 elementor-top-column elementor-element elementor-element-085118c camp\" data-id=\"085118c\" data-element_type=\"column\">\n\t\t\t<div class=\"elementor-widget-wrap elementor-element-populated\">\n\t\t\t\t\t\t<div class=\"elementor-element elementor-element-eff13e8 elementor-widget elementor-widget-heading\" data-id=\"eff13e8\" data-element_type=\"widget\" data-widget_type=\"heading.default\">\n\t\t\t\t<div class=\"elementor-widget-container\">\n\t\t\t\t\t<h2 class=\"elementor-heading-title elementor-size-default\">Inhalt und Kosten<\/h2>\t\t\t\t<\/div>\n\t\t\t\t<\/div>\n\t\t\t\t<div class=\"elementor-element elementor-element-6e5b4c8 elementor-widget elementor-widget-text-editor\" data-id=\"6e5b4c8\" data-element_type=\"widget\" data-widget_type=\"text-editor.default\">\n\t\t\t\t<div class=\"elementor-widget-container\">\n\t\t\t\t\t\t\t\t\t<ul><li>MSCEIT\u2122 2.0 -Fragebogen (gesch\u00e4tzte ben\u00f6tigte Zeit zum Ausf\u00fcllen: 45 bis 60 Minuten)<\/li><li style=\"padding-top: 10px;\">MSCEIT\u2122 2.0 Bericht<\/li><li style=\"padding-top: 10px;\">Auswertungsgespr\u00e4ch mit zertifiziertem Trainer \u00a0(Dauer: 60 bis 90 Minuten)<\/li><\/ul>\t\t\t\t\t\t\t\t<\/div>\n\t\t\t\t<\/div>\n\t\t\t\t<div class=\"elementor-element elementor-element-21c2864 elementor-widget elementor-widget-heading\" data-id=\"21c2864\" data-element_type=\"widget\" data-widget_type=\"heading.default\">\n\t\t\t\t<div class=\"elementor-widget-container\">\n\t\t\t\t\t<h2 class=\"elementor-heading-title elementor-size-default\">Preis: 370.- CHF<\/h2>\t\t\t\t<\/div>\n\t\t\t\t<\/div>\n\t\t\t\t<div class=\"elementor-element elementor-element-a5bc80e elementor-position-left elementor-vertical-align-middle elementor-widget elementor-widget-image-box\" data-id=\"a5bc80e\" data-element_type=\"widget\" data-widget_type=\"image-box.default\">\n\t\t\t\t<div class=\"elementor-widget-container\">\n\t\t\t\t\t<div class=\"elementor-image-box-wrapper\"><figure class=\"elementor-image-box-img\"><a href=\"https:\/\/eqpower.ch\/wp-content\/uploads\/2025\/07\/MSCEIT-2-Client-Chen-Sample.pdf\" target=\"_blank\" tabindex=\"-1\"><img loading=\"lazy\" decoding=\"async\" width=\"132\" height=\"198\" src=\"https:\/\/eqpower.ch\/wp-content\/uploads\/2023\/02\/3b517a92f488a8af683ed1d41db10f3e.png\" class=\"attachment-full size-full wp-image-6336\" alt=\"\" srcset=\"https:\/\/eqpower.ch\/wp-content\/uploads\/2023\/02\/3b517a92f488a8af683ed1d41db10f3e.png 132w, https:\/\/eqpower.ch\/wp-content\/uploads\/2023\/02\/3b517a92f488a8af683ed1d41db10f3e-8x12.png 8w\" sizes=\"(max-width: 132px) 100vw, 132px\" \/><\/a><\/figure><div class=\"elementor-image-box-content\"><h3 class=\"elementor-image-box-title\"><a href=\"https:\/\/eqpower.ch\/wp-content\/uploads\/2025\/07\/MSCEIT-2-Client-Chen-Sample.pdf\" target=\"_blank\">MSCEIT 2.0  Bericht download<\/a><\/h3><\/div><\/div>\t\t\t\t<\/div>\n\t\t\t\t<\/div>\n\t\t\t\t\t<\/div>\n\t\t<\/div>\n\t\t\t\t\t<\/div>\n\t\t<\/section>\n\t\t\t\t<\/div>\n\t\t","protected":false},"excerpt":{"rendered":"<p>Mayer-Salovey-Caruso Emotional Intelligence Test Der Mayer-Salovey-Caruso Emotional Intelligence Test 2.0 (MSCEIT 2.0) wurde entwickelt, um emotionale Intelligenz zu messen, und ist als ein F\u00e4higkeitstest zu betrachten. MSCEIT 2.0 misst die F\u00e4higkeit, Emotionen zu erkennen, zu verstehen, zu nutzen und zu steuern.\u00a0 Diese F\u00e4higkeiten sind sowohl am Arbeitsplatz als auch im Alltag gefragt, ob man nun [&hellip;]<\/p>\n","protected":false},"author":1,"featured_media":0,"parent":0,"menu_order":0,"comment_status":"closed","ping_status":"closed","template":"","meta":{"footnotes":""},"class_list":["post-457","page","type-page","status-publish","hentry"],"yoast_head":"<!-- This site is optimized with the Yoast SEO plugin v25.1 - https:\/\/yoast.com\/wordpress\/plugins\/seo\/ -->\n<title>MSCIET - EQ-Power<\/title>\n<meta name=\"robots\" content=\"index, follow, max-snippet:-1, max-image-preview:large, max-video-preview:-1\" \/>\n<link rel=\"canonical\" href=\"https:\/\/eqpower.ch\/de\/msciet\/\" \/>\n<meta property=\"og:locale\" content=\"de_DE\" \/>\n<meta property=\"og:type\" content=\"article\" \/>\n<meta property=\"og:title\" content=\"MSCIET - EQ-Power\" \/>\n<meta property=\"og:description\" content=\"Mayer-Salovey-Caruso Emotional Intelligence Test Der Mayer-Salovey-Caruso Emotional Intelligence Test 2.0 (MSCEIT 2.0) wurde entwickelt, um emotionale Intelligenz zu messen, und ist als ein F\u00e4higkeitstest zu betrachten. MSCEIT 2.0 misst die F\u00e4higkeit, Emotionen zu erkennen, zu verstehen, zu nutzen und zu steuern.\u00a0 Diese F\u00e4higkeiten sind sowohl am Arbeitsplatz als auch im Alltag gefragt, ob man nun [&hellip;]\" \/>\n<meta property=\"og:url\" content=\"https:\/\/eqpower.ch\/de\/msciet\/\" \/>\n<meta property=\"og:site_name\" content=\"EQ-Power\" \/>\n<meta property=\"article:modified_time\" content=\"2025-07-21T15:41:31+00:00\" \/>\n<meta property=\"og:image\" content=\"https:\/\/eqpower.ch\/wp-content\/uploads\/2023\/02\/Neu-Haupt.png\" \/>\n\t<meta property=\"og:image:width\" content=\"700\" \/>\n\t<meta property=\"og:image:height\" content=\"700\" \/>\n\t<meta property=\"og:image:type\" content=\"image\/png\" \/>\n<meta name=\"twitter:card\" content=\"summary_large_image\" \/>\n<meta name=\"twitter:label1\" content=\"Gesch\u00e4tzte Lesezeit\" \/>\n\t<meta name=\"twitter:data1\" content=\"2\u00a0Minuten\" \/>\n<script type=\"application\/ld+json\" class=\"yoast-schema-graph\">{\"@context\":\"https:\/\/schema.org\",\"@graph\":[{\"@type\":\"WebPage\",\"@id\":\"https:\/\/eqpower.ch\/msciet\/\",\"url\":\"https:\/\/eqpower.ch\/msciet\/\",\"name\":\"MSCIET - EQ-Power\",\"isPartOf\":{\"@id\":\"https:\/\/eqpower.ch\/#website\"},\"primaryImageOfPage\":{\"@id\":\"https:\/\/eqpower.ch\/msciet\/#primaryimage\"},\"image\":{\"@id\":\"https:\/\/eqpower.ch\/msciet\/#primaryimage\"},\"thumbnailUrl\":\"https:\/\/eqpower.ch\/wp-content\/uploads\/2023\/02\/Neu-Haupt.png\",\"datePublished\":\"2022-12-27T09:29:12+00:00\",\"dateModified\":\"2025-07-21T15:41:31+00:00\",\"breadcrumb\":{\"@id\":\"https:\/\/eqpower.ch\/msciet\/#breadcrumb\"},\"inLanguage\":\"de-CH\",\"potentialAction\":[{\"@type\":\"ReadAction\",\"target\":[\"https:\/\/eqpower.ch\/msciet\/\"]}]},{\"@type\":\"ImageObject\",\"inLanguage\":\"de-CH\",\"@id\":\"https:\/\/eqpower.ch\/msciet\/#primaryimage\",\"url\":\"https:\/\/eqpower.ch\/wp-content\/uploads\/2023\/02\/Neu-Haupt.png\",\"contentUrl\":\"https:\/\/eqpower.ch\/wp-content\/uploads\/2023\/02\/Neu-Haupt.png\"},{\"@type\":\"BreadcrumbList\",\"@id\":\"https:\/\/eqpower.ch\/msciet\/#breadcrumb\",\"itemListElement\":[{\"@type\":\"ListItem\",\"position\":1,\"name\":\"Home\",\"item\":\"https:\/\/eqpower.ch\/\"},{\"@type\":\"ListItem\",\"position\":2,\"name\":\"MSCIET\"}]},{\"@type\":\"WebSite\",\"@id\":\"https:\/\/eqpower.ch\/#website\",\"url\":\"https:\/\/eqpower.ch\/\",\"name\":\"EQ-Power\",\"description\":\"emotionally smart\",\"publisher\":{\"@id\":\"https:\/\/eqpower.ch\/#organization\"},\"potentialAction\":[{\"@type\":\"SearchAction\",\"target\":{\"@type\":\"EntryPoint\",\"urlTemplate\":\"https:\/\/eqpower.ch\/?s={search_term_string}\"},\"query-input\":{\"@type\":\"PropertyValueSpecification\",\"valueRequired\":true,\"valueName\":\"search_term_string\"}}],\"inLanguage\":\"de-CH\"},{\"@type\":\"Organization\",\"@id\":\"https:\/\/eqpower.ch\/#organization\",\"name\":\"EQ-Power\",\"url\":\"https:\/\/eqpower.ch\/\",\"logo\":{\"@type\":\"ImageObject\",\"inLanguage\":\"de-CH\",\"@id\":\"https:\/\/eqpower.ch\/#\/schema\/logo\/image\/\",\"url\":\"https:\/\/eqpower.ch\/wp-content\/uploads\/2022\/12\/EQpower_big_cmyk-Neu.png\",\"contentUrl\":\"https:\/\/eqpower.ch\/wp-content\/uploads\/2022\/12\/EQpower_big_cmyk-Neu.png\",\"width\":3175,\"height\":705,\"caption\":\"EQ-Power\"},\"image\":{\"@id\":\"https:\/\/eqpower.ch\/#\/schema\/logo\/image\/\"}}]}<\/script>\n<!-- \/ Yoast SEO plugin. -->","yoast_head_json":{"title":"MSCIET - EQ-Power","robots":{"index":"index","follow":"follow","max-snippet":"max-snippet:-1","max-image-preview":"max-image-preview:large","max-video-preview":"max-video-preview:-1"},"canonical":"https:\/\/eqpower.ch\/de\/msciet\/","og_locale":"de_DE","og_type":"article","og_title":"MSCIET - EQ-Power","og_description":"Mayer-Salovey-Caruso Emotional Intelligence Test Der Mayer-Salovey-Caruso Emotional Intelligence Test 2.0 (MSCEIT 2.0) wurde entwickelt, um emotionale Intelligenz zu messen, und ist als ein F\u00e4higkeitstest zu betrachten. MSCEIT 2.0 misst die F\u00e4higkeit, Emotionen zu erkennen, zu verstehen, zu nutzen und zu steuern.\u00a0 Diese F\u00e4higkeiten sind sowohl am Arbeitsplatz als auch im Alltag gefragt, ob man nun [&hellip;]","og_url":"https:\/\/eqpower.ch\/de\/msciet\/","og_site_name":"EQ-Power","article_modified_time":"2025-07-21T15:41:31+00:00","og_image":[{"width":700,"height":700,"url":"https:\/\/eqpower.ch\/wp-content\/uploads\/2023\/02\/Neu-Haupt.png","type":"image\/png"}],"twitter_card":"summary_large_image","twitter_misc":{"Gesch\u00e4tzte Lesezeit":"2\u00a0Minuten"},"schema":{"@context":"https:\/\/schema.org","@graph":[{"@type":"WebPage","@id":"https:\/\/eqpower.ch\/msciet\/","url":"https:\/\/eqpower.ch\/msciet\/","name":"MSCIET - EQ-Power","isPartOf":{"@id":"https:\/\/eqpower.ch\/#website"},"primaryImageOfPage":{"@id":"https:\/\/eqpower.ch\/msciet\/#primaryimage"},"image":{"@id":"https:\/\/eqpower.ch\/msciet\/#primaryimage"},"thumbnailUrl":"https:\/\/eqpower.ch\/wp-content\/uploads\/2023\/02\/Neu-Haupt.png","datePublished":"2022-12-27T09:29:12+00:00","dateModified":"2025-07-21T15:41:31+00:00","breadcrumb":{"@id":"https:\/\/eqpower.ch\/msciet\/#breadcrumb"},"inLanguage":"de-CH","potentialAction":[{"@type":"ReadAction","target":["https:\/\/eqpower.ch\/msciet\/"]}]},{"@type":"ImageObject","inLanguage":"de-CH","@id":"https:\/\/eqpower.ch\/msciet\/#primaryimage","url":"https:\/\/eqpower.ch\/wp-content\/uploads\/2023\/02\/Neu-Haupt.png","contentUrl":"https:\/\/eqpower.ch\/wp-content\/uploads\/2023\/02\/Neu-Haupt.png"},{"@type":"BreadcrumbList","@id":"https:\/\/eqpower.ch\/msciet\/#breadcrumb","itemListElement":[{"@type":"ListItem","position":1,"name":"Home","item":"https:\/\/eqpower.ch\/"},{"@type":"ListItem","position":2,"name":"MSCIET"}]},{"@type":"WebSite","@id":"https:\/\/eqpower.ch\/#website","url":"https:\/\/eqpower.ch\/","name":"EQ-Power","description":"emotionally smart","publisher":{"@id":"https:\/\/eqpower.ch\/#organization"},"potentialAction":[{"@type":"SearchAction","target":{"@type":"EntryPoint","urlTemplate":"https:\/\/eqpower.ch\/?s={search_term_string}"},"query-input":{"@type":"PropertyValueSpecification","valueRequired":true,"valueName":"search_term_string"}}],"inLanguage":"de-CH"},{"@type":"Organization","@id":"https:\/\/eqpower.ch\/#organization","name":"EQ-Power","url":"https:\/\/eqpower.ch\/","logo":{"@type":"ImageObject","inLanguage":"de-CH","@id":"https:\/\/eqpower.ch\/#\/schema\/logo\/image\/","url":"https:\/\/eqpower.ch\/wp-content\/uploads\/2022\/12\/EQpower_big_cmyk-Neu.png","contentUrl":"https:\/\/eqpower.ch\/wp-content\/uploads\/2022\/12\/EQpower_big_cmyk-Neu.png","width":3175,"height":705,"caption":"EQ-Power"},"image":{"@id":"https:\/\/eqpower.ch\/#\/schema\/logo\/image\/"}}]}},"_links":{"self":[{"href":"https:\/\/eqpower.ch\/de\/wp-json\/wp\/v2\/pages\/457","targetHints":{"allow":["GET"]}}],"collection":[{"href":"https:\/\/eqpower.ch\/de\/wp-json\/wp\/v2\/pages"}],"about":[{"href":"https:\/\/eqpower.ch\/de\/wp-json\/wp\/v2\/types\/page"}],"author":[{"embeddable":true,"href":"https:\/\/eqpower.ch\/de\/wp-json\/wp\/v2\/users\/1"}],"replies":[{"embeddable":true,"href":"https:\/\/eqpower.ch\/de\/wp-json\/wp\/v2\/comments?post=457"}],"version-history":[{"count":17,"href":"https:\/\/eqpower.ch\/de\/wp-json\/wp\/v2\/pages\/457\/revisions"}],"predecessor-version":[{"id":7065,"href":"https:\/\/eqpower.ch\/de\/wp-json\/wp\/v2\/pages\/457\/revisions\/7065"}],"wp:attachment":[{"href":"https:\/\/eqpower.ch\/de\/wp-json\/wp\/v2\/media?parent=457"}],"curies":[{"name":"wp","href":"https:\/\/api.w.org\/{rel}","templated":true}]}}