{"id":36,"date":"2022-12-21T06:57:04","date_gmt":"2022-12-21T05:57:04","guid":{"rendered":"https:\/\/eqpower.ch\/?page_id=36"},"modified":"2023-03-23T14:24:48","modified_gmt":"2023-03-23T13:24:48","slug":"coaching","status":"publish","type":"page","link":"https:\/\/eqpower.ch\/de\/coaching\/","title":{"rendered":"Coaching"},"content":{"rendered":"\t\t<div data-elementor-type=\"wp-page\" data-elementor-id=\"36\" class=\"elementor elementor-36\" data-elementor-post-type=\"page\">\n\t\t\t\t\t\t<section class=\"elementor-section elementor-top-section elementor-element elementor-element-5843816 elementor-section-height-min-height elementor-section-boxed elementor-section-height-default elementor-section-items-middle\" data-id=\"5843816\" data-element_type=\"section\" data-settings=\"{&quot;background_background&quot;:&quot;classic&quot;}\">\n\t\t\t\t\t\t\t<div class=\"elementor-background-overlay\"><\/div>\n\t\t\t\t\t\t\t<div class=\"elementor-container elementor-column-gap-default\">\n\t\t\t\t\t<div class=\"elementor-column elementor-col-100 elementor-top-column elementor-element elementor-element-1ba0b2d\" data-id=\"1ba0b2d\" data-element_type=\"column\">\n\t\t\t<div class=\"elementor-widget-wrap elementor-element-populated\">\n\t\t\t\t\t\t<div class=\"elementor-element elementor-element-5cd4243 elementor-widget elementor-widget-image\" data-id=\"5cd4243\" data-element_type=\"widget\" data-widget_type=\"image.default\">\n\t\t\t\t<div class=\"elementor-widget-container\">\n\t\t\t\t\t\t\t\t\t\t\t\t\t\t\t<img fetchpriority=\"high\" decoding=\"async\" width=\"700\" height=\"700\" src=\"https:\/\/eqpower.ch\/wp-content\/uploads\/2023\/02\/Haupt-1.png\" class=\"attachment-large size-large wp-image-6301\" alt=\"\" srcset=\"https:\/\/eqpower.ch\/wp-content\/uploads\/2023\/02\/Haupt-1.png 700w, https:\/\/eqpower.ch\/wp-content\/uploads\/2023\/02\/Haupt-1-300x300.png 300w, https:\/\/eqpower.ch\/wp-content\/uploads\/2023\/02\/Haupt-1-150x150.png 150w, https:\/\/eqpower.ch\/wp-content\/uploads\/2023\/02\/Haupt-1-12x12.png 12w\" sizes=\"(max-width: 700px) 100vw, 700px\" \/>\t\t\t\t\t\t\t\t\t\t\t\t\t\t\t<\/div>\n\t\t\t\t<\/div>\n\t\t\t\t\t<\/div>\n\t\t<\/div>\n\t\t\t\t\t<\/div>\n\t\t<\/section>\n\t\t\t\t<section class=\"elementor-section elementor-top-section elementor-element elementor-element-ae67d83 elementor-section-boxed elementor-section-height-default elementor-section-height-default\" data-id=\"ae67d83\" data-element_type=\"section\">\n\t\t\t\t\t\t<div class=\"elementor-container elementor-column-gap-default\">\n\t\t\t\t\t<div class=\"elementor-column elementor-col-100 elementor-top-column elementor-element elementor-element-d763512\" data-id=\"d763512\" data-element_type=\"column\">\n\t\t\t<div class=\"elementor-widget-wrap elementor-element-populated\">\n\t\t\t\t\t\t<div class=\"elementor-element elementor-element-5029ae5 h1-fontss h1 elementor-widget elementor-widget-heading\" data-id=\"5029ae5\" data-element_type=\"widget\" data-widget_type=\"heading.default\">\n\t\t\t\t<div class=\"elementor-widget-container\">\n\t\t\t\t\t<h1 class=\"elementor-heading-title elementor-size-default\">Coaching<\/h1>\t\t\t\t<\/div>\n\t\t\t\t<\/div>\n\t\t\t\t\t<\/div>\n\t\t<\/div>\n\t\t\t\t\t<\/div>\n\t\t<\/section>\n\t\t\t\t<section class=\"elementor-section elementor-top-section elementor-element elementor-element-9f2f1f0 elementor-section-boxed elementor-section-height-default elementor-section-height-default\" data-id=\"9f2f1f0\" data-element_type=\"section\">\n\t\t\t\t\t\t<div class=\"elementor-container elementor-column-gap-default\">\n\t\t\t\t\t<div class=\"elementor-column elementor-col-50 elementor-top-column elementor-element elementor-element-6b27ab0\" data-id=\"6b27ab0\" data-element_type=\"column\">\n\t\t\t<div class=\"elementor-widget-wrap elementor-element-populated\">\n\t\t\t\t\t\t<div class=\"elementor-element elementor-element-25454b4 elementor-widget elementor-widget-text-editor\" data-id=\"25454b4\" data-element_type=\"widget\" data-widget_type=\"text-editor.default\">\n\t\t\t\t<div class=\"elementor-widget-container\">\n\t\t\t\t\t\t\t\t\t<p>Was ist Coaching? Coaching ist ein Prozess, in welchem der Kunde beim Erreichen seiner pers\u00f6nlichen oder beruflichen Ziele von einem Coach unterst\u00fctzt und begleitet wird. Coaching wird f\u00fcr verschiedene Zwecke eingesetzt: Entscheidungsfindung in schwierigen Situation, Konfliktl\u00f6sung, Beziehungsmanagement oder Pers\u00f6nlichkeitsentwicklung.&nbsp;<\/p>\t\t\t\t\t\t\t\t<\/div>\n\t\t\t\t<\/div>\n\t\t\t\t\t<\/div>\n\t\t<\/div>\n\t\t\t\t<div class=\"elementor-column elementor-col-50 elementor-top-column elementor-element elementor-element-47e669b\" data-id=\"47e669b\" data-element_type=\"column\">\n\t\t\t<div class=\"elementor-widget-wrap elementor-element-populated\">\n\t\t\t\t\t\t<div class=\"elementor-element elementor-element-fa94563 elementor-widget elementor-widget-image\" data-id=\"fa94563\" data-element_type=\"widget\" data-widget_type=\"image.default\">\n\t\t\t\t<div class=\"elementor-widget-container\">\n\t\t\t\t\t\t\t\t\t\t\t\t\t\t\t<img decoding=\"async\" width=\"600\" height=\"600\" src=\"https:\/\/eqpower.ch\/wp-content\/uploads\/2023\/02\/Unknown.png\" class=\"attachment-full size-full wp-image-6512\" alt=\"\" srcset=\"https:\/\/eqpower.ch\/wp-content\/uploads\/2023\/02\/Unknown.png 600w, https:\/\/eqpower.ch\/wp-content\/uploads\/2023\/02\/Unknown-300x300.png 300w, https:\/\/eqpower.ch\/wp-content\/uploads\/2023\/02\/Unknown-150x150.png 150w, https:\/\/eqpower.ch\/wp-content\/uploads\/2023\/02\/Unknown-12x12.png 12w\" sizes=\"(max-width: 600px) 100vw, 600px\" \/>\t\t\t\t\t\t\t\t\t\t\t\t\t\t\t<\/div>\n\t\t\t\t<\/div>\n\t\t\t\t\t<\/div>\n\t\t<\/div>\n\t\t\t\t\t<\/div>\n\t\t<\/section>\n\t\t\t\t<section class=\"elementor-section elementor-top-section elementor-element elementor-element-94f194e elementor-section-boxed elementor-section-height-default elementor-section-height-default\" data-id=\"94f194e\" data-element_type=\"section\">\n\t\t\t\t\t\t<div class=\"elementor-container elementor-column-gap-default\">\n\t\t\t\t\t<div class=\"elementor-column elementor-col-50 elementor-top-column elementor-element elementor-element-b9c25c1\" data-id=\"b9c25c1\" data-element_type=\"column\">\n\t\t\t<div class=\"elementor-widget-wrap elementor-element-populated\">\n\t\t\t\t\t\t<div class=\"elementor-element elementor-element-f0f4f01 elementor-widget elementor-widget-heading\" data-id=\"f0f4f01\" data-element_type=\"widget\" data-widget_type=\"heading.default\">\n\t\t\t\t<div class=\"elementor-widget-container\">\n\t\t\t\t\t<h2 class=\"elementor-heading-title elementor-size-default\">Coaching und Training der emotionalen<br> Intelligenz \u201eIn One Go\u201c <\/h2>\t\t\t\t<\/div>\n\t\t\t\t<\/div>\n\t\t\t\t<div class=\"elementor-element elementor-element-20d84cc elementor-widget elementor-widget-text-editor\" data-id=\"20d84cc\" data-element_type=\"widget\" data-widget_type=\"text-editor.default\">\n\t\t\t\t<div class=\"elementor-widget-container\">\n\t\t\t\t\t\t\t\t\t<p>EQ Power nutzt die Synergien zwischen Emotionaler Intelligenz und Coaching zum Vorteil der Kunden und bietet das Coaching im \u201eklassischen\u201c Sinne, aber auch in Kombination mit einem individuellen Training der emotionalen und sozialen Kompetenzen an.<\/p>\t\t\t\t\t\t\t\t<\/div>\n\t\t\t\t<\/div>\n\t\t\t\t<div class=\"elementor-element elementor-element-c0cb7a7 elementor-widget elementor-widget-text-editor\" data-id=\"c0cb7a7\" data-element_type=\"widget\" data-widget_type=\"text-editor.default\">\n\t\t\t\t<div class=\"elementor-widget-container\">\n\t\t\t\t\t\t\t\t\t<p>W\u00e4hrend des Coachings werden die schwach bewirtschafteten EI-Kompetenzen identifiziert und danach mit dem Kunden trainiert.<\/p>\t\t\t\t\t\t\t\t<\/div>\n\t\t\t\t<\/div>\n\t\t\t\t<div class=\"elementor-element elementor-element-4b63412 elementor-widget elementor-widget-text-editor\" data-id=\"4b63412\" data-element_type=\"widget\" data-widget_type=\"text-editor.default\">\n\t\t\t\t<div class=\"elementor-widget-container\">\n\t\t\t\t\t\t\t\t\t<p>Emotionale Intelligenz beruht auf der Interaktion zwischen Emotionen und Gedanken. Emotionen werden durch unsere Gedanken hervorgerufen. Ein Coaching-Gespr\u00e4ch erm\u00f6glicht es, Gedanken und Emotionen der Kunden unter die Lupe zu nehmen und dadurch auf die in dieser Hinsicht essenziellen Erwartungen, \u00dcberzeugungen, Werte und Bed\u00fcrfnisse zu kommen.<\/p>\t\t\t\t\t\t\t\t<\/div>\n\t\t\t\t<\/div>\n\t\t\t\t<div class=\"elementor-element elementor-element-c112b65 elementor-widget elementor-widget-text-editor\" data-id=\"c112b65\" data-element_type=\"widget\" data-widget_type=\"text-editor.default\">\n\t\t\t\t<div class=\"elementor-widget-container\">\n\t\t\t\t\t\t\t\t\t<p>Weil die Entwicklung der Emotionalen Intelligenz ein Prozess ist, bietet das entsprechende Coaching den Rahmen f\u00fcr ein regelm\u00e4\u00dfiges Training, wodurch ein nachhaltiges Ergebnis erzielt wird.<\/p>\t\t\t\t\t\t\t\t<\/div>\n\t\t\t\t<\/div>\n\t\t\t\t\t<\/div>\n\t\t<\/div>\n\t\t\t\t<div class=\"elementor-column elementor-col-50 elementor-top-column elementor-element elementor-element-e0cc7a5 camp\" data-id=\"e0cc7a5\" data-element_type=\"column\">\n\t\t\t<div class=\"elementor-widget-wrap elementor-element-populated\">\n\t\t\t\t\t\t<div class=\"elementor-element elementor-element-1e4c2db elementor-widget elementor-widget-heading\" data-id=\"1e4c2db\" data-element_type=\"widget\" data-widget_type=\"heading.default\">\n\t\t\t\t<div class=\"elementor-widget-container\">\n\t\t\t\t\t<h2 class=\"elementor-heading-title elementor-size-default\">Inhalt und Kosten<\/h2>\t\t\t\t<\/div>\n\t\t\t\t<\/div>\n\t\t\t\t<div class=\"elementor-element elementor-element-3263d8a elementor-widget elementor-widget-text-editor\" data-id=\"3263d8a\" data-element_type=\"widget\" data-widget_type=\"text-editor.default\">\n\t\t\t\t<div class=\"elementor-widget-container\">\n\t\t\t\t\t\t\t\t\t<ul><li class=\"\">Das Coaching wird auf Stundenbasis angeboten. Eine Sitzung dauert 60-75 Minuten.<br \/><br \/><\/li><\/ul><ul><li style=\"list-style-type: none;\"><ul><li class=\"\">1 Sitzung &#8211; 160\u00a0CHF<\/li><li class=\"\">5 Sitzungen\u00a0 &#8211; 750\u00a0CHF<\/li><li class=\"\">10 Sitzungen &#8211; 1400 CHF<br \/><br \/><\/li><\/ul><\/li><\/ul><ul><li class=\"\">Der Kunde bestimmt die Frequenz der Sitzungen.<\/li><\/ul>\t\t\t\t\t\t\t\t<\/div>\n\t\t\t\t<\/div>\n\t\t\t\t\t<\/div>\n\t\t<\/div>\n\t\t\t\t\t<\/div>\n\t\t<\/section>\n\t\t\t\t<\/div>\n\t\t","protected":false},"excerpt":{"rendered":"<p>Coaching Was ist Coaching? Coaching ist ein Prozess, in welchem der Kunde beim Erreichen seiner pers\u00f6nlichen oder beruflichen Ziele von einem Coach unterst\u00fctzt und begleitet wird. Coaching wird f\u00fcr verschiedene Zwecke eingesetzt: Entscheidungsfindung in schwierigen Situation, Konfliktl\u00f6sung, Beziehungsmanagement oder Pers\u00f6nlichkeitsentwicklung.&nbsp; Coaching und Training der emotionalen Intelligenz \u201eIn One Go\u201c EQ Power nutzt die Synergien zwischen [&hellip;]<\/p>\n","protected":false},"author":1,"featured_media":0,"parent":0,"menu_order":0,"comment_status":"closed","ping_status":"closed","template":"","meta":{"footnotes":""},"class_list":["post-36","page","type-page","status-publish","hentry"],"yoast_head":"<!-- This site is optimized with the Yoast SEO plugin v25.1 - https:\/\/yoast.com\/wordpress\/plugins\/seo\/ -->\n<title>Coaching - EQ-Power<\/title>\n<meta name=\"robots\" content=\"index, follow, max-snippet:-1, max-image-preview:large, max-video-preview:-1\" \/>\n<link rel=\"canonical\" href=\"https:\/\/eqpower.ch\/de\/coaching\/\" \/>\n<meta property=\"og:locale\" content=\"de_DE\" \/>\n<meta property=\"og:type\" content=\"article\" \/>\n<meta property=\"og:title\" content=\"Coaching - EQ-Power\" \/>\n<meta property=\"og:description\" content=\"Coaching Was ist Coaching? Coaching ist ein Prozess, in welchem der Kunde beim Erreichen seiner pers\u00f6nlichen oder beruflichen Ziele von einem Coach unterst\u00fctzt und begleitet wird. Coaching wird f\u00fcr verschiedene Zwecke eingesetzt: Entscheidungsfindung in schwierigen Situation, Konfliktl\u00f6sung, Beziehungsmanagement oder Pers\u00f6nlichkeitsentwicklung.&nbsp; Coaching und Training der emotionalen Intelligenz \u201eIn One Go\u201c EQ Power nutzt die Synergien zwischen [&hellip;]\" \/>\n<meta property=\"og:url\" content=\"https:\/\/eqpower.ch\/de\/coaching\/\" \/>\n<meta property=\"og:site_name\" content=\"EQ-Power\" \/>\n<meta property=\"article:modified_time\" content=\"2023-03-23T13:24:48+00:00\" \/>\n<meta property=\"og:image\" content=\"https:\/\/eqpower.ch\/wp-content\/uploads\/2023\/02\/Haupt-1.png\" \/>\n<meta name=\"twitter:card\" content=\"summary_large_image\" \/>\n<meta name=\"twitter:label1\" content=\"Gesch\u00e4tzte Lesezeit\" \/>\n\t<meta name=\"twitter:data1\" content=\"2\u00a0Minuten\" \/>\n<script type=\"application\/ld+json\" class=\"yoast-schema-graph\">{\"@context\":\"https:\/\/schema.org\",\"@graph\":[{\"@type\":\"WebPage\",\"@id\":\"https:\/\/eqpower.ch\/coaching\/\",\"url\":\"https:\/\/eqpower.ch\/coaching\/\",\"name\":\"Coaching - EQ-Power\",\"isPartOf\":{\"@id\":\"https:\/\/eqpower.ch\/#website\"},\"primaryImageOfPage\":{\"@id\":\"https:\/\/eqpower.ch\/coaching\/#primaryimage\"},\"image\":{\"@id\":\"https:\/\/eqpower.ch\/coaching\/#primaryimage\"},\"thumbnailUrl\":\"https:\/\/eqpower.ch\/wp-content\/uploads\/2023\/02\/Haupt-1.png\",\"datePublished\":\"2022-12-21T05:57:04+00:00\",\"dateModified\":\"2023-03-23T13:24:48+00:00\",\"breadcrumb\":{\"@id\":\"https:\/\/eqpower.ch\/coaching\/#breadcrumb\"},\"inLanguage\":\"de-CH\",\"potentialAction\":[{\"@type\":\"ReadAction\",\"target\":[\"https:\/\/eqpower.ch\/coaching\/\"]}]},{\"@type\":\"ImageObject\",\"inLanguage\":\"de-CH\",\"@id\":\"https:\/\/eqpower.ch\/coaching\/#primaryimage\",\"url\":\"https:\/\/eqpower.ch\/wp-content\/uploads\/2023\/02\/Haupt-1.png\",\"contentUrl\":\"https:\/\/eqpower.ch\/wp-content\/uploads\/2023\/02\/Haupt-1.png\"},{\"@type\":\"BreadcrumbList\",\"@id\":\"https:\/\/eqpower.ch\/coaching\/#breadcrumb\",\"itemListElement\":[{\"@type\":\"ListItem\",\"position\":1,\"name\":\"Home\",\"item\":\"https:\/\/eqpower.ch\/\"},{\"@type\":\"ListItem\",\"position\":2,\"name\":\"Coaching\"}]},{\"@type\":\"WebSite\",\"@id\":\"https:\/\/eqpower.ch\/#website\",\"url\":\"https:\/\/eqpower.ch\/\",\"name\":\"EQ-Power\",\"description\":\"emotionally smart\",\"publisher\":{\"@id\":\"https:\/\/eqpower.ch\/#organization\"},\"potentialAction\":[{\"@type\":\"SearchAction\",\"target\":{\"@type\":\"EntryPoint\",\"urlTemplate\":\"https:\/\/eqpower.ch\/?s={search_term_string}\"},\"query-input\":{\"@type\":\"PropertyValueSpecification\",\"valueRequired\":true,\"valueName\":\"search_term_string\"}}],\"inLanguage\":\"de-CH\"},{\"@type\":\"Organization\",\"@id\":\"https:\/\/eqpower.ch\/#organization\",\"name\":\"EQ-Power\",\"url\":\"https:\/\/eqpower.ch\/\",\"logo\":{\"@type\":\"ImageObject\",\"inLanguage\":\"de-CH\",\"@id\":\"https:\/\/eqpower.ch\/#\/schema\/logo\/image\/\",\"url\":\"https:\/\/eqpower.ch\/wp-content\/uploads\/2022\/12\/EQpower_big_cmyk-Neu.png\",\"contentUrl\":\"https:\/\/eqpower.ch\/wp-content\/uploads\/2022\/12\/EQpower_big_cmyk-Neu.png\",\"width\":3175,\"height\":705,\"caption\":\"EQ-Power\"},\"image\":{\"@id\":\"https:\/\/eqpower.ch\/#\/schema\/logo\/image\/\"}}]}<\/script>\n<!-- \/ Yoast SEO plugin. -->","yoast_head_json":{"title":"Coaching - EQ-Power","robots":{"index":"index","follow":"follow","max-snippet":"max-snippet:-1","max-image-preview":"max-image-preview:large","max-video-preview":"max-video-preview:-1"},"canonical":"https:\/\/eqpower.ch\/de\/coaching\/","og_locale":"de_DE","og_type":"article","og_title":"Coaching - EQ-Power","og_description":"Coaching Was ist Coaching? Coaching ist ein Prozess, in welchem der Kunde beim Erreichen seiner pers\u00f6nlichen oder beruflichen Ziele von einem Coach unterst\u00fctzt und begleitet wird. Coaching wird f\u00fcr verschiedene Zwecke eingesetzt: Entscheidungsfindung in schwierigen Situation, Konfliktl\u00f6sung, Beziehungsmanagement oder Pers\u00f6nlichkeitsentwicklung.&nbsp; Coaching und Training der emotionalen Intelligenz \u201eIn One Go\u201c EQ Power nutzt die Synergien zwischen [&hellip;]","og_url":"https:\/\/eqpower.ch\/de\/coaching\/","og_site_name":"EQ-Power","article_modified_time":"2023-03-23T13:24:48+00:00","og_image":[{"url":"https:\/\/eqpower.ch\/wp-content\/uploads\/2023\/02\/Haupt-1.png","type":"","width":"","height":""}],"twitter_card":"summary_large_image","twitter_misc":{"Gesch\u00e4tzte Lesezeit":"2\u00a0Minuten"},"schema":{"@context":"https:\/\/schema.org","@graph":[{"@type":"WebPage","@id":"https:\/\/eqpower.ch\/coaching\/","url":"https:\/\/eqpower.ch\/coaching\/","name":"Coaching - EQ-Power","isPartOf":{"@id":"https:\/\/eqpower.ch\/#website"},"primaryImageOfPage":{"@id":"https:\/\/eqpower.ch\/coaching\/#primaryimage"},"image":{"@id":"https:\/\/eqpower.ch\/coaching\/#primaryimage"},"thumbnailUrl":"https:\/\/eqpower.ch\/wp-content\/uploads\/2023\/02\/Haupt-1.png","datePublished":"2022-12-21T05:57:04+00:00","dateModified":"2023-03-23T13:24:48+00:00","breadcrumb":{"@id":"https:\/\/eqpower.ch\/coaching\/#breadcrumb"},"inLanguage":"de-CH","potentialAction":[{"@type":"ReadAction","target":["https:\/\/eqpower.ch\/coaching\/"]}]},{"@type":"ImageObject","inLanguage":"de-CH","@id":"https:\/\/eqpower.ch\/coaching\/#primaryimage","url":"https:\/\/eqpower.ch\/wp-content\/uploads\/2023\/02\/Haupt-1.png","contentUrl":"https:\/\/eqpower.ch\/wp-content\/uploads\/2023\/02\/Haupt-1.png"},{"@type":"BreadcrumbList","@id":"https:\/\/eqpower.ch\/coaching\/#breadcrumb","itemListElement":[{"@type":"ListItem","position":1,"name":"Home","item":"https:\/\/eqpower.ch\/"},{"@type":"ListItem","position":2,"name":"Coaching"}]},{"@type":"WebSite","@id":"https:\/\/eqpower.ch\/#website","url":"https:\/\/eqpower.ch\/","name":"EQ-Power","description":"emotionally smart","publisher":{"@id":"https:\/\/eqpower.ch\/#organization"},"potentialAction":[{"@type":"SearchAction","target":{"@type":"EntryPoint","urlTemplate":"https:\/\/eqpower.ch\/?s={search_term_string}"},"query-input":{"@type":"PropertyValueSpecification","valueRequired":true,"valueName":"search_term_string"}}],"inLanguage":"de-CH"},{"@type":"Organization","@id":"https:\/\/eqpower.ch\/#organization","name":"EQ-Power","url":"https:\/\/eqpower.ch\/","logo":{"@type":"ImageObject","inLanguage":"de-CH","@id":"https:\/\/eqpower.ch\/#\/schema\/logo\/image\/","url":"https:\/\/eqpower.ch\/wp-content\/uploads\/2022\/12\/EQpower_big_cmyk-Neu.png","contentUrl":"https:\/\/eqpower.ch\/wp-content\/uploads\/2022\/12\/EQpower_big_cmyk-Neu.png","width":3175,"height":705,"caption":"EQ-Power"},"image":{"@id":"https:\/\/eqpower.ch\/#\/schema\/logo\/image\/"}}]}},"_links":{"self":[{"href":"https:\/\/eqpower.ch\/de\/wp-json\/wp\/v2\/pages\/36","targetHints":{"allow":["GET"]}}],"collection":[{"href":"https:\/\/eqpower.ch\/de\/wp-json\/wp\/v2\/pages"}],"about":[{"href":"https:\/\/eqpower.ch\/de\/wp-json\/wp\/v2\/types\/page"}],"author":[{"embeddable":true,"href":"https:\/\/eqpower.ch\/de\/wp-json\/wp\/v2\/users\/1"}],"replies":[{"embeddable":true,"href":"https:\/\/eqpower.ch\/de\/wp-json\/wp\/v2\/comments?post=36"}],"version-history":[{"count":5,"href":"https:\/\/eqpower.ch\/de\/wp-json\/wp\/v2\/pages\/36\/revisions"}],"predecessor-version":[{"id":6792,"href":"https:\/\/eqpower.ch\/de\/wp-json\/wp\/v2\/pages\/36\/revisions\/6792"}],"wp:attachment":[{"href":"https:\/\/eqpower.ch\/de\/wp-json\/wp\/v2\/media?parent=36"}],"curies":[{"name":"wp","href":"https:\/\/api.w.org\/{rel}","templated":true}]}}