{"id":2111,"date":"2023-01-08T06:57:48","date_gmt":"2023-01-08T05:57:48","guid":{"rendered":"https:\/\/eqpower.ch\/?page_id=2111"},"modified":"2024-03-21T21:25:13","modified_gmt":"2024-03-21T20:25:13","slug":"eq-i-2-0-group","status":"publish","type":"page","link":"https:\/\/eqpower.ch\/de\/eq-i\/eq-i-2-0-group\/","title":{"rendered":"EQ-i-2.0 Group"},"content":{"rendered":"\t\t<div data-elementor-type=\"wp-page\" data-elementor-id=\"2111\" class=\"elementor elementor-2111\" data-elementor-post-type=\"page\">\n\t\t\t\t\t\t<section class=\"elementor-section elementor-top-section elementor-element elementor-element-9fa379a elementor-section-height-min-height elementor-section-boxed elementor-section-height-default elementor-section-items-middle\" data-id=\"9fa379a\" data-element_type=\"section\" data-settings=\"{&quot;background_background&quot;:&quot;classic&quot;}\">\n\t\t\t\t\t\t\t<div class=\"elementor-background-overlay\"><\/div>\n\t\t\t\t\t\t\t<div class=\"elementor-container elementor-column-gap-default\">\n\t\t\t\t\t<div class=\"elementor-column elementor-col-100 elementor-top-column elementor-element elementor-element-345dc24\" data-id=\"345dc24\" data-element_type=\"column\">\n\t\t\t<div class=\"elementor-widget-wrap elementor-element-populated\">\n\t\t\t\t\t\t<div class=\"elementor-element elementor-element-86ab2ee elementor-widget elementor-widget-image\" data-id=\"86ab2ee\" data-element_type=\"widget\" data-widget_type=\"image.default\">\n\t\t\t\t<div class=\"elementor-widget-container\">\n\t\t\t\t\t\t\t\t\t\t\t\t\t\t\t<img fetchpriority=\"high\" decoding=\"async\" width=\"700\" height=\"700\" src=\"https:\/\/eqpower.ch\/wp-content\/uploads\/2023\/02\/Gruppe-72.png\" class=\"attachment-large size-large wp-image-6272\" alt=\"\" srcset=\"https:\/\/eqpower.ch\/wp-content\/uploads\/2023\/02\/Gruppe-72.png 700w, https:\/\/eqpower.ch\/wp-content\/uploads\/2023\/02\/Gruppe-72-300x300.png 300w, https:\/\/eqpower.ch\/wp-content\/uploads\/2023\/02\/Gruppe-72-150x150.png 150w, https:\/\/eqpower.ch\/wp-content\/uploads\/2023\/02\/Gruppe-72-12x12.png 12w\" sizes=\"(max-width: 700px) 100vw, 700px\" \/>\t\t\t\t\t\t\t\t\t\t\t\t\t\t\t<\/div>\n\t\t\t\t<\/div>\n\t\t\t\t\t<\/div>\n\t\t<\/div>\n\t\t\t\t\t<\/div>\n\t\t<\/section>\n\t\t\t\t<section class=\"elementor-section elementor-top-section elementor-element elementor-element-3e4abc0 elementor-section-boxed elementor-section-height-default elementor-section-height-default\" data-id=\"3e4abc0\" data-element_type=\"section\">\n\t\t\t\t\t\t<div class=\"elementor-container elementor-column-gap-default\">\n\t\t\t\t\t<div class=\"elementor-column elementor-col-100 elementor-top-column elementor-element elementor-element-db9ecf6\" data-id=\"db9ecf6\" data-element_type=\"column\">\n\t\t\t<div class=\"elementor-widget-wrap elementor-element-populated\">\n\t\t\t\t\t\t<div class=\"elementor-element elementor-element-14cf2e5 h1-fontss elementor-widget elementor-widget-heading\" data-id=\"14cf2e5\" data-element_type=\"widget\" data-widget_type=\"heading.default\">\n\t\t\t\t<div class=\"elementor-widget-container\">\n\t\t\t\t\t<h1 class=\"elementor-heading-title elementor-size-default\">EQ-i-2.0 Group<\/h1>\t\t\t\t<\/div>\n\t\t\t\t<\/div>\n\t\t\t\t\t<\/div>\n\t\t<\/div>\n\t\t\t\t\t<\/div>\n\t\t<\/section>\n\t\t\t\t<section class=\"elementor-section elementor-top-section elementor-element elementor-element-8e4c15c elementor-section-boxed elementor-section-height-default elementor-section-height-default\" data-id=\"8e4c15c\" data-element_type=\"section\">\n\t\t\t\t\t\t<div class=\"elementor-container elementor-column-gap-default\">\n\t\t\t\t\t<div class=\"elementor-column elementor-col-50 elementor-top-column elementor-element elementor-element-2cacf39\" data-id=\"2cacf39\" data-element_type=\"column\">\n\t\t\t<div class=\"elementor-widget-wrap elementor-element-populated\">\n\t\t\t\t\t\t<div class=\"elementor-element elementor-element-b9e67e6 elementor-widget elementor-widget-text-editor\" data-id=\"b9e67e6\" data-element_type=\"widget\" data-widget_type=\"text-editor.default\">\n\t\t\t\t<div class=\"elementor-widget-container\">\n\t\t\t\t\t\t\t\t\tDas EQ-i 2.0 Group Assessment bittet die M\u00f6glichkeit, St\u00e4rken und Schw\u00e4chen einer Gruppe oder eines Team im Bereich der emotionalen Intelligenz zu erkennen. Die auf diese Weise gewonnenen Erkenntnisse k\u00f6nnen f\u00fcr die Entwicklung der Gruppe und die Erh\u00f6hung von deren Effizienz genutzt werden. Die Voraussetzung f\u00fcr das Group Assessment ist, dass jedes Mitglied der Gruppe ein EQ-i 2.0 Arbeitsplatz oder ein Leadership Assessment durchl\u00e4uft\t\t\t\t\t\t\t\t<\/div>\n\t\t\t\t<\/div>\n\t\t\t\t\t<\/div>\n\t\t<\/div>\n\t\t\t\t<div class=\"elementor-column elementor-col-50 elementor-top-column elementor-element elementor-element-070f1ba\" data-id=\"070f1ba\" data-element_type=\"column\">\n\t\t\t<div class=\"elementor-widget-wrap elementor-element-populated\">\n\t\t\t\t\t\t<div class=\"elementor-element elementor-element-72ad291 elementor-widget elementor-widget-image\" data-id=\"72ad291\" data-element_type=\"widget\" data-widget_type=\"image.default\">\n\t\t\t\t<div class=\"elementor-widget-container\">\n\t\t\t\t\t\t\t\t\t\t\t\t\t\t\t<img decoding=\"async\" width=\"341\" height=\"121\" src=\"https:\/\/eqpower.ch\/wp-content\/uploads\/2023\/01\/imgpsh_fullsize_anim-9.png\" class=\"attachment-large size-large wp-image-2123\" alt=\"\" srcset=\"https:\/\/eqpower.ch\/wp-content\/uploads\/2023\/01\/imgpsh_fullsize_anim-9.png 341w, https:\/\/eqpower.ch\/wp-content\/uploads\/2023\/01\/imgpsh_fullsize_anim-9-300x106.png 300w\" sizes=\"(max-width: 341px) 100vw, 341px\" \/>\t\t\t\t\t\t\t\t\t\t\t\t\t\t\t<\/div>\n\t\t\t\t<\/div>\n\t\t\t\t\t<\/div>\n\t\t<\/div>\n\t\t\t\t\t<\/div>\n\t\t<\/section>\n\t\t\t\t<section class=\"elementor-section elementor-top-section elementor-element elementor-element-a5eed02 elementor-section-boxed elementor-section-height-default elementor-section-height-default\" data-id=\"a5eed02\" data-element_type=\"section\">\n\t\t\t\t\t\t<div class=\"elementor-container elementor-column-gap-default\">\n\t\t\t\t\t<div class=\"elementor-column elementor-col-50 elementor-top-column elementor-element elementor-element-d3e2dbd\" data-id=\"d3e2dbd\" data-element_type=\"column\">\n\t\t\t<div class=\"elementor-widget-wrap elementor-element-populated\">\n\t\t\t\t\t\t<div class=\"elementor-element elementor-element-f0657f1 elementor-widget elementor-widget-heading\" data-id=\"f0657f1\" data-element_type=\"widget\" data-widget_type=\"heading.default\">\n\t\t\t\t<div class=\"elementor-widget-container\">\n\t\t\t\t\t<h2 class=\"elementor-heading-title elementor-size-default\">Nutzen des Higher Education Assessments <\/h2>\t\t\t\t<\/div>\n\t\t\t\t<\/div>\n\t\t\t\t<section class=\"elementor-section elementor-inner-section elementor-element elementor-element-ffa899f elementor-section-boxed elementor-section-height-default elementor-section-height-default\" data-id=\"ffa899f\" data-element_type=\"section\">\n\t\t\t\t\t\t<div class=\"elementor-container elementor-column-gap-default\">\n\t\t\t\t\t<div class=\"elementor-column elementor-col-50 elementor-inner-column elementor-element elementor-element-4e07598\" data-id=\"4e07598\" data-element_type=\"column\">\n\t\t\t<div class=\"elementor-widget-wrap elementor-element-populated\">\n\t\t\t\t\t\t<div class=\"elementor-element elementor-element-461faed elementor-widget elementor-widget-text-editor\" data-id=\"461faed\" data-element_type=\"widget\" data-widget_type=\"text-editor.default\">\n\t\t\t\t<div class=\"elementor-widget-container\">\n\t\t\t\t\t\t\t\t\t<ul>\n \t<li class=\"pad\">dentifiziert St\u00e4rken einer Gruppe im Bereich der Emotionalen Intelligenz und wie sie gezielt in Zusammenarbeit eingesetzt werden k\u00f6nnen<\/li>\n \t<li class=\"pad\">dentifiziert Bereiche der Emotionalen Intelligenz, welche die Gruppe entwickeln muss, um ihre Effizienz, ihre Produktivit\u00e4t und ihr Arbeitsergebnis zu erh\u00f6hen <\/li>\n \t<li class=\"pad\">Bietet eine Plattform f\u00fcr Diskussion an, wie EI-Kompetenzen der Gruppe die Firmenkultur beeinflussen k\u00f6nnten <\/li>\n \t<li class=\"pad\">Legt die Entwicklungsschritte der Gruppe im Bereich der Emotionalen Intelligenz fest<\/li>\n<\/ul>\t\t\t\t\t\t\t\t<\/div>\n\t\t\t\t<\/div>\n\t\t\t\t\t<\/div>\n\t\t<\/div>\n\t\t\t\t<div class=\"elementor-column elementor-col-50 elementor-inner-column elementor-element elementor-element-63d8841\" data-id=\"63d8841\" data-element_type=\"column\">\n\t\t\t<div class=\"elementor-widget-wrap elementor-element-populated\">\n\t\t\t\t\t\t<div class=\"elementor-element elementor-element-72ac0c2 elementor-widget elementor-widget-image\" data-id=\"72ac0c2\" data-element_type=\"widget\" data-widget_type=\"image.default\">\n\t\t\t\t<div class=\"elementor-widget-container\">\n\t\t\t\t\t\t\t\t\t\t\t\t\t\t\t<img decoding=\"async\" width=\"163\" height=\"215\" src=\"https:\/\/eqpower.ch\/wp-content\/uploads\/2023\/01\/imgpsh_fullsize_anim-10.png\" class=\"attachment-large size-large wp-image-2139\" alt=\"\" \/>\t\t\t\t\t\t\t\t\t\t\t\t\t\t\t<\/div>\n\t\t\t\t<\/div>\n\t\t\t\t\t<\/div>\n\t\t<\/div>\n\t\t\t\t\t<\/div>\n\t\t<\/section>\n\t\t\t\t\t<\/div>\n\t\t<\/div>\n\t\t\t\t<div class=\"elementor-column elementor-col-50 elementor-top-column elementor-element elementor-element-dc59219 camp\" data-id=\"dc59219\" data-element_type=\"column\">\n\t\t\t<div class=\"elementor-widget-wrap elementor-element-populated\">\n\t\t\t\t\t\t<div class=\"elementor-element elementor-element-0df396a elementor-widget elementor-widget-heading\" data-id=\"0df396a\" data-element_type=\"widget\" data-widget_type=\"heading.default\">\n\t\t\t\t<div class=\"elementor-widget-container\">\n\t\t\t\t\t<h2 class=\"elementor-heading-title elementor-size-default\">Inhalt und Kosten<\/h2>\t\t\t\t<\/div>\n\t\t\t\t<\/div>\n\t\t\t\t<div class=\"elementor-element elementor-element-51ada8c elementor-widget elementor-widget-text-editor\" data-id=\"51ada8c\" data-element_type=\"widget\" data-widget_type=\"text-editor.default\">\n\t\t\t\t<div class=\"elementor-widget-container\">\n\t\t\t\t\t\t\t\t\t<ul><li class=\"pad\">EQ-2.0 Group Assessment<\/li><li class=\"pad\">EQ-2.0-Group-Bericht<\/li><li class=\"pad\">Auswertungsgespr\u00e4ch zwischen Gruppe und Trainer, die Dauer wird individuell bestimmt<\/li><li class=\"pad\">Aktionsplan f\u00fcr die Entwicklung der Gruppen-EI<\/li><\/ul>\t\t\t\t\t\t\t\t<\/div>\n\t\t\t\t<\/div>\n\t\t\t\t<div class=\"elementor-element elementor-element-83a7963 elementor-widget elementor-widget-heading\" data-id=\"83a7963\" data-element_type=\"widget\" data-widget_type=\"heading.default\">\n\t\t\t\t<div class=\"elementor-widget-container\">\n\t\t\t\t\t<h2 class=\"elementor-heading-title elementor-size-default\">Preis: auf Anfrage<\/h2>\t\t\t\t<\/div>\n\t\t\t\t<\/div>\n\t\t\t\t<div class=\"elementor-element elementor-element-d461ad0 elementor-position-left elementor-vertical-align-middle elementor-widget elementor-widget-image-box\" data-id=\"d461ad0\" data-element_type=\"widget\" data-widget_type=\"image-box.default\">\n\t\t\t\t<div class=\"elementor-widget-container\">\n\t\t\t\t\t<div class=\"elementor-image-box-wrapper\"><figure class=\"elementor-image-box-img\"><a href=\"https:\/\/eqpower.ch\/wp-content\/uploads\/2024\/03\/MHS-Group-Sample-CLIENT.pdf\" target=\"_blank\" tabindex=\"-1\"><img loading=\"lazy\" decoding=\"async\" width=\"132\" height=\"198\" src=\"https:\/\/eqpower.ch\/wp-content\/uploads\/2023\/02\/3b517a92f488a8af683ed1d41db10f3e.png\" class=\"attachment-full size-full wp-image-6336\" alt=\"\" srcset=\"https:\/\/eqpower.ch\/wp-content\/uploads\/2023\/02\/3b517a92f488a8af683ed1d41db10f3e.png 132w, https:\/\/eqpower.ch\/wp-content\/uploads\/2023\/02\/3b517a92f488a8af683ed1d41db10f3e-8x12.png 8w\" sizes=\"(max-width: 132px) 100vw, 132px\" \/><\/a><\/figure><div class=\"elementor-image-box-content\"><h3 class=\"elementor-image-box-title\"><a href=\"https:\/\/eqpower.ch\/wp-content\/uploads\/2024\/03\/MHS-Group-Sample-CLIENT.pdf\" target=\"_blank\">EQ-i-2.0 Group Bericht download<\/a><\/h3><\/div><\/div>\t\t\t\t<\/div>\n\t\t\t\t<\/div>\n\t\t\t\t\t<\/div>\n\t\t<\/div>\n\t\t\t\t\t<\/div>\n\t\t<\/section>\n\t\t\t\t<\/div>\n\t\t","protected":false},"excerpt":{"rendered":"<p>EQ-i-2.0 Group Das EQ-i 2.0 Group Assessment bittet die M\u00f6glichkeit, St\u00e4rken und Schw\u00e4chen einer Gruppe oder eines Team im Bereich der emotionalen Intelligenz zu erkennen. Die auf diese Weise gewonnenen Erkenntnisse k\u00f6nnen f\u00fcr die Entwicklung der Gruppe und die Erh\u00f6hung von deren Effizienz genutzt werden. Die Voraussetzung f\u00fcr das Group Assessment ist, dass jedes Mitglied [&hellip;]<\/p>\n","protected":false},"author":1,"featured_media":0,"parent":1218,"menu_order":0,"comment_status":"closed","ping_status":"closed","template":"","meta":{"footnotes":""},"class_list":["post-2111","page","type-page","status-publish","hentry"],"yoast_head":"<!-- This site is optimized with the Yoast SEO plugin v25.1 - https:\/\/yoast.com\/wordpress\/plugins\/seo\/ -->\n<title>EQ-i-2.0 Group - EQ-Power<\/title>\n<meta name=\"robots\" content=\"index, follow, max-snippet:-1, max-image-preview:large, max-video-preview:-1\" \/>\n<link rel=\"canonical\" href=\"https:\/\/eqpower.ch\/de\/eq-i\/eq-i-2-0-group\/\" \/>\n<meta property=\"og:locale\" content=\"de_DE\" \/>\n<meta property=\"og:type\" content=\"article\" \/>\n<meta property=\"og:title\" content=\"EQ-i-2.0 Group - EQ-Power\" \/>\n<meta property=\"og:description\" content=\"EQ-i-2.0 Group Das EQ-i 2.0 Group Assessment bittet die M\u00f6glichkeit, St\u00e4rken und Schw\u00e4chen einer Gruppe oder eines Team im Bereich der emotionalen Intelligenz zu erkennen. Die auf diese Weise gewonnenen Erkenntnisse k\u00f6nnen f\u00fcr die Entwicklung der Gruppe und die Erh\u00f6hung von deren Effizienz genutzt werden. Die Voraussetzung f\u00fcr das Group Assessment ist, dass jedes Mitglied [&hellip;]\" \/>\n<meta property=\"og:url\" content=\"https:\/\/eqpower.ch\/de\/eq-i\/eq-i-2-0-group\/\" \/>\n<meta property=\"og:site_name\" content=\"EQ-Power\" \/>\n<meta property=\"article:modified_time\" content=\"2024-03-21T20:25:13+00:00\" \/>\n<meta property=\"og:image\" content=\"https:\/\/eqpower.ch\/wp-content\/uploads\/2023\/02\/Gruppe-72.png\" \/>\n<meta name=\"twitter:card\" content=\"summary_large_image\" \/>\n<meta name=\"twitter:label1\" content=\"Gesch\u00e4tzte Lesezeit\" \/>\n\t<meta name=\"twitter:data1\" content=\"2\u00a0Minuten\" \/>\n<script type=\"application\/ld+json\" class=\"yoast-schema-graph\">{\"@context\":\"https:\/\/schema.org\",\"@graph\":[{\"@type\":\"WebPage\",\"@id\":\"https:\/\/eqpower.ch\/eq-i\/eq-i-2-0-group\/\",\"url\":\"https:\/\/eqpower.ch\/eq-i\/eq-i-2-0-group\/\",\"name\":\"EQ-i-2.0 Group - EQ-Power\",\"isPartOf\":{\"@id\":\"https:\/\/eqpower.ch\/#website\"},\"primaryImageOfPage\":{\"@id\":\"https:\/\/eqpower.ch\/eq-i\/eq-i-2-0-group\/#primaryimage\"},\"image\":{\"@id\":\"https:\/\/eqpower.ch\/eq-i\/eq-i-2-0-group\/#primaryimage\"},\"thumbnailUrl\":\"https:\/\/eqpower.ch\/wp-content\/uploads\/2023\/02\/Gruppe-72.png\",\"datePublished\":\"2023-01-08T05:57:48+00:00\",\"dateModified\":\"2024-03-21T20:25:13+00:00\",\"breadcrumb\":{\"@id\":\"https:\/\/eqpower.ch\/eq-i\/eq-i-2-0-group\/#breadcrumb\"},\"inLanguage\":\"de-CH\",\"potentialAction\":[{\"@type\":\"ReadAction\",\"target\":[\"https:\/\/eqpower.ch\/eq-i\/eq-i-2-0-group\/\"]}]},{\"@type\":\"ImageObject\",\"inLanguage\":\"de-CH\",\"@id\":\"https:\/\/eqpower.ch\/eq-i\/eq-i-2-0-group\/#primaryimage\",\"url\":\"https:\/\/eqpower.ch\/wp-content\/uploads\/2023\/02\/Gruppe-72.png\",\"contentUrl\":\"https:\/\/eqpower.ch\/wp-content\/uploads\/2023\/02\/Gruppe-72.png\"},{\"@type\":\"BreadcrumbList\",\"@id\":\"https:\/\/eqpower.ch\/eq-i\/eq-i-2-0-group\/#breadcrumb\",\"itemListElement\":[{\"@type\":\"ListItem\",\"position\":1,\"name\":\"Home\",\"item\":\"https:\/\/eqpower.ch\/\"},{\"@type\":\"ListItem\",\"position\":2,\"name\":\"EQ-i\",\"item\":\"https:\/\/eqpower.ch\/de\/eq-i\/\"},{\"@type\":\"ListItem\",\"position\":3,\"name\":\"EQ-i-2.0 Group\"}]},{\"@type\":\"WebSite\",\"@id\":\"https:\/\/eqpower.ch\/#website\",\"url\":\"https:\/\/eqpower.ch\/\",\"name\":\"EQ-Power\",\"description\":\"emotionally smart\",\"publisher\":{\"@id\":\"https:\/\/eqpower.ch\/#organization\"},\"potentialAction\":[{\"@type\":\"SearchAction\",\"target\":{\"@type\":\"EntryPoint\",\"urlTemplate\":\"https:\/\/eqpower.ch\/?s={search_term_string}\"},\"query-input\":{\"@type\":\"PropertyValueSpecification\",\"valueRequired\":true,\"valueName\":\"search_term_string\"}}],\"inLanguage\":\"de-CH\"},{\"@type\":\"Organization\",\"@id\":\"https:\/\/eqpower.ch\/#organization\",\"name\":\"EQ-Power\",\"url\":\"https:\/\/eqpower.ch\/\",\"logo\":{\"@type\":\"ImageObject\",\"inLanguage\":\"de-CH\",\"@id\":\"https:\/\/eqpower.ch\/#\/schema\/logo\/image\/\",\"url\":\"https:\/\/eqpower.ch\/wp-content\/uploads\/2022\/12\/EQpower_big_cmyk-Neu.png\",\"contentUrl\":\"https:\/\/eqpower.ch\/wp-content\/uploads\/2022\/12\/EQpower_big_cmyk-Neu.png\",\"width\":3175,\"height\":705,\"caption\":\"EQ-Power\"},\"image\":{\"@id\":\"https:\/\/eqpower.ch\/#\/schema\/logo\/image\/\"}}]}<\/script>\n<!-- \/ Yoast SEO plugin. -->","yoast_head_json":{"title":"EQ-i-2.0 Group - EQ-Power","robots":{"index":"index","follow":"follow","max-snippet":"max-snippet:-1","max-image-preview":"max-image-preview:large","max-video-preview":"max-video-preview:-1"},"canonical":"https:\/\/eqpower.ch\/de\/eq-i\/eq-i-2-0-group\/","og_locale":"de_DE","og_type":"article","og_title":"EQ-i-2.0 Group - EQ-Power","og_description":"EQ-i-2.0 Group Das EQ-i 2.0 Group Assessment bittet die M\u00f6glichkeit, St\u00e4rken und Schw\u00e4chen einer Gruppe oder eines Team im Bereich der emotionalen Intelligenz zu erkennen. Die auf diese Weise gewonnenen Erkenntnisse k\u00f6nnen f\u00fcr die Entwicklung der Gruppe und die Erh\u00f6hung von deren Effizienz genutzt werden. Die Voraussetzung f\u00fcr das Group Assessment ist, dass jedes Mitglied [&hellip;]","og_url":"https:\/\/eqpower.ch\/de\/eq-i\/eq-i-2-0-group\/","og_site_name":"EQ-Power","article_modified_time":"2024-03-21T20:25:13+00:00","og_image":[{"url":"https:\/\/eqpower.ch\/wp-content\/uploads\/2023\/02\/Gruppe-72.png","type":"","width":"","height":""}],"twitter_card":"summary_large_image","twitter_misc":{"Gesch\u00e4tzte Lesezeit":"2\u00a0Minuten"},"schema":{"@context":"https:\/\/schema.org","@graph":[{"@type":"WebPage","@id":"https:\/\/eqpower.ch\/eq-i\/eq-i-2-0-group\/","url":"https:\/\/eqpower.ch\/eq-i\/eq-i-2-0-group\/","name":"EQ-i-2.0 Group - EQ-Power","isPartOf":{"@id":"https:\/\/eqpower.ch\/#website"},"primaryImageOfPage":{"@id":"https:\/\/eqpower.ch\/eq-i\/eq-i-2-0-group\/#primaryimage"},"image":{"@id":"https:\/\/eqpower.ch\/eq-i\/eq-i-2-0-group\/#primaryimage"},"thumbnailUrl":"https:\/\/eqpower.ch\/wp-content\/uploads\/2023\/02\/Gruppe-72.png","datePublished":"2023-01-08T05:57:48+00:00","dateModified":"2024-03-21T20:25:13+00:00","breadcrumb":{"@id":"https:\/\/eqpower.ch\/eq-i\/eq-i-2-0-group\/#breadcrumb"},"inLanguage":"de-CH","potentialAction":[{"@type":"ReadAction","target":["https:\/\/eqpower.ch\/eq-i\/eq-i-2-0-group\/"]}]},{"@type":"ImageObject","inLanguage":"de-CH","@id":"https:\/\/eqpower.ch\/eq-i\/eq-i-2-0-group\/#primaryimage","url":"https:\/\/eqpower.ch\/wp-content\/uploads\/2023\/02\/Gruppe-72.png","contentUrl":"https:\/\/eqpower.ch\/wp-content\/uploads\/2023\/02\/Gruppe-72.png"},{"@type":"BreadcrumbList","@id":"https:\/\/eqpower.ch\/eq-i\/eq-i-2-0-group\/#breadcrumb","itemListElement":[{"@type":"ListItem","position":1,"name":"Home","item":"https:\/\/eqpower.ch\/"},{"@type":"ListItem","position":2,"name":"EQ-i","item":"https:\/\/eqpower.ch\/de\/eq-i\/"},{"@type":"ListItem","position":3,"name":"EQ-i-2.0 Group"}]},{"@type":"WebSite","@id":"https:\/\/eqpower.ch\/#website","url":"https:\/\/eqpower.ch\/","name":"EQ-Power","description":"emotionally smart","publisher":{"@id":"https:\/\/eqpower.ch\/#organization"},"potentialAction":[{"@type":"SearchAction","target":{"@type":"EntryPoint","urlTemplate":"https:\/\/eqpower.ch\/?s={search_term_string}"},"query-input":{"@type":"PropertyValueSpecification","valueRequired":true,"valueName":"search_term_string"}}],"inLanguage":"de-CH"},{"@type":"Organization","@id":"https:\/\/eqpower.ch\/#organization","name":"EQ-Power","url":"https:\/\/eqpower.ch\/","logo":{"@type":"ImageObject","inLanguage":"de-CH","@id":"https:\/\/eqpower.ch\/#\/schema\/logo\/image\/","url":"https:\/\/eqpower.ch\/wp-content\/uploads\/2022\/12\/EQpower_big_cmyk-Neu.png","contentUrl":"https:\/\/eqpower.ch\/wp-content\/uploads\/2022\/12\/EQpower_big_cmyk-Neu.png","width":3175,"height":705,"caption":"EQ-Power"},"image":{"@id":"https:\/\/eqpower.ch\/#\/schema\/logo\/image\/"}}]}},"_links":{"self":[{"href":"https:\/\/eqpower.ch\/de\/wp-json\/wp\/v2\/pages\/2111","targetHints":{"allow":["GET"]}}],"collection":[{"href":"https:\/\/eqpower.ch\/de\/wp-json\/wp\/v2\/pages"}],"about":[{"href":"https:\/\/eqpower.ch\/de\/wp-json\/wp\/v2\/types\/page"}],"author":[{"embeddable":true,"href":"https:\/\/eqpower.ch\/de\/wp-json\/wp\/v2\/users\/1"}],"replies":[{"embeddable":true,"href":"https:\/\/eqpower.ch\/de\/wp-json\/wp\/v2\/comments?post=2111"}],"version-history":[{"count":5,"href":"https:\/\/eqpower.ch\/de\/wp-json\/wp\/v2\/pages\/2111\/revisions"}],"predecessor-version":[{"id":6923,"href":"https:\/\/eqpower.ch\/de\/wp-json\/wp\/v2\/pages\/2111\/revisions\/6923"}],"up":[{"embeddable":true,"href":"https:\/\/eqpower.ch\/de\/wp-json\/wp\/v2\/pages\/1218"}],"wp:attachment":[{"href":"https:\/\/eqpower.ch\/de\/wp-json\/wp\/v2\/media?parent=2111"}],"curies":[{"name":"wp","href":"https:\/\/api.w.org\/{rel}","templated":true}]}}