{"id":2069,"date":"2023-01-08T05:56:37","date_gmt":"2023-01-08T04:56:37","guid":{"rendered":"https:\/\/eqpower.ch\/?page_id=2069"},"modified":"2023-02-15T19:47:55","modified_gmt":"2023-02-15T18:47:55","slug":"eq-i-2-0-higher-education","status":"publish","type":"page","link":"https:\/\/eqpower.ch\/de\/eq-i\/eq-i-2-0-higher-education\/","title":{"rendered":"EQ-i 2.0 Higher Education"},"content":{"rendered":"\t\t<div data-elementor-type=\"wp-page\" data-elementor-id=\"2069\" class=\"elementor elementor-2069\" data-elementor-post-type=\"page\">\n\t\t\t\t\t\t<section class=\"elementor-section elementor-top-section elementor-element elementor-element-08d5cff elementor-section-height-min-height elementor-section-boxed elementor-section-height-default elementor-section-items-middle\" data-id=\"08d5cff\" data-element_type=\"section\" data-settings=\"{&quot;background_background&quot;:&quot;classic&quot;}\">\n\t\t\t\t\t\t\t<div class=\"elementor-background-overlay\"><\/div>\n\t\t\t\t\t\t\t<div class=\"elementor-container elementor-column-gap-default\">\n\t\t\t\t\t<div class=\"elementor-column elementor-col-100 elementor-top-column elementor-element elementor-element-886bd95\" data-id=\"886bd95\" data-element_type=\"column\">\n\t\t\t<div class=\"elementor-widget-wrap elementor-element-populated\">\n\t\t\t\t\t\t<div class=\"elementor-element elementor-element-88b7221 elementor-widget elementor-widget-image\" data-id=\"88b7221\" data-element_type=\"widget\" data-widget_type=\"image.default\">\n\t\t\t\t<div class=\"elementor-widget-container\">\n\t\t\t\t\t\t\t\t\t\t\t\t\t\t\t<img fetchpriority=\"high\" decoding=\"async\" width=\"700\" height=\"700\" src=\"https:\/\/eqpower.ch\/wp-content\/uploads\/2023\/02\/Gruppe-71.png\" class=\"attachment-large size-large wp-image-6271\" alt=\"\" srcset=\"https:\/\/eqpower.ch\/wp-content\/uploads\/2023\/02\/Gruppe-71.png 700w, https:\/\/eqpower.ch\/wp-content\/uploads\/2023\/02\/Gruppe-71-300x300.png 300w, https:\/\/eqpower.ch\/wp-content\/uploads\/2023\/02\/Gruppe-71-150x150.png 150w, https:\/\/eqpower.ch\/wp-content\/uploads\/2023\/02\/Gruppe-71-12x12.png 12w\" sizes=\"(max-width: 700px) 100vw, 700px\" \/>\t\t\t\t\t\t\t\t\t\t\t\t\t\t\t<\/div>\n\t\t\t\t<\/div>\n\t\t\t\t\t<\/div>\n\t\t<\/div>\n\t\t\t\t\t<\/div>\n\t\t<\/section>\n\t\t\t\t<section class=\"elementor-section elementor-top-section elementor-element elementor-element-ec6e4e3 elementor-section-boxed elementor-section-height-default elementor-section-height-default\" data-id=\"ec6e4e3\" data-element_type=\"section\">\n\t\t\t\t\t\t<div class=\"elementor-container elementor-column-gap-default\">\n\t\t\t\t\t<div class=\"elementor-column elementor-col-100 elementor-top-column elementor-element elementor-element-56ad51b\" data-id=\"56ad51b\" data-element_type=\"column\">\n\t\t\t<div class=\"elementor-widget-wrap elementor-element-populated\">\n\t\t\t\t\t\t<div class=\"elementor-element elementor-element-3436618 h1-fontss elementor-widget elementor-widget-heading\" data-id=\"3436618\" data-element_type=\"widget\" data-widget_type=\"heading.default\">\n\t\t\t\t<div class=\"elementor-widget-container\">\n\t\t\t\t\t<h1 class=\"elementor-heading-title elementor-size-default\">EQ-i 2.0 Higher Education<\/h1>\t\t\t\t<\/div>\n\t\t\t\t<\/div>\n\t\t\t\t\t<\/div>\n\t\t<\/div>\n\t\t\t\t\t<\/div>\n\t\t<\/section>\n\t\t\t\t<section class=\"elementor-section elementor-top-section elementor-element elementor-element-3c11809 elementor-section-boxed elementor-section-height-default elementor-section-height-default\" data-id=\"3c11809\" data-element_type=\"section\">\n\t\t\t\t\t\t<div class=\"elementor-container elementor-column-gap-default\">\n\t\t\t\t\t<div class=\"elementor-column elementor-col-50 elementor-top-column elementor-element elementor-element-5e9af64\" data-id=\"5e9af64\" data-element_type=\"column\">\n\t\t\t<div class=\"elementor-widget-wrap elementor-element-populated\">\n\t\t\t\t\t\t<div class=\"elementor-element elementor-element-964e0be elementor-widget elementor-widget-text-editor\" data-id=\"964e0be\" data-element_type=\"widget\" data-widget_type=\"text-editor.default\">\n\t\t\t\t<div class=\"elementor-widget-container\">\n\t\t\t\t\t\t\t\t\t<p>Der Higher-Education-Bericht wurde eigens f\u00fcr Studierende und Lernende entwickelt. Analog zum EQ-i 2.0-Bericht bietet auch der Higher-Education-Bericht einen Einblick in pers\u00f6nliche EI-Profile und erlaubt es jungen Leuten zu erkennen, welchen Einfluss Emotionen auf ihre akademische oder schulische Leistungen haben. Wie die Forschung zeigt, h\u00e4ngt der akademische und schulische Erfolg nicht nur vom IQ \u2013 Quotienten der klassischen Intelligenz, sondern auch vom EQ \u2013 Quotienten der Emotionalen Intelligenz ab. Emotionale Intelligenz umfasst eine Reihe von emotionalen und sozialen Kompetenzen, zu denen u.\u00a0a. geh\u00f6ren: emotionales Selbstbewusstsein, Einf\u00fchlungsverm\u00f6gen, Impulskontrolle, Realit\u00e4tspr\u00fcfung und Emotionsausdruck. Diese Kompetenzen unterst\u00fctzen Studierende dabei, den Studienanforderungen gerecht zu werden, als junge Erwachsene erfolgreich durchs Leben zu kommen und Emotionen zu nutzen, um tragbare und gewinnbringende soziale Beziehungen aufzubauen.<\/p>\t\t\t\t\t\t\t\t<\/div>\n\t\t\t\t<\/div>\n\t\t\t\t\t<\/div>\n\t\t<\/div>\n\t\t\t\t<div class=\"elementor-column elementor-col-50 elementor-top-column elementor-element elementor-element-a4b2183\" data-id=\"a4b2183\" data-element_type=\"column\">\n\t\t\t<div class=\"elementor-widget-wrap elementor-element-populated\">\n\t\t\t\t\t\t<div class=\"elementor-element elementor-element-9325d21 elementor-widget elementor-widget-image\" data-id=\"9325d21\" data-element_type=\"widget\" data-widget_type=\"image.default\">\n\t\t\t\t<div class=\"elementor-widget-container\">\n\t\t\t\t\t\t\t\t\t\t\t\t\t\t\t<img decoding=\"async\" width=\"337\" height=\"108\" src=\"https:\/\/eqpower.ch\/wp-content\/uploads\/2023\/01\/imgpsh_fullsize_anim-6.png\" class=\"attachment-large size-large wp-image-2083\" alt=\"\" srcset=\"https:\/\/eqpower.ch\/wp-content\/uploads\/2023\/01\/imgpsh_fullsize_anim-6.png 337w, https:\/\/eqpower.ch\/wp-content\/uploads\/2023\/01\/imgpsh_fullsize_anim-6-300x96.png 300w\" sizes=\"(max-width: 337px) 100vw, 337px\" \/>\t\t\t\t\t\t\t\t\t\t\t\t\t\t\t<\/div>\n\t\t\t\t<\/div>\n\t\t\t\t\t<\/div>\n\t\t<\/div>\n\t\t\t\t\t<\/div>\n\t\t<\/section>\n\t\t\t\t<section class=\"elementor-section elementor-top-section elementor-element elementor-element-327db0c elementor-section-boxed elementor-section-height-default elementor-section-height-default\" data-id=\"327db0c\" data-element_type=\"section\">\n\t\t\t\t\t\t<div class=\"elementor-container elementor-column-gap-default\">\n\t\t\t\t\t<div class=\"elementor-column elementor-col-50 elementor-top-column elementor-element elementor-element-63218e0\" data-id=\"63218e0\" data-element_type=\"column\">\n\t\t\t<div class=\"elementor-widget-wrap elementor-element-populated\">\n\t\t\t\t\t\t<div class=\"elementor-element elementor-element-55f5861 elementor-widget elementor-widget-heading\" data-id=\"55f5861\" data-element_type=\"widget\" data-widget_type=\"heading.default\">\n\t\t\t\t<div class=\"elementor-widget-container\">\n\t\t\t\t\t<h2 class=\"elementor-heading-title elementor-size-default\">Nutzen des Higher Education Assessments <\/h2>\t\t\t\t<\/div>\n\t\t\t\t<\/div>\n\t\t\t\t<section class=\"elementor-section elementor-inner-section elementor-element elementor-element-23c5ad6 elementor-section-boxed elementor-section-height-default elementor-section-height-default\" data-id=\"23c5ad6\" data-element_type=\"section\">\n\t\t\t\t\t\t<div class=\"elementor-container elementor-column-gap-default\">\n\t\t\t\t\t<div class=\"elementor-column elementor-col-50 elementor-inner-column elementor-element elementor-element-e7aef99\" data-id=\"e7aef99\" data-element_type=\"column\">\n\t\t\t<div class=\"elementor-widget-wrap elementor-element-populated\">\n\t\t\t\t\t\t<div class=\"elementor-element elementor-element-9d732ca elementor-widget elementor-widget-text-editor\" data-id=\"9d732ca\" data-element_type=\"widget\" data-widget_type=\"text-editor.default\">\n\t\t\t\t<div class=\"elementor-widget-container\">\n\t\t\t\t\t\t\t\t\t<ul><li class=\"pad\">Das Konzept der Emotionalen Intelligenz und die 15 EI- Kompetenzen aus dem EQ-i 2.0-Modell kennenlernen<\/li><li class=\"pad\">Anhand des eigenen EI-Profils eigene St\u00e4rken und Schw\u00e4chen in der EI ausfindig machen<\/li><li class=\"pad\">Den Zusammenhang zwischen kognitiven F\u00e4higkeiten und EI- Kompetenzen begreifen und dies nutzen, um akademische Leistungen zu erh\u00f6hen<\/li><li class=\"pad\">Einen Handlungsplan zur Entwicklung der eigenen emotionalen Intelligenz ausarbeiten.<\/li><\/ul>\t\t\t\t\t\t\t\t<\/div>\n\t\t\t\t<\/div>\n\t\t\t\t\t<\/div>\n\t\t<\/div>\n\t\t\t\t<div class=\"elementor-column elementor-col-50 elementor-inner-column elementor-element elementor-element-41e1daa\" data-id=\"41e1daa\" data-element_type=\"column\">\n\t\t\t<div class=\"elementor-widget-wrap elementor-element-populated\">\n\t\t\t\t\t\t<div class=\"elementor-element elementor-element-c0f6f45 elementor-widget elementor-widget-image\" data-id=\"c0f6f45\" data-element_type=\"widget\" data-widget_type=\"image.default\">\n\t\t\t\t<div class=\"elementor-widget-container\">\n\t\t\t\t\t\t\t\t\t\t\t\t\t\t\t<img decoding=\"async\" width=\"163\" height=\"217\" src=\"https:\/\/eqpower.ch\/wp-content\/uploads\/2023\/01\/imgpsh_fullsize_anim-7.png\" class=\"attachment-large size-large wp-image-2084\" alt=\"\" \/>\t\t\t\t\t\t\t\t\t\t\t\t\t\t\t<\/div>\n\t\t\t\t<\/div>\n\t\t\t\t<div class=\"elementor-element elementor-element-dc9e466 elementor-widget elementor-widget-image\" data-id=\"dc9e466\" data-element_type=\"widget\" data-widget_type=\"image.default\">\n\t\t\t\t<div class=\"elementor-widget-container\">\n\t\t\t\t\t\t\t\t\t\t\t\t\t\t\t<img loading=\"lazy\" decoding=\"async\" width=\"168\" height=\"216\" src=\"https:\/\/eqpower.ch\/wp-content\/uploads\/2023\/01\/imgpsh_fullsize_anim-8.png\" class=\"attachment-large size-large wp-image-2085\" alt=\"\" \/>\t\t\t\t\t\t\t\t\t\t\t\t\t\t\t<\/div>\n\t\t\t\t<\/div>\n\t\t\t\t\t<\/div>\n\t\t<\/div>\n\t\t\t\t\t<\/div>\n\t\t<\/section>\n\t\t\t\t\t<\/div>\n\t\t<\/div>\n\t\t\t\t<div class=\"elementor-column elementor-col-50 elementor-top-column elementor-element elementor-element-e4242ac camp\" data-id=\"e4242ac\" data-element_type=\"column\">\n\t\t\t<div class=\"elementor-widget-wrap elementor-element-populated\">\n\t\t\t\t\t\t<div class=\"elementor-element elementor-element-8d02ac8 elementor-widget elementor-widget-heading\" data-id=\"8d02ac8\" data-element_type=\"widget\" data-widget_type=\"heading.default\">\n\t\t\t\t<div class=\"elementor-widget-container\">\n\t\t\t\t\t<h2 class=\"elementor-heading-title elementor-size-default\">Inhalt und Kosten<\/h2>\t\t\t\t<\/div>\n\t\t\t\t<\/div>\n\t\t\t\t<div class=\"elementor-element elementor-element-8234189 elementor-widget elementor-widget-text-editor\" data-id=\"8234189\" data-element_type=\"widget\" data-widget_type=\"text-editor.default\">\n\t\t\t\t<div class=\"elementor-widget-container\">\n\t\t\t\t\t\t\t\t\t<ul>\n \t<li class=\"pad\">EQ-i 2.0 Higher-Education-Bericht Assessment (auf Englisch)<\/li>\n \t<li class=\"pad\">EQ-i 2.0 Higher-Education-Bericht (auf Englisch)<\/li>\n \t<li class=\"pad\">Auswertungsgespr\u00e4ch mit einem zertifizierten Trainer, 45 Minuten lang<\/li>\n \t<li class=\"pad\">Aktionsplan zur Entwicklung der eigenen EI<\/li>\n<\/ul>\t\t\t\t\t\t\t\t<\/div>\n\t\t\t\t<\/div>\n\t\t\t\t<div class=\"elementor-element elementor-element-149c979 elementor-widget elementor-widget-heading\" data-id=\"149c979\" data-element_type=\"widget\" data-widget_type=\"heading.default\">\n\t\t\t\t<div class=\"elementor-widget-container\">\n\t\t\t\t\t<h2 class=\"elementor-heading-title elementor-size-default\"> Preis: 200.- CHF<\/h2>\t\t\t\t<\/div>\n\t\t\t\t<\/div>\n\t\t\t\t<div class=\"elementor-element elementor-element-cded1a8 elementor-position-left elementor-vertical-align-middle elementor-widget elementor-widget-image-box\" data-id=\"cded1a8\" data-element_type=\"widget\" data-widget_type=\"image-box.default\">\n\t\t\t\t<div class=\"elementor-widget-container\">\n\t\t\t\t\t<div class=\"elementor-image-box-wrapper\"><figure class=\"elementor-image-box-img\"><a href=\"https:\/\/eqpower.ch\/wp-content\/uploads\/2023\/02\/Sample-report_Higher-Education_summary.pdf\" target=\"_blank\" tabindex=\"-1\"><img loading=\"lazy\" decoding=\"async\" width=\"132\" height=\"198\" src=\"https:\/\/eqpower.ch\/wp-content\/uploads\/2023\/02\/3b517a92f488a8af683ed1d41db10f3e.png\" class=\"attachment-full size-full wp-image-6336\" alt=\"\" srcset=\"https:\/\/eqpower.ch\/wp-content\/uploads\/2023\/02\/3b517a92f488a8af683ed1d41db10f3e.png 132w, https:\/\/eqpower.ch\/wp-content\/uploads\/2023\/02\/3b517a92f488a8af683ed1d41db10f3e-8x12.png 8w\" sizes=\"(max-width: 132px) 100vw, 132px\" \/><\/a><\/figure><div class=\"elementor-image-box-content\"><h3 class=\"elementor-image-box-title\"><a href=\"https:\/\/eqpower.ch\/wp-content\/uploads\/2023\/02\/Sample-report_Higher-Education_summary.pdf\" target=\"_blank\">EQ-i 2.0 Student Summary Bericht download<\/a><\/h3><\/div><\/div>\t\t\t\t<\/div>\n\t\t\t\t<\/div>\n\t\t\t\t<div class=\"elementor-element elementor-element-7fb9bf2 elementor-position-left elementor-vertical-align-middle elementor-widget elementor-widget-image-box\" data-id=\"7fb9bf2\" data-element_type=\"widget\" data-widget_type=\"image-box.default\">\n\t\t\t\t<div class=\"elementor-widget-container\">\n\t\t\t\t\t<div class=\"elementor-image-box-wrapper\"><figure class=\"elementor-image-box-img\"><a href=\"https:\/\/eqpower.ch\/wp-content\/uploads\/2023\/02\/Sample-report_Higher-Education_comprehensive.pdf\" target=\"_blank\" tabindex=\"-1\"><img loading=\"lazy\" decoding=\"async\" width=\"132\" height=\"198\" src=\"https:\/\/eqpower.ch\/wp-content\/uploads\/2023\/02\/3b517a92f488a8af683ed1d41db10f3e.png\" class=\"attachment-full size-full wp-image-6336\" alt=\"\" srcset=\"https:\/\/eqpower.ch\/wp-content\/uploads\/2023\/02\/3b517a92f488a8af683ed1d41db10f3e.png 132w, https:\/\/eqpower.ch\/wp-content\/uploads\/2023\/02\/3b517a92f488a8af683ed1d41db10f3e-8x12.png 8w\" sizes=\"(max-width: 132px) 100vw, 132px\" \/><\/a><\/figure><div class=\"elementor-image-box-content\"><h3 class=\"elementor-image-box-title\"><a href=\"https:\/\/eqpower.ch\/wp-content\/uploads\/2023\/02\/Sample-report_Higher-Education_comprehensive.pdf\" target=\"_blank\">EQ-i 2.0 Student Comprehensive Bericht download<\/a><\/h3><\/div><\/div>\t\t\t\t<\/div>\n\t\t\t\t<\/div>\n\t\t\t\t\t<\/div>\n\t\t<\/div>\n\t\t\t\t\t<\/div>\n\t\t<\/section>\n\t\t\t\t<\/div>\n\t\t","protected":false},"excerpt":{"rendered":"<p>EQ-i 2.0 Higher Education Der Higher-Education-Bericht wurde eigens f\u00fcr Studierende und Lernende entwickelt. Analog zum EQ-i 2.0-Bericht bietet auch der Higher-Education-Bericht einen Einblick in pers\u00f6nliche EI-Profile und erlaubt es jungen Leuten zu erkennen, welchen Einfluss Emotionen auf ihre akademische oder schulische Leistungen haben. Wie die Forschung zeigt, h\u00e4ngt der akademische und schulische Erfolg nicht nur [&hellip;]<\/p>\n","protected":false},"author":1,"featured_media":0,"parent":1218,"menu_order":0,"comment_status":"closed","ping_status":"closed","template":"","meta":{"footnotes":""},"class_list":["post-2069","page","type-page","status-publish","hentry"],"yoast_head":"<!-- This site is optimized with the Yoast SEO plugin v25.1 - https:\/\/yoast.com\/wordpress\/plugins\/seo\/ -->\n<title>EQ-i 2.0 Higher Education - EQ-Power<\/title>\n<meta name=\"robots\" content=\"index, follow, max-snippet:-1, max-image-preview:large, max-video-preview:-1\" \/>\n<link rel=\"canonical\" href=\"http:\/\/eqpower.ch\/de\/eq-i\/eq-i-2-0-higher-education\/\" \/>\n<meta property=\"og:locale\" content=\"de_DE\" \/>\n<meta property=\"og:type\" content=\"article\" \/>\n<meta property=\"og:title\" content=\"EQ-i 2.0 Higher Education - EQ-Power\" \/>\n<meta property=\"og:description\" content=\"EQ-i 2.0 Higher Education Der Higher-Education-Bericht wurde eigens f\u00fcr Studierende und Lernende entwickelt. Analog zum EQ-i 2.0-Bericht bietet auch der Higher-Education-Bericht einen Einblick in pers\u00f6nliche EI-Profile und erlaubt es jungen Leuten zu erkennen, welchen Einfluss Emotionen auf ihre akademische oder schulische Leistungen haben. Wie die Forschung zeigt, h\u00e4ngt der akademische und schulische Erfolg nicht nur [&hellip;]\" \/>\n<meta property=\"og:url\" content=\"http:\/\/eqpower.ch\/de\/eq-i\/eq-i-2-0-higher-education\/\" \/>\n<meta property=\"og:site_name\" content=\"EQ-Power\" \/>\n<meta property=\"article:modified_time\" content=\"2023-02-15T18:47:55+00:00\" \/>\n<meta property=\"og:image\" content=\"https:\/\/eqpower.ch\/wp-content\/uploads\/2023\/02\/Gruppe-71.png\" \/>\n<meta name=\"twitter:card\" content=\"summary_large_image\" \/>\n<meta name=\"twitter:label1\" content=\"Gesch\u00e4tzte Lesezeit\" \/>\n\t<meta name=\"twitter:data1\" content=\"3\u00a0Minuten\" \/>\n<script type=\"application\/ld+json\" class=\"yoast-schema-graph\">{\"@context\":\"https:\/\/schema.org\",\"@graph\":[{\"@type\":\"WebPage\",\"@id\":\"http:\/\/eqpower.ch\/de\/eq-i\/eq-i-2-0-higher-education\/\",\"url\":\"http:\/\/eqpower.ch\/de\/eq-i\/eq-i-2-0-higher-education\/\",\"name\":\"EQ-i 2.0 Higher Education - EQ-Power\",\"isPartOf\":{\"@id\":\"https:\/\/eqpower.ch\/#website\"},\"primaryImageOfPage\":{\"@id\":\"http:\/\/eqpower.ch\/de\/eq-i\/eq-i-2-0-higher-education\/#primaryimage\"},\"image\":{\"@id\":\"http:\/\/eqpower.ch\/de\/eq-i\/eq-i-2-0-higher-education\/#primaryimage\"},\"thumbnailUrl\":\"https:\/\/eqpower.ch\/wp-content\/uploads\/2023\/02\/Gruppe-71.png\",\"datePublished\":\"2023-01-08T04:56:37+00:00\",\"dateModified\":\"2023-02-15T18:47:55+00:00\",\"breadcrumb\":{\"@id\":\"http:\/\/eqpower.ch\/de\/eq-i\/eq-i-2-0-higher-education\/#breadcrumb\"},\"inLanguage\":\"de-CH\",\"potentialAction\":[{\"@type\":\"ReadAction\",\"target\":[\"http:\/\/eqpower.ch\/de\/eq-i\/eq-i-2-0-higher-education\/\"]}]},{\"@type\":\"ImageObject\",\"inLanguage\":\"de-CH\",\"@id\":\"http:\/\/eqpower.ch\/de\/eq-i\/eq-i-2-0-higher-education\/#primaryimage\",\"url\":\"https:\/\/eqpower.ch\/wp-content\/uploads\/2023\/02\/Gruppe-71.png\",\"contentUrl\":\"https:\/\/eqpower.ch\/wp-content\/uploads\/2023\/02\/Gruppe-71.png\"},{\"@type\":\"BreadcrumbList\",\"@id\":\"http:\/\/eqpower.ch\/de\/eq-i\/eq-i-2-0-higher-education\/#breadcrumb\",\"itemListElement\":[{\"@type\":\"ListItem\",\"position\":1,\"name\":\"Home\",\"item\":\"https:\/\/eqpower.ch\/\"},{\"@type\":\"ListItem\",\"position\":2,\"name\":\"EQ-i\",\"item\":\"https:\/\/eqpower.ch\/de\/eq-i\/\"},{\"@type\":\"ListItem\",\"position\":3,\"name\":\"EQ-i 2.0 Higher Education\"}]},{\"@type\":\"WebSite\",\"@id\":\"https:\/\/eqpower.ch\/#website\",\"url\":\"https:\/\/eqpower.ch\/\",\"name\":\"EQ-Power\",\"description\":\"emotionally smart\",\"publisher\":{\"@id\":\"https:\/\/eqpower.ch\/#organization\"},\"potentialAction\":[{\"@type\":\"SearchAction\",\"target\":{\"@type\":\"EntryPoint\",\"urlTemplate\":\"https:\/\/eqpower.ch\/?s={search_term_string}\"},\"query-input\":{\"@type\":\"PropertyValueSpecification\",\"valueRequired\":true,\"valueName\":\"search_term_string\"}}],\"inLanguage\":\"de-CH\"},{\"@type\":\"Organization\",\"@id\":\"https:\/\/eqpower.ch\/#organization\",\"name\":\"EQ-Power\",\"url\":\"https:\/\/eqpower.ch\/\",\"logo\":{\"@type\":\"ImageObject\",\"inLanguage\":\"de-CH\",\"@id\":\"https:\/\/eqpower.ch\/#\/schema\/logo\/image\/\",\"url\":\"https:\/\/eqpower.ch\/wp-content\/uploads\/2022\/12\/EQpower_big_cmyk-Neu.png\",\"contentUrl\":\"https:\/\/eqpower.ch\/wp-content\/uploads\/2022\/12\/EQpower_big_cmyk-Neu.png\",\"width\":3175,\"height\":705,\"caption\":\"EQ-Power\"},\"image\":{\"@id\":\"https:\/\/eqpower.ch\/#\/schema\/logo\/image\/\"}}]}<\/script>\n<!-- \/ Yoast SEO plugin. -->","yoast_head_json":{"title":"EQ-i 2.0 Higher Education - EQ-Power","robots":{"index":"index","follow":"follow","max-snippet":"max-snippet:-1","max-image-preview":"max-image-preview:large","max-video-preview":"max-video-preview:-1"},"canonical":"http:\/\/eqpower.ch\/de\/eq-i\/eq-i-2-0-higher-education\/","og_locale":"de_DE","og_type":"article","og_title":"EQ-i 2.0 Higher Education - EQ-Power","og_description":"EQ-i 2.0 Higher Education Der Higher-Education-Bericht wurde eigens f\u00fcr Studierende und Lernende entwickelt. Analog zum EQ-i 2.0-Bericht bietet auch der Higher-Education-Bericht einen Einblick in pers\u00f6nliche EI-Profile und erlaubt es jungen Leuten zu erkennen, welchen Einfluss Emotionen auf ihre akademische oder schulische Leistungen haben. Wie die Forschung zeigt, h\u00e4ngt der akademische und schulische Erfolg nicht nur [&hellip;]","og_url":"http:\/\/eqpower.ch\/de\/eq-i\/eq-i-2-0-higher-education\/","og_site_name":"EQ-Power","article_modified_time":"2023-02-15T18:47:55+00:00","og_image":[{"url":"https:\/\/eqpower.ch\/wp-content\/uploads\/2023\/02\/Gruppe-71.png","type":"","width":"","height":""}],"twitter_card":"summary_large_image","twitter_misc":{"Gesch\u00e4tzte Lesezeit":"3\u00a0Minuten"},"schema":{"@context":"https:\/\/schema.org","@graph":[{"@type":"WebPage","@id":"http:\/\/eqpower.ch\/de\/eq-i\/eq-i-2-0-higher-education\/","url":"http:\/\/eqpower.ch\/de\/eq-i\/eq-i-2-0-higher-education\/","name":"EQ-i 2.0 Higher Education - EQ-Power","isPartOf":{"@id":"https:\/\/eqpower.ch\/#website"},"primaryImageOfPage":{"@id":"http:\/\/eqpower.ch\/de\/eq-i\/eq-i-2-0-higher-education\/#primaryimage"},"image":{"@id":"http:\/\/eqpower.ch\/de\/eq-i\/eq-i-2-0-higher-education\/#primaryimage"},"thumbnailUrl":"https:\/\/eqpower.ch\/wp-content\/uploads\/2023\/02\/Gruppe-71.png","datePublished":"2023-01-08T04:56:37+00:00","dateModified":"2023-02-15T18:47:55+00:00","breadcrumb":{"@id":"http:\/\/eqpower.ch\/de\/eq-i\/eq-i-2-0-higher-education\/#breadcrumb"},"inLanguage":"de-CH","potentialAction":[{"@type":"ReadAction","target":["http:\/\/eqpower.ch\/de\/eq-i\/eq-i-2-0-higher-education\/"]}]},{"@type":"ImageObject","inLanguage":"de-CH","@id":"http:\/\/eqpower.ch\/de\/eq-i\/eq-i-2-0-higher-education\/#primaryimage","url":"https:\/\/eqpower.ch\/wp-content\/uploads\/2023\/02\/Gruppe-71.png","contentUrl":"https:\/\/eqpower.ch\/wp-content\/uploads\/2023\/02\/Gruppe-71.png"},{"@type":"BreadcrumbList","@id":"http:\/\/eqpower.ch\/de\/eq-i\/eq-i-2-0-higher-education\/#breadcrumb","itemListElement":[{"@type":"ListItem","position":1,"name":"Home","item":"https:\/\/eqpower.ch\/"},{"@type":"ListItem","position":2,"name":"EQ-i","item":"https:\/\/eqpower.ch\/de\/eq-i\/"},{"@type":"ListItem","position":3,"name":"EQ-i 2.0 Higher Education"}]},{"@type":"WebSite","@id":"https:\/\/eqpower.ch\/#website","url":"https:\/\/eqpower.ch\/","name":"EQ-Power","description":"emotionally smart","publisher":{"@id":"https:\/\/eqpower.ch\/#organization"},"potentialAction":[{"@type":"SearchAction","target":{"@type":"EntryPoint","urlTemplate":"https:\/\/eqpower.ch\/?s={search_term_string}"},"query-input":{"@type":"PropertyValueSpecification","valueRequired":true,"valueName":"search_term_string"}}],"inLanguage":"de-CH"},{"@type":"Organization","@id":"https:\/\/eqpower.ch\/#organization","name":"EQ-Power","url":"https:\/\/eqpower.ch\/","logo":{"@type":"ImageObject","inLanguage":"de-CH","@id":"https:\/\/eqpower.ch\/#\/schema\/logo\/image\/","url":"https:\/\/eqpower.ch\/wp-content\/uploads\/2022\/12\/EQpower_big_cmyk-Neu.png","contentUrl":"https:\/\/eqpower.ch\/wp-content\/uploads\/2022\/12\/EQpower_big_cmyk-Neu.png","width":3175,"height":705,"caption":"EQ-Power"},"image":{"@id":"https:\/\/eqpower.ch\/#\/schema\/logo\/image\/"}}]}},"_links":{"self":[{"href":"https:\/\/eqpower.ch\/de\/wp-json\/wp\/v2\/pages\/2069","targetHints":{"allow":["GET"]}}],"collection":[{"href":"https:\/\/eqpower.ch\/de\/wp-json\/wp\/v2\/pages"}],"about":[{"href":"https:\/\/eqpower.ch\/de\/wp-json\/wp\/v2\/types\/page"}],"author":[{"embeddable":true,"href":"https:\/\/eqpower.ch\/de\/wp-json\/wp\/v2\/users\/1"}],"replies":[{"embeddable":true,"href":"https:\/\/eqpower.ch\/de\/wp-json\/wp\/v2\/comments?post=2069"}],"version-history":[{"count":5,"href":"https:\/\/eqpower.ch\/de\/wp-json\/wp\/v2\/pages\/2069\/revisions"}],"predecessor-version":[{"id":6650,"href":"https:\/\/eqpower.ch\/de\/wp-json\/wp\/v2\/pages\/2069\/revisions\/6650"}],"up":[{"embeddable":true,"href":"https:\/\/eqpower.ch\/de\/wp-json\/wp\/v2\/pages\/1218"}],"wp:attachment":[{"href":"https:\/\/eqpower.ch\/de\/wp-json\/wp\/v2\/media?parent=2069"}],"curies":[{"name":"wp","href":"https:\/\/api.w.org\/{rel}","templated":true}]}}