{"id":2035,"date":"2023-01-07T18:10:02","date_gmt":"2023-01-07T17:10:02","guid":{"rendered":"https:\/\/eqpower.ch\/?page_id=2035"},"modified":"2023-02-15T19:13:52","modified_gmt":"2023-02-15T18:13:52","slug":"partners","status":"publish","type":"page","link":"https:\/\/eqpower.ch\/de\/about\/partners\/","title":{"rendered":"Partners"},"content":{"rendered":"\t\t<div data-elementor-type=\"wp-page\" data-elementor-id=\"2035\" class=\"elementor elementor-2035\" data-elementor-post-type=\"page\">\n\t\t\t\t\t\t<section class=\"elementor-section elementor-top-section elementor-element elementor-element-e5bf847 elementor-section-height-min-height elementor-section-items-top elementor-section-boxed elementor-section-height-default\" data-id=\"e5bf847\" data-element_type=\"section\" data-settings=\"{&quot;background_background&quot;:&quot;classic&quot;}\">\n\t\t\t\t\t\t\t<div class=\"elementor-background-overlay\"><\/div>\n\t\t\t\t\t\t\t<div class=\"elementor-container elementor-column-gap-default\">\n\t\t\t\t\t<div class=\"elementor-column elementor-col-100 elementor-top-column elementor-element elementor-element-e68e75b\" data-id=\"e68e75b\" data-element_type=\"column\">\n\t\t\t<div class=\"elementor-widget-wrap\">\n\t\t\t\t\t\t\t<\/div>\n\t\t<\/div>\n\t\t\t\t\t<\/div>\n\t\t<\/section>\n\t\t\t\t<section class=\"elementor-section elementor-top-section elementor-element elementor-element-5dc9e63 elementor-section-boxed elementor-section-height-default elementor-section-height-default\" data-id=\"5dc9e63\" data-element_type=\"section\">\n\t\t\t\t\t\t<div class=\"elementor-container elementor-column-gap-default\">\n\t\t\t\t\t<div class=\"elementor-column elementor-col-100 elementor-top-column elementor-element elementor-element-91c172b\" data-id=\"91c172b\" data-element_type=\"column\">\n\t\t\t<div class=\"elementor-widget-wrap elementor-element-populated\">\n\t\t\t\t\t\t<div class=\"elementor-element elementor-element-9eb7cdc h1-fontss elementor-widget elementor-widget-heading\" data-id=\"9eb7cdc\" data-element_type=\"widget\" data-widget_type=\"heading.default\">\n\t\t\t\t<div class=\"elementor-widget-container\">\n\t\t\t\t\t<h1 class=\"elementor-heading-title elementor-size-default\">Partners<\/h1>\t\t\t\t<\/div>\n\t\t\t\t<\/div>\n\t\t\t\t\t<\/div>\n\t\t<\/div>\n\t\t\t\t\t<\/div>\n\t\t<\/section>\n\t\t\t\t<section class=\"elementor-section elementor-top-section elementor-element elementor-element-a777b8c elementor-section-boxed elementor-section-height-default elementor-section-height-default\" data-id=\"a777b8c\" data-element_type=\"section\">\n\t\t\t\t\t\t<div class=\"elementor-container elementor-column-gap-default\">\n\t\t\t\t\t<div class=\"elementor-column elementor-col-50 elementor-top-column elementor-element elementor-element-49d3246\" data-id=\"49d3246\" data-element_type=\"column\">\n\t\t\t<div class=\"elementor-widget-wrap elementor-element-populated\">\n\t\t\t\t\t\t<div class=\"elementor-element elementor-element-05fc542 image-object-fit elementor-widget elementor-widget-image\" data-id=\"05fc542\" data-element_type=\"widget\" data-widget_type=\"image.default\">\n\t\t\t\t<div class=\"elementor-widget-container\">\n\t\t\t\t\t\t\t\t\t\t\t\t\t\t\t<img fetchpriority=\"high\" decoding=\"async\" width=\"239\" height=\"237\" src=\"https:\/\/eqpower.ch\/wp-content\/uploads\/2023\/01\/imgpsh_fullsize_anim-5.png\" class=\"attachment-large size-large wp-image-2046\" alt=\"\" srcset=\"https:\/\/eqpower.ch\/wp-content\/uploads\/2023\/01\/imgpsh_fullsize_anim-5.png 239w, https:\/\/eqpower.ch\/wp-content\/uploads\/2023\/01\/imgpsh_fullsize_anim-5-150x150.png 150w\" sizes=\"(max-width: 239px) 100vw, 239px\" \/>\t\t\t\t\t\t\t\t\t\t\t\t\t\t\t<\/div>\n\t\t\t\t<\/div>\n\t\t\t\t\t<\/div>\n\t\t<\/div>\n\t\t\t\t<div class=\"elementor-column elementor-col-50 elementor-top-column elementor-element elementor-element-1ce196e camp\" data-id=\"1ce196e\" data-element_type=\"column\">\n\t\t\t<div class=\"elementor-widget-wrap elementor-element-populated\">\n\t\t\t\t\t\t<div class=\"elementor-element elementor-element-f66567f elementor-widget elementor-widget-heading\" data-id=\"f66567f\" data-element_type=\"widget\" data-widget_type=\"heading.default\">\n\t\t\t\t<div class=\"elementor-widget-container\">\n\t\t\t\t\t<h2 class=\"elementor-heading-title elementor-size-default\">EQ Power ist ein anerkannter Training Partner und Distributor von MHS f\u00fcr die EQ-i 2.0 und EQ 360\u00b0 Zertifizierungsprogramme. <\/h2>\t\t\t\t<\/div>\n\t\t\t\t<\/div>\n\t\t\t\t<div class=\"elementor-element elementor-element-52138fd elementor-widget elementor-widget-text-editor\" data-id=\"52138fd\" data-element_type=\"widget\" data-widget_type=\"text-editor.default\">\n\t\t\t\t<div class=\"elementor-widget-container\">\n\t\t\t\t\t\t\t\t\t<p>MHS ist ein weltweit anerkannter Verlag f\u00fcr psychologische Assessments mit Hauptquartier in Toronto, Kanada. Produkte und Dienstleistungen von MHS werden vielseitig eingesetzt: in klinischen, pharmazeutischen und forensischen Branchen sowie in der Ausbildung, der Gesch\u00e4ftswelt und zu Forschungszwecken. Zu den Produkten von MHS geh\u00f6ren f\u00fchrende Assessments wie Conners\u2019 Rating Scales, the Children\u2019s Depression Inventory, the Emotional Quotient Inventory (EQ-i), the Positive and Negative Syndrome Scale, the Hare Psychopathy Checklist\u2013Revised 2nd Edition, the Mayer-Salovey-Caruso Emotional Intelligence Test (MSCEIT), und der Test of Memory Malingering.<strong>\u00a0<span style=\"color: #000000;\"><a style=\"color: #000000;\" href=\"https:\/\/mhs.com\/\">Mehr dar\u00fcber<\/a><\/span><\/strong><\/p>\t\t\t\t\t\t\t\t<\/div>\n\t\t\t\t<\/div>\n\t\t\t\t\t<\/div>\n\t\t<\/div>\n\t\t\t\t\t<\/div>\n\t\t<\/section>\n\t\t\t\t<\/div>\n\t\t","protected":false},"excerpt":{"rendered":"<p>Partners EQ Power ist ein anerkannter Training Partner und Distributor von MHS f\u00fcr die EQ-i 2.0 und EQ 360\u00b0 Zertifizierungsprogramme. MHS ist ein weltweit anerkannter Verlag f\u00fcr psychologische Assessments mit Hauptquartier in Toronto, Kanada. Produkte und Dienstleistungen von MHS werden vielseitig eingesetzt: in klinischen, pharmazeutischen und forensischen Branchen sowie in der Ausbildung, der Gesch\u00e4ftswelt und [&hellip;]<\/p>\n","protected":false},"author":1,"featured_media":0,"parent":687,"menu_order":0,"comment_status":"closed","ping_status":"closed","template":"","meta":{"footnotes":""},"class_list":["post-2035","page","type-page","status-publish","hentry"],"yoast_head":"<!-- This site is optimized with the Yoast SEO plugin v25.1 - https:\/\/yoast.com\/wordpress\/plugins\/seo\/ -->\n<title>Partners - EQ-Power<\/title>\n<meta name=\"robots\" content=\"index, follow, max-snippet:-1, max-image-preview:large, max-video-preview:-1\" \/>\n<link rel=\"canonical\" href=\"https:\/\/eqpower.ch\/de\/about\/partners\/\" \/>\n<meta property=\"og:locale\" content=\"de_DE\" \/>\n<meta property=\"og:type\" content=\"article\" \/>\n<meta property=\"og:title\" content=\"Partners - EQ-Power\" \/>\n<meta property=\"og:description\" content=\"Partners EQ Power ist ein anerkannter Training Partner und Distributor von MHS f\u00fcr die EQ-i 2.0 und EQ 360\u00b0 Zertifizierungsprogramme. MHS ist ein weltweit anerkannter Verlag f\u00fcr psychologische Assessments mit Hauptquartier in Toronto, Kanada. Produkte und Dienstleistungen von MHS werden vielseitig eingesetzt: in klinischen, pharmazeutischen und forensischen Branchen sowie in der Ausbildung, der Gesch\u00e4ftswelt und [&hellip;]\" \/>\n<meta property=\"og:url\" content=\"https:\/\/eqpower.ch\/de\/about\/partners\/\" \/>\n<meta property=\"og:site_name\" content=\"EQ-Power\" \/>\n<meta property=\"article:modified_time\" content=\"2023-02-15T18:13:52+00:00\" \/>\n<meta property=\"og:image\" content=\"https:\/\/eqpower.ch\/wp-content\/uploads\/2023\/01\/imgpsh_fullsize_anim-5.png\" \/>\n<meta name=\"twitter:card\" content=\"summary_large_image\" \/>\n<meta name=\"twitter:label1\" content=\"Gesch\u00e4tzte Lesezeit\" \/>\n\t<meta name=\"twitter:data1\" content=\"1\u00a0Minute\" \/>\n<script type=\"application\/ld+json\" class=\"yoast-schema-graph\">{\"@context\":\"https:\/\/schema.org\",\"@graph\":[{\"@type\":\"WebPage\",\"@id\":\"https:\/\/eqpower.ch\/about\/partners\/\",\"url\":\"https:\/\/eqpower.ch\/about\/partners\/\",\"name\":\"Partners - EQ-Power\",\"isPartOf\":{\"@id\":\"https:\/\/eqpower.ch\/#website\"},\"primaryImageOfPage\":{\"@id\":\"https:\/\/eqpower.ch\/about\/partners\/#primaryimage\"},\"image\":{\"@id\":\"https:\/\/eqpower.ch\/about\/partners\/#primaryimage\"},\"thumbnailUrl\":\"https:\/\/eqpower.ch\/wp-content\/uploads\/2023\/01\/imgpsh_fullsize_anim-5.png\",\"datePublished\":\"2023-01-07T17:10:02+00:00\",\"dateModified\":\"2023-02-15T18:13:52+00:00\",\"breadcrumb\":{\"@id\":\"https:\/\/eqpower.ch\/about\/partners\/#breadcrumb\"},\"inLanguage\":\"de-CH\",\"potentialAction\":[{\"@type\":\"ReadAction\",\"target\":[\"https:\/\/eqpower.ch\/about\/partners\/\"]}]},{\"@type\":\"ImageObject\",\"inLanguage\":\"de-CH\",\"@id\":\"https:\/\/eqpower.ch\/about\/partners\/#primaryimage\",\"url\":\"https:\/\/eqpower.ch\/wp-content\/uploads\/2023\/01\/imgpsh_fullsize_anim-5.png\",\"contentUrl\":\"https:\/\/eqpower.ch\/wp-content\/uploads\/2023\/01\/imgpsh_fullsize_anim-5.png\"},{\"@type\":\"BreadcrumbList\",\"@id\":\"https:\/\/eqpower.ch\/about\/partners\/#breadcrumb\",\"itemListElement\":[{\"@type\":\"ListItem\",\"position\":1,\"name\":\"Home\",\"item\":\"https:\/\/eqpower.ch\/\"},{\"@type\":\"ListItem\",\"position\":2,\"name\":\"About\",\"item\":\"https:\/\/eqpower.ch\/about\/\"},{\"@type\":\"ListItem\",\"position\":3,\"name\":\"Partners\"}]},{\"@type\":\"WebSite\",\"@id\":\"https:\/\/eqpower.ch\/#website\",\"url\":\"https:\/\/eqpower.ch\/\",\"name\":\"EQ-Power\",\"description\":\"emotionally smart\",\"publisher\":{\"@id\":\"https:\/\/eqpower.ch\/#organization\"},\"potentialAction\":[{\"@type\":\"SearchAction\",\"target\":{\"@type\":\"EntryPoint\",\"urlTemplate\":\"https:\/\/eqpower.ch\/?s={search_term_string}\"},\"query-input\":{\"@type\":\"PropertyValueSpecification\",\"valueRequired\":true,\"valueName\":\"search_term_string\"}}],\"inLanguage\":\"de-CH\"},{\"@type\":\"Organization\",\"@id\":\"https:\/\/eqpower.ch\/#organization\",\"name\":\"EQ-Power\",\"url\":\"https:\/\/eqpower.ch\/\",\"logo\":{\"@type\":\"ImageObject\",\"inLanguage\":\"de-CH\",\"@id\":\"https:\/\/eqpower.ch\/#\/schema\/logo\/image\/\",\"url\":\"https:\/\/eqpower.ch\/wp-content\/uploads\/2022\/12\/EQpower_big_cmyk-Neu.png\",\"contentUrl\":\"https:\/\/eqpower.ch\/wp-content\/uploads\/2022\/12\/EQpower_big_cmyk-Neu.png\",\"width\":3175,\"height\":705,\"caption\":\"EQ-Power\"},\"image\":{\"@id\":\"https:\/\/eqpower.ch\/#\/schema\/logo\/image\/\"}}]}<\/script>\n<!-- \/ Yoast SEO plugin. -->","yoast_head_json":{"title":"Partners - EQ-Power","robots":{"index":"index","follow":"follow","max-snippet":"max-snippet:-1","max-image-preview":"max-image-preview:large","max-video-preview":"max-video-preview:-1"},"canonical":"https:\/\/eqpower.ch\/de\/about\/partners\/","og_locale":"de_DE","og_type":"article","og_title":"Partners - EQ-Power","og_description":"Partners EQ Power ist ein anerkannter Training Partner und Distributor von MHS f\u00fcr die EQ-i 2.0 und EQ 360\u00b0 Zertifizierungsprogramme. MHS ist ein weltweit anerkannter Verlag f\u00fcr psychologische Assessments mit Hauptquartier in Toronto, Kanada. Produkte und Dienstleistungen von MHS werden vielseitig eingesetzt: in klinischen, pharmazeutischen und forensischen Branchen sowie in der Ausbildung, der Gesch\u00e4ftswelt und [&hellip;]","og_url":"https:\/\/eqpower.ch\/de\/about\/partners\/","og_site_name":"EQ-Power","article_modified_time":"2023-02-15T18:13:52+00:00","og_image":[{"url":"https:\/\/eqpower.ch\/wp-content\/uploads\/2023\/01\/imgpsh_fullsize_anim-5.png","type":"","width":"","height":""}],"twitter_card":"summary_large_image","twitter_misc":{"Gesch\u00e4tzte Lesezeit":"1\u00a0Minute"},"schema":{"@context":"https:\/\/schema.org","@graph":[{"@type":"WebPage","@id":"https:\/\/eqpower.ch\/about\/partners\/","url":"https:\/\/eqpower.ch\/about\/partners\/","name":"Partners - EQ-Power","isPartOf":{"@id":"https:\/\/eqpower.ch\/#website"},"primaryImageOfPage":{"@id":"https:\/\/eqpower.ch\/about\/partners\/#primaryimage"},"image":{"@id":"https:\/\/eqpower.ch\/about\/partners\/#primaryimage"},"thumbnailUrl":"https:\/\/eqpower.ch\/wp-content\/uploads\/2023\/01\/imgpsh_fullsize_anim-5.png","datePublished":"2023-01-07T17:10:02+00:00","dateModified":"2023-02-15T18:13:52+00:00","breadcrumb":{"@id":"https:\/\/eqpower.ch\/about\/partners\/#breadcrumb"},"inLanguage":"de-CH","potentialAction":[{"@type":"ReadAction","target":["https:\/\/eqpower.ch\/about\/partners\/"]}]},{"@type":"ImageObject","inLanguage":"de-CH","@id":"https:\/\/eqpower.ch\/about\/partners\/#primaryimage","url":"https:\/\/eqpower.ch\/wp-content\/uploads\/2023\/01\/imgpsh_fullsize_anim-5.png","contentUrl":"https:\/\/eqpower.ch\/wp-content\/uploads\/2023\/01\/imgpsh_fullsize_anim-5.png"},{"@type":"BreadcrumbList","@id":"https:\/\/eqpower.ch\/about\/partners\/#breadcrumb","itemListElement":[{"@type":"ListItem","position":1,"name":"Home","item":"https:\/\/eqpower.ch\/"},{"@type":"ListItem","position":2,"name":"About","item":"https:\/\/eqpower.ch\/about\/"},{"@type":"ListItem","position":3,"name":"Partners"}]},{"@type":"WebSite","@id":"https:\/\/eqpower.ch\/#website","url":"https:\/\/eqpower.ch\/","name":"EQ-Power","description":"emotionally smart","publisher":{"@id":"https:\/\/eqpower.ch\/#organization"},"potentialAction":[{"@type":"SearchAction","target":{"@type":"EntryPoint","urlTemplate":"https:\/\/eqpower.ch\/?s={search_term_string}"},"query-input":{"@type":"PropertyValueSpecification","valueRequired":true,"valueName":"search_term_string"}}],"inLanguage":"de-CH"},{"@type":"Organization","@id":"https:\/\/eqpower.ch\/#organization","name":"EQ-Power","url":"https:\/\/eqpower.ch\/","logo":{"@type":"ImageObject","inLanguage":"de-CH","@id":"https:\/\/eqpower.ch\/#\/schema\/logo\/image\/","url":"https:\/\/eqpower.ch\/wp-content\/uploads\/2022\/12\/EQpower_big_cmyk-Neu.png","contentUrl":"https:\/\/eqpower.ch\/wp-content\/uploads\/2022\/12\/EQpower_big_cmyk-Neu.png","width":3175,"height":705,"caption":"EQ-Power"},"image":{"@id":"https:\/\/eqpower.ch\/#\/schema\/logo\/image\/"}}]}},"_links":{"self":[{"href":"https:\/\/eqpower.ch\/de\/wp-json\/wp\/v2\/pages\/2035","targetHints":{"allow":["GET"]}}],"collection":[{"href":"https:\/\/eqpower.ch\/de\/wp-json\/wp\/v2\/pages"}],"about":[{"href":"https:\/\/eqpower.ch\/de\/wp-json\/wp\/v2\/types\/page"}],"author":[{"embeddable":true,"href":"https:\/\/eqpower.ch\/de\/wp-json\/wp\/v2\/users\/1"}],"replies":[{"embeddable":true,"href":"https:\/\/eqpower.ch\/de\/wp-json\/wp\/v2\/comments?post=2035"}],"version-history":[{"count":5,"href":"https:\/\/eqpower.ch\/de\/wp-json\/wp\/v2\/pages\/2035\/revisions"}],"predecessor-version":[{"id":6574,"href":"https:\/\/eqpower.ch\/de\/wp-json\/wp\/v2\/pages\/2035\/revisions\/6574"}],"up":[{"embeddable":true,"href":"https:\/\/eqpower.ch\/de\/wp-json\/wp\/v2\/pages\/687"}],"wp:attachment":[{"href":"https:\/\/eqpower.ch\/de\/wp-json\/wp\/v2\/media?parent=2035"}],"curies":[{"name":"wp","href":"https:\/\/api.w.org\/{rel}","templated":true}]}}