{"id":2006,"date":"2023-01-07T17:42:43","date_gmt":"2023-01-07T16:42:43","guid":{"rendered":"https:\/\/eqpower.ch\/?page_id=2006"},"modified":"2024-03-21T21:22:36","modified_gmt":"2024-03-21T20:22:36","slug":"eq-360-leadership","status":"publish","type":"page","link":"https:\/\/eqpower.ch\/de\/eq-i\/eq-360-leadership\/","title":{"rendered":"EQ 360 Leadership"},"content":{"rendered":"\t\t<div data-elementor-type=\"wp-page\" data-elementor-id=\"2006\" class=\"elementor elementor-2006\" data-elementor-post-type=\"page\">\n\t\t\t\t\t\t<section class=\"elementor-section elementor-top-section elementor-element elementor-element-161d8191 elementor-section-height-min-height elementor-section-boxed elementor-section-height-default elementor-section-items-middle\" data-id=\"161d8191\" data-element_type=\"section\" data-settings=\"{&quot;background_background&quot;:&quot;classic&quot;}\">\n\t\t\t\t\t\t\t<div class=\"elementor-background-overlay\"><\/div>\n\t\t\t\t\t\t\t<div class=\"elementor-container elementor-column-gap-default\">\n\t\t\t\t\t<div class=\"elementor-column elementor-col-100 elementor-top-column elementor-element elementor-element-1fdf979c\" data-id=\"1fdf979c\" data-element_type=\"column\">\n\t\t\t<div class=\"elementor-widget-wrap elementor-element-populated\">\n\t\t\t\t\t\t<div class=\"elementor-element elementor-element-8cdec08 elementor-widget elementor-widget-image\" data-id=\"8cdec08\" data-element_type=\"widget\" data-widget_type=\"image.default\">\n\t\t\t\t<div class=\"elementor-widget-container\">\n\t\t\t\t\t\t\t\t\t\t\t\t\t\t\t<img fetchpriority=\"high\" decoding=\"async\" width=\"700\" height=\"700\" src=\"https:\/\/eqpower.ch\/wp-content\/uploads\/2023\/02\/Gruppe-70.png\" class=\"attachment-large size-large wp-image-6270\" alt=\"\" srcset=\"https:\/\/eqpower.ch\/wp-content\/uploads\/2023\/02\/Gruppe-70.png 700w, https:\/\/eqpower.ch\/wp-content\/uploads\/2023\/02\/Gruppe-70-300x300.png 300w, https:\/\/eqpower.ch\/wp-content\/uploads\/2023\/02\/Gruppe-70-150x150.png 150w, https:\/\/eqpower.ch\/wp-content\/uploads\/2023\/02\/Gruppe-70-12x12.png 12w\" sizes=\"(max-width: 700px) 100vw, 700px\" \/>\t\t\t\t\t\t\t\t\t\t\t\t\t\t\t<\/div>\n\t\t\t\t<\/div>\n\t\t\t\t\t<\/div>\n\t\t<\/div>\n\t\t\t\t\t<\/div>\n\t\t<\/section>\n\t\t\t\t<section class=\"elementor-section elementor-top-section elementor-element elementor-element-30c4072e elementor-section-boxed elementor-section-height-default elementor-section-height-default\" data-id=\"30c4072e\" data-element_type=\"section\">\n\t\t\t\t\t\t<div class=\"elementor-container elementor-column-gap-default\">\n\t\t\t\t\t<div class=\"elementor-column elementor-col-100 elementor-top-column elementor-element elementor-element-45e78a21\" data-id=\"45e78a21\" data-element_type=\"column\">\n\t\t\t<div class=\"elementor-widget-wrap elementor-element-populated\">\n\t\t\t\t\t\t<div class=\"elementor-element elementor-element-7ebb2ffd h1-fontss elementor-widget elementor-widget-heading\" data-id=\"7ebb2ffd\" data-element_type=\"widget\" data-widget_type=\"heading.default\">\n\t\t\t\t<div class=\"elementor-widget-container\">\n\t\t\t\t\t<h1 class=\"elementor-heading-title elementor-size-default\">EQ 360 Leadership<\/h1>\t\t\t\t<\/div>\n\t\t\t\t<\/div>\n\t\t\t\t\t<\/div>\n\t\t<\/div>\n\t\t\t\t\t<\/div>\n\t\t<\/section>\n\t\t\t\t<section class=\"elementor-section elementor-top-section elementor-element elementor-element-4e92a8d1 elementor-section-boxed elementor-section-height-default elementor-section-height-default\" data-id=\"4e92a8d1\" data-element_type=\"section\">\n\t\t\t\t\t\t<div class=\"elementor-container elementor-column-gap-default\">\n\t\t\t\t\t<div class=\"elementor-column elementor-col-50 elementor-top-column elementor-element elementor-element-4b0410b3\" data-id=\"4b0410b3\" data-element_type=\"column\">\n\t\t\t<div class=\"elementor-widget-wrap elementor-element-populated\">\n\t\t\t\t\t\t<div class=\"elementor-element elementor-element-4ba3ed82 elementor-widget elementor-widget-text-editor\" data-id=\"4ba3ed82\" data-element_type=\"widget\" data-widget_type=\"text-editor.default\">\n\t\t\t\t<div class=\"elementor-widget-container\">\n\t\t\t\t\t\t\t\t\t<p>Der Leadership EQ 360 erlaubt es, eine Person mit der F\u00fchrungsverantwortung eigene Emotionale Intelligenz auf einem umfassenden Weg zu messen. Der Leadership EQ 360 Bericht enth\u00e4lt die Eigenschaften der Arbeitsplatz EQ 360 und EQ-i 2.0 Leadership Auswertungen. Er gew\u00e4hrleistet den Kandidaten einen tiefen Einblick in eigene St\u00e4rken und Schw\u00e4chen und darin, wie emotionale Intelligenz ihre F\u00fchrungskompetenz beeinflusst. Dank dieser Auswertung kann eigenes Bild der Emotionalen Intelligenz mit dem Fremdbild vergleicht werden. Es handelt sich hierbei um die umfangreiste Auswertung der EQ-i 2.0 Reihe.<\/p>\t\t\t\t\t\t\t\t<\/div>\n\t\t\t\t<\/div>\n\t\t\t\t\t<\/div>\n\t\t<\/div>\n\t\t\t\t<div class=\"elementor-column elementor-col-50 elementor-top-column elementor-element elementor-element-457361e6\" data-id=\"457361e6\" data-element_type=\"column\">\n\t\t\t<div class=\"elementor-widget-wrap elementor-element-populated\">\n\t\t\t\t\t\t<div class=\"elementor-element elementor-element-fe2a7e5 elementor-widget elementor-widget-image\" data-id=\"fe2a7e5\" data-element_type=\"widget\" data-widget_type=\"image.default\">\n\t\t\t\t<div class=\"elementor-widget-container\">\n\t\t\t\t\t\t\t\t\t\t\t\t\t\t\t<img decoding=\"async\" width=\"320\" height=\"90\" src=\"https:\/\/eqpower.ch\/wp-content\/uploads\/2023\/01\/EQ360.png\" class=\"attachment-large size-large wp-image-5125\" alt=\"\" srcset=\"https:\/\/eqpower.ch\/wp-content\/uploads\/2023\/01\/EQ360.png 320w, https:\/\/eqpower.ch\/wp-content\/uploads\/2023\/01\/EQ360-300x84.png 300w\" sizes=\"(max-width: 320px) 100vw, 320px\" \/>\t\t\t\t\t\t\t\t\t\t\t\t\t\t\t<\/div>\n\t\t\t\t<\/div>\n\t\t\t\t\t<\/div>\n\t\t<\/div>\n\t\t\t\t\t<\/div>\n\t\t<\/section>\n\t\t\t\t<section class=\"elementor-section elementor-top-section elementor-element elementor-element-2b7c83ae elementor-section-boxed elementor-section-height-default elementor-section-height-default\" data-id=\"2b7c83ae\" data-element_type=\"section\">\n\t\t\t\t\t\t<div class=\"elementor-container elementor-column-gap-default\">\n\t\t\t\t\t<div class=\"elementor-column elementor-col-50 elementor-top-column elementor-element elementor-element-6b01db16\" data-id=\"6b01db16\" data-element_type=\"column\">\n\t\t\t<div class=\"elementor-widget-wrap elementor-element-populated\">\n\t\t\t\t\t\t<div class=\"elementor-element elementor-element-69858f4 elementor-widget elementor-widget-heading\" data-id=\"69858f4\" data-element_type=\"widget\" data-widget_type=\"heading.default\">\n\t\t\t\t<div class=\"elementor-widget-container\">\n\t\t\t\t\t<h2 class=\"elementor-heading-title elementor-size-default\">EQ 360 Leadership<\/h2>\t\t\t\t<\/div>\n\t\t\t\t<\/div>\n\t\t\t\t<section class=\"elementor-section elementor-inner-section elementor-element elementor-element-364a5bf elementor-section-boxed elementor-section-height-default elementor-section-height-default\" data-id=\"364a5bf\" data-element_type=\"section\">\n\t\t\t\t\t\t<div class=\"elementor-container elementor-column-gap-default\">\n\t\t\t\t\t<div class=\"elementor-column elementor-col-50 elementor-inner-column elementor-element elementor-element-16ae713f\" data-id=\"16ae713f\" data-element_type=\"column\">\n\t\t\t<div class=\"elementor-widget-wrap elementor-element-populated\">\n\t\t\t\t\t\t<div class=\"elementor-element elementor-element-3e26c69a elementor-widget elementor-widget-text-editor\" data-id=\"3e26c69a\" data-element_type=\"widget\" data-widget_type=\"text-editor.default\">\n\t\t\t\t<div class=\"elementor-widget-container\">\n\t\t\t\t\t\t\t\t\t<ul>\n \t<li class=\"pad\">Enth\u00e4lt eine ganzheitliche Darstellung des EI-Profils einer Person<\/li>\n<li class=\"pad\">Zeigt Bereiche der Emotionalen Intelligenz auf, die aus Sicht der betreffenden Person, aber auch der Ihrer Bewerter als stark oder weniger stark eingesch\u00e4tzt sind<\/li>\n<li class=\"pad\"> Identifiziert die Diskrepanzen zwischen Eigen- und Fremdwahrnehmung aller EI-Kompetenzen<\/li>\n<li class=\"pad\">Zeigt den Zusammenhang zwischen Emotionaler Intelligenz und Transformational Leadership auf <\/li>\n<li class=\"pad\">Pr\u00e4sentiert St\u00e4rken und das Verbesserungspotenzial aus dem Blickwinkel der Leadership<\/li>\n<li class=\"pad\">Definiert Kompetenzen und Strategien zur Entwicklung der Emotionalen Intelligenz<\/li>\n<li class=\"pad\"> Enth\u00e4lt drei zus\u00e4tzliche Dokumente zum Thema \u201eKonfliktmanagement\u201c, \u201eMultigenerationaler Arbeitsplatz\u201c und einen Ratgeber zum Thema, wie Emotionale Intelligenz am Arbeitsplatz genutzt werden kann.<\/li>\n<li class=\"pad\">Dient als Grundlage f\u00fcr einen Handlungsplan, um Emotionale Intelligenz zu entwickeln<\/li>\n<\/ul>\t\t\t\t\t\t\t\t<\/div>\n\t\t\t\t<\/div>\n\t\t\t\t\t<\/div>\n\t\t<\/div>\n\t\t\t\t<div class=\"elementor-column elementor-col-50 elementor-inner-column elementor-element elementor-element-22fe9f5f\" data-id=\"22fe9f5f\" data-element_type=\"column\">\n\t\t\t<div class=\"elementor-widget-wrap elementor-element-populated\">\n\t\t\t\t\t\t<div class=\"elementor-element elementor-element-761eefe8 elementor-widget elementor-widget-image\" data-id=\"761eefe8\" data-element_type=\"widget\" data-widget_type=\"image.default\">\n\t\t\t\t<div class=\"elementor-widget-container\">\n\t\t\t\t\t\t\t\t\t\t\t\t\t\t\t<img decoding=\"async\" width=\"166\" height=\"215\" src=\"https:\/\/eqpower.ch\/wp-content\/uploads\/2023\/01\/imgpsh_fullsize_anim-4.png\" class=\"attachment-large size-large wp-image-1954\" alt=\"\" \/>\t\t\t\t\t\t\t\t\t\t\t\t\t\t\t<\/div>\n\t\t\t\t<\/div>\n\t\t\t\t\t<\/div>\n\t\t<\/div>\n\t\t\t\t\t<\/div>\n\t\t<\/section>\n\t\t\t\t\t<\/div>\n\t\t<\/div>\n\t\t\t\t<div class=\"elementor-column elementor-col-50 elementor-top-column elementor-element elementor-element-1f134361 camp\" data-id=\"1f134361\" data-element_type=\"column\">\n\t\t\t<div class=\"elementor-widget-wrap elementor-element-populated\">\n\t\t\t\t\t\t<div class=\"elementor-element elementor-element-629483c2 elementor-widget elementor-widget-heading\" data-id=\"629483c2\" data-element_type=\"widget\" data-widget_type=\"heading.default\">\n\t\t\t\t<div class=\"elementor-widget-container\">\n\t\t\t\t\t<h2 class=\"elementor-heading-title elementor-size-default\">Inhalt und Kosten<\/h2>\t\t\t\t<\/div>\n\t\t\t\t<\/div>\n\t\t\t\t<div class=\"elementor-element elementor-element-7b190433 elementor-widget elementor-widget-text-editor\" data-id=\"7b190433\" data-element_type=\"widget\" data-widget_type=\"text-editor.default\">\n\t\t\t\t<div class=\"elementor-widget-container\">\n\t\t\t\t\t\t\t\t\t<ul><li>EQ 360 Leadership Assessment<\/li><li>EQ 360 Leadership Bericht<\/li><li>Auswertungsgespr\u00e4ch Dauer: 3 bis 3,5 Stunden<\/li><li>Aktionsplan zur Entwicklung der EI<\/li><\/ul>\t\t\t\t\t\t\t\t<\/div>\n\t\t\t\t<\/div>\n\t\t\t\t<div class=\"elementor-element elementor-element-3ddefd08 elementor-widget elementor-widget-heading\" data-id=\"3ddefd08\" data-element_type=\"widget\" data-widget_type=\"heading.default\">\n\t\t\t\t<div class=\"elementor-widget-container\">\n\t\t\t\t\t<h2 class=\"elementor-heading-title elementor-size-default\">Preis: 850.- CHF<\/h2>\t\t\t\t<\/div>\n\t\t\t\t<\/div>\n\t\t\t\t<div class=\"elementor-element elementor-element-258eba01 elementor-position-left elementor-vertical-align-middle elementor-widget elementor-widget-image-box\" data-id=\"258eba01\" data-element_type=\"widget\" data-widget_type=\"image-box.default\">\n\t\t\t\t<div class=\"elementor-widget-container\">\n\t\t\t\t\t<div class=\"elementor-image-box-wrapper\"><figure class=\"elementor-image-box-img\"><a href=\"https:\/\/eqpower.ch\/wp-content\/uploads\/2024\/03\/EQ-360-Leadership-360-Sample-CLIENT.pdf\" target=\"_blank\" tabindex=\"-1\"><img loading=\"lazy\" decoding=\"async\" width=\"132\" height=\"198\" src=\"https:\/\/eqpower.ch\/wp-content\/uploads\/2023\/02\/3b517a92f488a8af683ed1d41db10f3e.png\" class=\"attachment-full size-full wp-image-6336\" alt=\"\" srcset=\"https:\/\/eqpower.ch\/wp-content\/uploads\/2023\/02\/3b517a92f488a8af683ed1d41db10f3e.png 132w, https:\/\/eqpower.ch\/wp-content\/uploads\/2023\/02\/3b517a92f488a8af683ed1d41db10f3e-8x12.png 8w\" sizes=\"(max-width: 132px) 100vw, 132px\" \/><\/a><\/figure><div class=\"elementor-image-box-content\"><h3 class=\"elementor-image-box-title\"><a href=\"https:\/\/eqpower.ch\/wp-content\/uploads\/2024\/03\/EQ-360-Leadership-360-Sample-CLIENT.pdf\" target=\"_blank\">EQ 360 Leadership Bericht download<\/a><\/h3><\/div><\/div>\t\t\t\t<\/div>\n\t\t\t\t<\/div>\n\t\t\t\t\t<\/div>\n\t\t<\/div>\n\t\t\t\t\t<\/div>\n\t\t<\/section>\n\t\t\t\t<\/div>\n\t\t","protected":false},"excerpt":{"rendered":"<p>EQ 360 Leadership Der Leadership EQ 360 erlaubt es, eine Person mit der F\u00fchrungsverantwortung eigene Emotionale Intelligenz auf einem umfassenden Weg zu messen. Der Leadership EQ 360 Bericht enth\u00e4lt die Eigenschaften der Arbeitsplatz EQ 360 und EQ-i 2.0 Leadership Auswertungen. Er gew\u00e4hrleistet den Kandidaten einen tiefen Einblick in eigene St\u00e4rken und Schw\u00e4chen und darin, wie [&hellip;]<\/p>\n","protected":false},"author":1,"featured_media":0,"parent":1218,"menu_order":0,"comment_status":"closed","ping_status":"closed","template":"","meta":{"footnotes":""},"class_list":["post-2006","page","type-page","status-publish","hentry"],"yoast_head":"<!-- This site is optimized with the Yoast SEO plugin v25.1 - https:\/\/yoast.com\/wordpress\/plugins\/seo\/ -->\n<title>EQ 360 Leadership - EQ-Power<\/title>\n<meta name=\"robots\" content=\"index, follow, max-snippet:-1, max-image-preview:large, max-video-preview:-1\" \/>\n<link rel=\"canonical\" href=\"https:\/\/eqpower.ch\/de\/eq-i\/eq-360-leadership\/\" \/>\n<meta property=\"og:locale\" content=\"de_DE\" \/>\n<meta property=\"og:type\" content=\"article\" \/>\n<meta property=\"og:title\" content=\"EQ 360 Leadership - EQ-Power\" \/>\n<meta property=\"og:description\" content=\"EQ 360 Leadership Der Leadership EQ 360 erlaubt es, eine Person mit der F\u00fchrungsverantwortung eigene Emotionale Intelligenz auf einem umfassenden Weg zu messen. Der Leadership EQ 360 Bericht enth\u00e4lt die Eigenschaften der Arbeitsplatz EQ 360 und EQ-i 2.0 Leadership Auswertungen. Er gew\u00e4hrleistet den Kandidaten einen tiefen Einblick in eigene St\u00e4rken und Schw\u00e4chen und darin, wie [&hellip;]\" \/>\n<meta property=\"og:url\" content=\"https:\/\/eqpower.ch\/de\/eq-i\/eq-360-leadership\/\" \/>\n<meta property=\"og:site_name\" content=\"EQ-Power\" \/>\n<meta property=\"article:modified_time\" content=\"2024-03-21T20:22:36+00:00\" \/>\n<meta property=\"og:image\" content=\"https:\/\/eqpower.ch\/wp-content\/uploads\/2023\/02\/Gruppe-70.png\" \/>\n<meta name=\"twitter:card\" content=\"summary_large_image\" \/>\n<meta name=\"twitter:label1\" content=\"Gesch\u00e4tzte Lesezeit\" \/>\n\t<meta name=\"twitter:data1\" content=\"3\u00a0Minuten\" \/>\n<script type=\"application\/ld+json\" class=\"yoast-schema-graph\">{\"@context\":\"https:\/\/schema.org\",\"@graph\":[{\"@type\":\"WebPage\",\"@id\":\"https:\/\/eqpower.ch\/eq-i\/eq-360-leadership\/\",\"url\":\"https:\/\/eqpower.ch\/eq-i\/eq-360-leadership\/\",\"name\":\"EQ 360 Leadership - EQ-Power\",\"isPartOf\":{\"@id\":\"https:\/\/eqpower.ch\/#website\"},\"primaryImageOfPage\":{\"@id\":\"https:\/\/eqpower.ch\/eq-i\/eq-360-leadership\/#primaryimage\"},\"image\":{\"@id\":\"https:\/\/eqpower.ch\/eq-i\/eq-360-leadership\/#primaryimage\"},\"thumbnailUrl\":\"https:\/\/eqpower.ch\/wp-content\/uploads\/2023\/02\/Gruppe-70.png\",\"datePublished\":\"2023-01-07T16:42:43+00:00\",\"dateModified\":\"2024-03-21T20:22:36+00:00\",\"breadcrumb\":{\"@id\":\"https:\/\/eqpower.ch\/eq-i\/eq-360-leadership\/#breadcrumb\"},\"inLanguage\":\"de-CH\",\"potentialAction\":[{\"@type\":\"ReadAction\",\"target\":[\"https:\/\/eqpower.ch\/eq-i\/eq-360-leadership\/\"]}]},{\"@type\":\"ImageObject\",\"inLanguage\":\"de-CH\",\"@id\":\"https:\/\/eqpower.ch\/eq-i\/eq-360-leadership\/#primaryimage\",\"url\":\"https:\/\/eqpower.ch\/wp-content\/uploads\/2023\/02\/Gruppe-70.png\",\"contentUrl\":\"https:\/\/eqpower.ch\/wp-content\/uploads\/2023\/02\/Gruppe-70.png\"},{\"@type\":\"BreadcrumbList\",\"@id\":\"https:\/\/eqpower.ch\/eq-i\/eq-360-leadership\/#breadcrumb\",\"itemListElement\":[{\"@type\":\"ListItem\",\"position\":1,\"name\":\"Home\",\"item\":\"https:\/\/eqpower.ch\/\"},{\"@type\":\"ListItem\",\"position\":2,\"name\":\"EQ-i\",\"item\":\"https:\/\/eqpower.ch\/de\/eq-i\/\"},{\"@type\":\"ListItem\",\"position\":3,\"name\":\"EQ 360 Leadership\"}]},{\"@type\":\"WebSite\",\"@id\":\"https:\/\/eqpower.ch\/#website\",\"url\":\"https:\/\/eqpower.ch\/\",\"name\":\"EQ-Power\",\"description\":\"emotionally smart\",\"publisher\":{\"@id\":\"https:\/\/eqpower.ch\/#organization\"},\"potentialAction\":[{\"@type\":\"SearchAction\",\"target\":{\"@type\":\"EntryPoint\",\"urlTemplate\":\"https:\/\/eqpower.ch\/?s={search_term_string}\"},\"query-input\":{\"@type\":\"PropertyValueSpecification\",\"valueRequired\":true,\"valueName\":\"search_term_string\"}}],\"inLanguage\":\"de-CH\"},{\"@type\":\"Organization\",\"@id\":\"https:\/\/eqpower.ch\/#organization\",\"name\":\"EQ-Power\",\"url\":\"https:\/\/eqpower.ch\/\",\"logo\":{\"@type\":\"ImageObject\",\"inLanguage\":\"de-CH\",\"@id\":\"https:\/\/eqpower.ch\/#\/schema\/logo\/image\/\",\"url\":\"https:\/\/eqpower.ch\/wp-content\/uploads\/2022\/12\/EQpower_big_cmyk-Neu.png\",\"contentUrl\":\"https:\/\/eqpower.ch\/wp-content\/uploads\/2022\/12\/EQpower_big_cmyk-Neu.png\",\"width\":3175,\"height\":705,\"caption\":\"EQ-Power\"},\"image\":{\"@id\":\"https:\/\/eqpower.ch\/#\/schema\/logo\/image\/\"}}]}<\/script>\n<!-- \/ Yoast SEO plugin. -->","yoast_head_json":{"title":"EQ 360 Leadership - EQ-Power","robots":{"index":"index","follow":"follow","max-snippet":"max-snippet:-1","max-image-preview":"max-image-preview:large","max-video-preview":"max-video-preview:-1"},"canonical":"https:\/\/eqpower.ch\/de\/eq-i\/eq-360-leadership\/","og_locale":"de_DE","og_type":"article","og_title":"EQ 360 Leadership - EQ-Power","og_description":"EQ 360 Leadership Der Leadership EQ 360 erlaubt es, eine Person mit der F\u00fchrungsverantwortung eigene Emotionale Intelligenz auf einem umfassenden Weg zu messen. Der Leadership EQ 360 Bericht enth\u00e4lt die Eigenschaften der Arbeitsplatz EQ 360 und EQ-i 2.0 Leadership Auswertungen. Er gew\u00e4hrleistet den Kandidaten einen tiefen Einblick in eigene St\u00e4rken und Schw\u00e4chen und darin, wie [&hellip;]","og_url":"https:\/\/eqpower.ch\/de\/eq-i\/eq-360-leadership\/","og_site_name":"EQ-Power","article_modified_time":"2024-03-21T20:22:36+00:00","og_image":[{"url":"https:\/\/eqpower.ch\/wp-content\/uploads\/2023\/02\/Gruppe-70.png","type":"","width":"","height":""}],"twitter_card":"summary_large_image","twitter_misc":{"Gesch\u00e4tzte Lesezeit":"3\u00a0Minuten"},"schema":{"@context":"https:\/\/schema.org","@graph":[{"@type":"WebPage","@id":"https:\/\/eqpower.ch\/eq-i\/eq-360-leadership\/","url":"https:\/\/eqpower.ch\/eq-i\/eq-360-leadership\/","name":"EQ 360 Leadership - EQ-Power","isPartOf":{"@id":"https:\/\/eqpower.ch\/#website"},"primaryImageOfPage":{"@id":"https:\/\/eqpower.ch\/eq-i\/eq-360-leadership\/#primaryimage"},"image":{"@id":"https:\/\/eqpower.ch\/eq-i\/eq-360-leadership\/#primaryimage"},"thumbnailUrl":"https:\/\/eqpower.ch\/wp-content\/uploads\/2023\/02\/Gruppe-70.png","datePublished":"2023-01-07T16:42:43+00:00","dateModified":"2024-03-21T20:22:36+00:00","breadcrumb":{"@id":"https:\/\/eqpower.ch\/eq-i\/eq-360-leadership\/#breadcrumb"},"inLanguage":"de-CH","potentialAction":[{"@type":"ReadAction","target":["https:\/\/eqpower.ch\/eq-i\/eq-360-leadership\/"]}]},{"@type":"ImageObject","inLanguage":"de-CH","@id":"https:\/\/eqpower.ch\/eq-i\/eq-360-leadership\/#primaryimage","url":"https:\/\/eqpower.ch\/wp-content\/uploads\/2023\/02\/Gruppe-70.png","contentUrl":"https:\/\/eqpower.ch\/wp-content\/uploads\/2023\/02\/Gruppe-70.png"},{"@type":"BreadcrumbList","@id":"https:\/\/eqpower.ch\/eq-i\/eq-360-leadership\/#breadcrumb","itemListElement":[{"@type":"ListItem","position":1,"name":"Home","item":"https:\/\/eqpower.ch\/"},{"@type":"ListItem","position":2,"name":"EQ-i","item":"https:\/\/eqpower.ch\/de\/eq-i\/"},{"@type":"ListItem","position":3,"name":"EQ 360 Leadership"}]},{"@type":"WebSite","@id":"https:\/\/eqpower.ch\/#website","url":"https:\/\/eqpower.ch\/","name":"EQ-Power","description":"emotionally smart","publisher":{"@id":"https:\/\/eqpower.ch\/#organization"},"potentialAction":[{"@type":"SearchAction","target":{"@type":"EntryPoint","urlTemplate":"https:\/\/eqpower.ch\/?s={search_term_string}"},"query-input":{"@type":"PropertyValueSpecification","valueRequired":true,"valueName":"search_term_string"}}],"inLanguage":"de-CH"},{"@type":"Organization","@id":"https:\/\/eqpower.ch\/#organization","name":"EQ-Power","url":"https:\/\/eqpower.ch\/","logo":{"@type":"ImageObject","inLanguage":"de-CH","@id":"https:\/\/eqpower.ch\/#\/schema\/logo\/image\/","url":"https:\/\/eqpower.ch\/wp-content\/uploads\/2022\/12\/EQpower_big_cmyk-Neu.png","contentUrl":"https:\/\/eqpower.ch\/wp-content\/uploads\/2022\/12\/EQpower_big_cmyk-Neu.png","width":3175,"height":705,"caption":"EQ-Power"},"image":{"@id":"https:\/\/eqpower.ch\/#\/schema\/logo\/image\/"}}]}},"_links":{"self":[{"href":"https:\/\/eqpower.ch\/de\/wp-json\/wp\/v2\/pages\/2006","targetHints":{"allow":["GET"]}}],"collection":[{"href":"https:\/\/eqpower.ch\/de\/wp-json\/wp\/v2\/pages"}],"about":[{"href":"https:\/\/eqpower.ch\/de\/wp-json\/wp\/v2\/types\/page"}],"author":[{"embeddable":true,"href":"https:\/\/eqpower.ch\/de\/wp-json\/wp\/v2\/users\/1"}],"replies":[{"embeddable":true,"href":"https:\/\/eqpower.ch\/de\/wp-json\/wp\/v2\/comments?post=2006"}],"version-history":[{"count":5,"href":"https:\/\/eqpower.ch\/de\/wp-json\/wp\/v2\/pages\/2006\/revisions"}],"predecessor-version":[{"id":6917,"href":"https:\/\/eqpower.ch\/de\/wp-json\/wp\/v2\/pages\/2006\/revisions\/6917"}],"up":[{"embeddable":true,"href":"https:\/\/eqpower.ch\/de\/wp-json\/wp\/v2\/pages\/1218"}],"wp:attachment":[{"href":"https:\/\/eqpower.ch\/de\/wp-json\/wp\/v2\/media?parent=2006"}],"curies":[{"name":"wp","href":"https:\/\/api.w.org\/{rel}","templated":true}]}}