{"id":1851,"date":"2023-01-07T08:30:49","date_gmt":"2023-01-07T07:30:49","guid":{"rendered":"https:\/\/eqpower.ch\/?page_id=1851"},"modified":"2023-02-15T19:59:05","modified_gmt":"2023-02-15T18:59:05","slug":"auf-dem-weg-zum-meister-der-emotionen","status":"publish","type":"page","link":"https:\/\/eqpower.ch\/de\/training\/auf-dem-weg-zum-meister-der-emotionen\/","title":{"rendered":"Auf dem Weg zum Meister der Emotionen"},"content":{"rendered":"\t\t<div data-elementor-type=\"wp-page\" data-elementor-id=\"1851\" class=\"elementor elementor-1851\" data-elementor-post-type=\"page\">\n\t\t\t\t\t\t<section class=\"elementor-section elementor-top-section elementor-element elementor-element-9277ffb elementor-section-height-min-height elementor-section-boxed elementor-section-height-default elementor-section-items-middle\" data-id=\"9277ffb\" data-element_type=\"section\" data-settings=\"{&quot;background_background&quot;:&quot;classic&quot;}\">\n\t\t\t\t\t\t\t<div class=\"elementor-background-overlay\"><\/div>\n\t\t\t\t\t\t\t<div class=\"elementor-container elementor-column-gap-default\">\n\t\t\t\t\t<div class=\"elementor-column elementor-col-100 elementor-top-column elementor-element elementor-element-12bbf56\" data-id=\"12bbf56\" data-element_type=\"column\">\n\t\t\t<div class=\"elementor-widget-wrap elementor-element-populated\">\n\t\t\t\t\t\t<div class=\"elementor-element elementor-element-3c04f2c elementor-widget elementor-widget-image\" data-id=\"3c04f2c\" data-element_type=\"widget\" data-widget_type=\"image.default\">\n\t\t\t\t<div class=\"elementor-widget-container\">\n\t\t\t\t\t\t\t\t\t\t\t\t\t\t\t<img fetchpriority=\"high\" decoding=\"async\" width=\"620\" height=\"620\" src=\"https:\/\/eqpower.ch\/wp-content\/uploads\/2023\/02\/Gruppe-84.png\" class=\"attachment-large size-large wp-image-6308\" alt=\"\" srcset=\"https:\/\/eqpower.ch\/wp-content\/uploads\/2023\/02\/Gruppe-84.png 620w, https:\/\/eqpower.ch\/wp-content\/uploads\/2023\/02\/Gruppe-84-300x300.png 300w, https:\/\/eqpower.ch\/wp-content\/uploads\/2023\/02\/Gruppe-84-150x150.png 150w, https:\/\/eqpower.ch\/wp-content\/uploads\/2023\/02\/Gruppe-84-12x12.png 12w\" sizes=\"(max-width: 620px) 100vw, 620px\" \/>\t\t\t\t\t\t\t\t\t\t\t\t\t\t\t<\/div>\n\t\t\t\t<\/div>\n\t\t\t\t\t<\/div>\n\t\t<\/div>\n\t\t\t\t\t<\/div>\n\t\t<\/section>\n\t\t\t\t<section class=\"elementor-section elementor-top-section elementor-element elementor-element-fc7458f elementor-section-boxed elementor-section-height-default elementor-section-height-default\" data-id=\"fc7458f\" data-element_type=\"section\">\n\t\t\t\t\t\t<div class=\"elementor-container elementor-column-gap-default\">\n\t\t\t\t\t<div class=\"elementor-column elementor-col-100 elementor-top-column elementor-element elementor-element-d0210b7\" data-id=\"d0210b7\" data-element_type=\"column\">\n\t\t\t<div class=\"elementor-widget-wrap elementor-element-populated\">\n\t\t\t\t\t\t<div class=\"elementor-element elementor-element-8205c28 h1-fontss elementor-widget elementor-widget-heading\" data-id=\"8205c28\" data-element_type=\"widget\" data-widget_type=\"heading.default\">\n\t\t\t\t<div class=\"elementor-widget-container\">\n\t\t\t\t\t<h1 class=\"elementor-heading-title elementor-size-default\">\u201eAuf dem Weg zum Meister der Emotionen\u201c<\/h1>\t\t\t\t<\/div>\n\t\t\t\t<\/div>\n\t\t\t\t\t<\/div>\n\t\t<\/div>\n\t\t\t\t\t<\/div>\n\t\t<\/section>\n\t\t\t\t<section class=\"elementor-section elementor-top-section elementor-element elementor-element-f17b997 elementor-section-boxed elementor-section-height-default elementor-section-height-default\" data-id=\"f17b997\" data-element_type=\"section\">\n\t\t\t\t\t\t<div class=\"elementor-container elementor-column-gap-default\">\n\t\t\t\t\t<div class=\"elementor-column elementor-col-50 elementor-top-column elementor-element elementor-element-604381c\" data-id=\"604381c\" data-element_type=\"column\">\n\t\t\t<div class=\"elementor-widget-wrap elementor-element-populated\">\n\t\t\t\t\t\t<div class=\"elementor-element elementor-element-6ff2493 elementor-widget elementor-widget-heading\" data-id=\"6ff2493\" data-element_type=\"widget\" data-widget_type=\"heading.default\">\n\t\t\t\t<div class=\"elementor-widget-container\">\n\t\t\t\t\t<h2 class=\"elementor-heading-title elementor-size-default\">Seminar \u201eAuf dem Weg zum Meister der Emotionen\u201c <\/h2>\t\t\t\t<\/div>\n\t\t\t\t<\/div>\n\t\t\t\t<div class=\"elementor-element elementor-element-615be2a elementor-widget elementor-widget-text-editor\" data-id=\"615be2a\" data-element_type=\"widget\" data-widget_type=\"text-editor.default\">\n\t\t\t\t<div class=\"elementor-widget-container\">\n\t\t\t\t\t\t\t\t\tNach dem Kurs \u201eErfolgsfaktor Emotionaler Intelligenz\u201c setzen wir uns in diesem Aufbauseminar vertiefend mit der Emotionssteuerung auseinander. Dies ist ein wichtiger Aspekt unserer Emotionalen Intelligenz. Er erm\u00f6glicht uns, eigene Impulse im Griff zu haben, wenn wir ver\u00e4rgert sind; emotionale Blockaden zu l\u00f6sen, wenn die Angst uns hemmt; durchdachte Entscheidungen zu treffen, wenn Emotionen uns \u00fcberrumpeln. Sie \u00fcben anhand eigener Beispielen und profitieren vom Austausch mit anderen Teilnehmenden.\t\t\t\t\t\t\t\t<\/div>\n\t\t\t\t<\/div>\n\t\t\t\t<div class=\"elementor-element elementor-element-24f3f9c elementor-widget elementor-widget-heading\" data-id=\"24f3f9c\" data-element_type=\"widget\" data-widget_type=\"heading.default\">\n\t\t\t\t<div class=\"elementor-widget-container\">\n\t\t\t\t\t<h2 class=\"elementor-heading-title elementor-size-default\">Inhalt<\/h2>\t\t\t\t<\/div>\n\t\t\t\t<\/div>\n\t\t\t\t<div class=\"elementor-element elementor-element-bab7020 elementor-widget elementor-widget-text-editor\" data-id=\"bab7020\" data-element_type=\"widget\" data-widget_type=\"text-editor.default\">\n\t\t\t\t<div class=\"elementor-widget-container\">\n\t\t\t\t\t\t\t\t\t<ul>\n<li class=\"pad\">Sie definieren Situationen, in welchen Ihre emotionale Reaktion ver\u00e4ndert werden soll.<\/li>\n<li class=\"pad\">Sie lernen verschiedene Strategien zur Steuerung der Emotionen kennen und probieren sie aus. <\/li>\n<li class=\"pad\">Sie setzen sich mit der Frage auseinander, ob und wie Sie fremde Emotionen beeinflussen k\u00f6nnen.<\/li>\n<li class=\"pad\">Sie reflektieren \u00fcber Erfolgserlebnisse und R\u00fcckschl\u00e4ge, um Ihre Erkenntnisse zu vertiefen.<\/li>\n<\/ul>\t\t\t\t\t\t\t\t<\/div>\n\t\t\t\t<\/div>\n\t\t\t\t\t<\/div>\n\t\t<\/div>\n\t\t\t\t<div class=\"elementor-column elementor-col-50 elementor-top-column elementor-element elementor-element-9b5c40c elementor-hidden-mobile\" data-id=\"9b5c40c\" data-element_type=\"column\">\n\t\t\t<div class=\"elementor-widget-wrap elementor-element-populated\">\n\t\t\t\t\t\t<div class=\"elementor-element elementor-element-b4f524d elementor-hidden-tablet elementor-hidden-mobile image-object-fit elementor-widget elementor-widget-image\" data-id=\"b4f524d\" data-element_type=\"widget\" data-widget_type=\"image.default\">\n\t\t\t\t<div class=\"elementor-widget-container\">\n\t\t\t\t\t\t\t\t\t\t\t\t\t\t\t<img decoding=\"async\" width=\"424\" height=\"283\" src=\"https:\/\/eqpower.ch\/wp-content\/uploads\/2023\/01\/lGn60zQs.jpeg\" class=\"attachment-large size-large wp-image-2264\" alt=\"\" srcset=\"https:\/\/eqpower.ch\/wp-content\/uploads\/2023\/01\/lGn60zQs.jpeg 424w, https:\/\/eqpower.ch\/wp-content\/uploads\/2023\/01\/lGn60zQs-300x200.jpeg 300w\" sizes=\"(max-width: 424px) 100vw, 424px\" \/>\t\t\t\t\t\t\t\t\t\t\t\t\t\t\t<\/div>\n\t\t\t\t<\/div>\n\t\t\t\t<section class=\"elementor-section elementor-inner-section elementor-element elementor-element-b16ce7b elementor-section-boxed elementor-section-height-default elementor-section-height-default\" data-id=\"b16ce7b\" data-element_type=\"section\">\n\t\t\t\t\t\t<div class=\"elementor-container elementor-column-gap-default\">\n\t\t\t\t\t<div class=\"elementor-column elementor-col-100 elementor-inner-column elementor-element elementor-element-c2c7daf camp\" data-id=\"c2c7daf\" data-element_type=\"column\">\n\t\t\t<div class=\"elementor-widget-wrap elementor-element-populated\">\n\t\t\t\t\t\t<div class=\"elementor-element elementor-element-c288690 elementor-widget elementor-widget-heading\" data-id=\"c288690\" data-element_type=\"widget\" data-widget_type=\"heading.default\">\n\t\t\t\t<div class=\"elementor-widget-container\">\n\t\t\t\t\t<h2 class=\"elementor-heading-title elementor-size-default\">Rahmenbedienungen<\/h2>\t\t\t\t<\/div>\n\t\t\t\t<\/div>\n\t\t\t\t<div class=\"elementor-element elementor-element-012bec0 elementor-widget elementor-widget-text-editor\" data-id=\"012bec0\" data-element_type=\"widget\" data-widget_type=\"text-editor.default\">\n\t\t\t\t<div class=\"elementor-widget-container\">\n\t\t\t\t\t\t\t\t\t<ul>\n<li class=\"pad\">Dauer: 2 Tage <\/li>\n<li class=\"pad\">Anzahl Teilnehmenden: max. 8 Personen<\/li>\n<\/ul>\t\t\t\t\t\t\t\t<\/div>\n\t\t\t\t<\/div>\n\t\t\t\t<div class=\"elementor-element elementor-element-87aaae8 elementor-widget elementor-widget-heading\" data-id=\"87aaae8\" data-element_type=\"widget\" data-widget_type=\"heading.default\">\n\t\t\t\t<div class=\"elementor-widget-container\">\n\t\t\t\t\t<h2 class=\"elementor-heading-title elementor-size-default\">Preis: Nach Anfrage<\/h2>\t\t\t\t<\/div>\n\t\t\t\t<\/div>\n\t\t\t\t\t<\/div>\n\t\t<\/div>\n\t\t\t\t\t<\/div>\n\t\t<\/section>\n\t\t\t\t\t<\/div>\n\t\t<\/div>\n\t\t\t\t\t<\/div>\n\t\t<\/section>\n\t\t\t\t<\/div>\n\t\t","protected":false},"excerpt":{"rendered":"<p>\u201eAuf dem Weg zum Meister der Emotionen\u201c Seminar \u201eAuf dem Weg zum Meister der Emotionen\u201c Nach dem Kurs \u201eErfolgsfaktor Emotionaler Intelligenz\u201c setzen wir uns in diesem Aufbauseminar vertiefend mit der Emotionssteuerung auseinander. Dies ist ein wichtiger Aspekt unserer Emotionalen Intelligenz. Er erm\u00f6glicht uns, eigene Impulse im Griff zu haben, wenn wir ver\u00e4rgert sind; emotionale Blockaden [&hellip;]<\/p>\n","protected":false},"author":1,"featured_media":0,"parent":35,"menu_order":0,"comment_status":"closed","ping_status":"closed","template":"","meta":{"footnotes":""},"class_list":["post-1851","page","type-page","status-publish","hentry"],"yoast_head":"<!-- This site is optimized with the Yoast SEO plugin v25.1 - https:\/\/yoast.com\/wordpress\/plugins\/seo\/ -->\n<title>Auf dem Weg zum Meister der Emotionen - EQ-Power<\/title>\n<meta name=\"robots\" content=\"index, follow, max-snippet:-1, max-image-preview:large, max-video-preview:-1\" \/>\n<link rel=\"canonical\" href=\"http:\/\/eqpower.ch\/de\/training\/auf-dem-weg-zum-meister-der-emotionen\/\" \/>\n<meta property=\"og:locale\" content=\"de_DE\" \/>\n<meta property=\"og:type\" content=\"article\" \/>\n<meta property=\"og:title\" content=\"Auf dem Weg zum Meister der Emotionen - EQ-Power\" \/>\n<meta property=\"og:description\" content=\"\u201eAuf dem Weg zum Meister der Emotionen\u201c Seminar \u201eAuf dem Weg zum Meister der Emotionen\u201c Nach dem Kurs \u201eErfolgsfaktor Emotionaler Intelligenz\u201c setzen wir uns in diesem Aufbauseminar vertiefend mit der Emotionssteuerung auseinander. Dies ist ein wichtiger Aspekt unserer Emotionalen Intelligenz. Er erm\u00f6glicht uns, eigene Impulse im Griff zu haben, wenn wir ver\u00e4rgert sind; emotionale Blockaden [&hellip;]\" \/>\n<meta property=\"og:url\" content=\"http:\/\/eqpower.ch\/de\/training\/auf-dem-weg-zum-meister-der-emotionen\/\" \/>\n<meta property=\"og:site_name\" content=\"EQ-Power\" \/>\n<meta property=\"article:modified_time\" content=\"2023-02-15T18:59:05+00:00\" \/>\n<meta property=\"og:image\" content=\"https:\/\/eqpower.ch\/wp-content\/uploads\/2023\/02\/Gruppe-84.png\" \/>\n<meta name=\"twitter:card\" content=\"summary_large_image\" \/>\n<meta name=\"twitter:label1\" content=\"Gesch\u00e4tzte Lesezeit\" \/>\n\t<meta name=\"twitter:data1\" content=\"2\u00a0Minuten\" \/>\n<script type=\"application\/ld+json\" class=\"yoast-schema-graph\">{\"@context\":\"https:\/\/schema.org\",\"@graph\":[{\"@type\":\"WebPage\",\"@id\":\"http:\/\/eqpower.ch\/de\/training\/auf-dem-weg-zum-meister-der-emotionen\/\",\"url\":\"http:\/\/eqpower.ch\/de\/training\/auf-dem-weg-zum-meister-der-emotionen\/\",\"name\":\"Auf dem Weg zum Meister der Emotionen - EQ-Power\",\"isPartOf\":{\"@id\":\"https:\/\/eqpower.ch\/#website\"},\"primaryImageOfPage\":{\"@id\":\"http:\/\/eqpower.ch\/de\/training\/auf-dem-weg-zum-meister-der-emotionen\/#primaryimage\"},\"image\":{\"@id\":\"http:\/\/eqpower.ch\/de\/training\/auf-dem-weg-zum-meister-der-emotionen\/#primaryimage\"},\"thumbnailUrl\":\"https:\/\/eqpower.ch\/wp-content\/uploads\/2023\/02\/Gruppe-84.png\",\"datePublished\":\"2023-01-07T07:30:49+00:00\",\"dateModified\":\"2023-02-15T18:59:05+00:00\",\"breadcrumb\":{\"@id\":\"http:\/\/eqpower.ch\/de\/training\/auf-dem-weg-zum-meister-der-emotionen\/#breadcrumb\"},\"inLanguage\":\"de-CH\",\"potentialAction\":[{\"@type\":\"ReadAction\",\"target\":[\"http:\/\/eqpower.ch\/de\/training\/auf-dem-weg-zum-meister-der-emotionen\/\"]}]},{\"@type\":\"ImageObject\",\"inLanguage\":\"de-CH\",\"@id\":\"http:\/\/eqpower.ch\/de\/training\/auf-dem-weg-zum-meister-der-emotionen\/#primaryimage\",\"url\":\"https:\/\/eqpower.ch\/wp-content\/uploads\/2023\/02\/Gruppe-84.png\",\"contentUrl\":\"https:\/\/eqpower.ch\/wp-content\/uploads\/2023\/02\/Gruppe-84.png\"},{\"@type\":\"BreadcrumbList\",\"@id\":\"http:\/\/eqpower.ch\/de\/training\/auf-dem-weg-zum-meister-der-emotionen\/#breadcrumb\",\"itemListElement\":[{\"@type\":\"ListItem\",\"position\":1,\"name\":\"Home\",\"item\":\"https:\/\/eqpower.ch\/\"},{\"@type\":\"ListItem\",\"position\":2,\"name\":\"Training\",\"item\":\"https:\/\/eqpower.ch\/de\/training\/\"},{\"@type\":\"ListItem\",\"position\":3,\"name\":\"Auf dem Weg zum Meister der Emotionen\"}]},{\"@type\":\"WebSite\",\"@id\":\"https:\/\/eqpower.ch\/#website\",\"url\":\"https:\/\/eqpower.ch\/\",\"name\":\"EQ-Power\",\"description\":\"emotionally smart\",\"publisher\":{\"@id\":\"https:\/\/eqpower.ch\/#organization\"},\"potentialAction\":[{\"@type\":\"SearchAction\",\"target\":{\"@type\":\"EntryPoint\",\"urlTemplate\":\"https:\/\/eqpower.ch\/?s={search_term_string}\"},\"query-input\":{\"@type\":\"PropertyValueSpecification\",\"valueRequired\":true,\"valueName\":\"search_term_string\"}}],\"inLanguage\":\"de-CH\"},{\"@type\":\"Organization\",\"@id\":\"https:\/\/eqpower.ch\/#organization\",\"name\":\"EQ-Power\",\"url\":\"https:\/\/eqpower.ch\/\",\"logo\":{\"@type\":\"ImageObject\",\"inLanguage\":\"de-CH\",\"@id\":\"https:\/\/eqpower.ch\/#\/schema\/logo\/image\/\",\"url\":\"https:\/\/eqpower.ch\/wp-content\/uploads\/2022\/12\/EQpower_big_cmyk-Neu.png\",\"contentUrl\":\"https:\/\/eqpower.ch\/wp-content\/uploads\/2022\/12\/EQpower_big_cmyk-Neu.png\",\"width\":3175,\"height\":705,\"caption\":\"EQ-Power\"},\"image\":{\"@id\":\"https:\/\/eqpower.ch\/#\/schema\/logo\/image\/\"}}]}<\/script>\n<!-- \/ Yoast SEO plugin. -->","yoast_head_json":{"title":"Auf dem Weg zum Meister der Emotionen - EQ-Power","robots":{"index":"index","follow":"follow","max-snippet":"max-snippet:-1","max-image-preview":"max-image-preview:large","max-video-preview":"max-video-preview:-1"},"canonical":"http:\/\/eqpower.ch\/de\/training\/auf-dem-weg-zum-meister-der-emotionen\/","og_locale":"de_DE","og_type":"article","og_title":"Auf dem Weg zum Meister der Emotionen - EQ-Power","og_description":"\u201eAuf dem Weg zum Meister der Emotionen\u201c Seminar \u201eAuf dem Weg zum Meister der Emotionen\u201c Nach dem Kurs \u201eErfolgsfaktor Emotionaler Intelligenz\u201c setzen wir uns in diesem Aufbauseminar vertiefend mit der Emotionssteuerung auseinander. Dies ist ein wichtiger Aspekt unserer Emotionalen Intelligenz. Er erm\u00f6glicht uns, eigene Impulse im Griff zu haben, wenn wir ver\u00e4rgert sind; emotionale Blockaden [&hellip;]","og_url":"http:\/\/eqpower.ch\/de\/training\/auf-dem-weg-zum-meister-der-emotionen\/","og_site_name":"EQ-Power","article_modified_time":"2023-02-15T18:59:05+00:00","og_image":[{"url":"https:\/\/eqpower.ch\/wp-content\/uploads\/2023\/02\/Gruppe-84.png","type":"","width":"","height":""}],"twitter_card":"summary_large_image","twitter_misc":{"Gesch\u00e4tzte Lesezeit":"2\u00a0Minuten"},"schema":{"@context":"https:\/\/schema.org","@graph":[{"@type":"WebPage","@id":"http:\/\/eqpower.ch\/de\/training\/auf-dem-weg-zum-meister-der-emotionen\/","url":"http:\/\/eqpower.ch\/de\/training\/auf-dem-weg-zum-meister-der-emotionen\/","name":"Auf dem Weg zum Meister der Emotionen - EQ-Power","isPartOf":{"@id":"https:\/\/eqpower.ch\/#website"},"primaryImageOfPage":{"@id":"http:\/\/eqpower.ch\/de\/training\/auf-dem-weg-zum-meister-der-emotionen\/#primaryimage"},"image":{"@id":"http:\/\/eqpower.ch\/de\/training\/auf-dem-weg-zum-meister-der-emotionen\/#primaryimage"},"thumbnailUrl":"https:\/\/eqpower.ch\/wp-content\/uploads\/2023\/02\/Gruppe-84.png","datePublished":"2023-01-07T07:30:49+00:00","dateModified":"2023-02-15T18:59:05+00:00","breadcrumb":{"@id":"http:\/\/eqpower.ch\/de\/training\/auf-dem-weg-zum-meister-der-emotionen\/#breadcrumb"},"inLanguage":"de-CH","potentialAction":[{"@type":"ReadAction","target":["http:\/\/eqpower.ch\/de\/training\/auf-dem-weg-zum-meister-der-emotionen\/"]}]},{"@type":"ImageObject","inLanguage":"de-CH","@id":"http:\/\/eqpower.ch\/de\/training\/auf-dem-weg-zum-meister-der-emotionen\/#primaryimage","url":"https:\/\/eqpower.ch\/wp-content\/uploads\/2023\/02\/Gruppe-84.png","contentUrl":"https:\/\/eqpower.ch\/wp-content\/uploads\/2023\/02\/Gruppe-84.png"},{"@type":"BreadcrumbList","@id":"http:\/\/eqpower.ch\/de\/training\/auf-dem-weg-zum-meister-der-emotionen\/#breadcrumb","itemListElement":[{"@type":"ListItem","position":1,"name":"Home","item":"https:\/\/eqpower.ch\/"},{"@type":"ListItem","position":2,"name":"Training","item":"https:\/\/eqpower.ch\/de\/training\/"},{"@type":"ListItem","position":3,"name":"Auf dem Weg zum Meister der Emotionen"}]},{"@type":"WebSite","@id":"https:\/\/eqpower.ch\/#website","url":"https:\/\/eqpower.ch\/","name":"EQ-Power","description":"emotionally smart","publisher":{"@id":"https:\/\/eqpower.ch\/#organization"},"potentialAction":[{"@type":"SearchAction","target":{"@type":"EntryPoint","urlTemplate":"https:\/\/eqpower.ch\/?s={search_term_string}"},"query-input":{"@type":"PropertyValueSpecification","valueRequired":true,"valueName":"search_term_string"}}],"inLanguage":"de-CH"},{"@type":"Organization","@id":"https:\/\/eqpower.ch\/#organization","name":"EQ-Power","url":"https:\/\/eqpower.ch\/","logo":{"@type":"ImageObject","inLanguage":"de-CH","@id":"https:\/\/eqpower.ch\/#\/schema\/logo\/image\/","url":"https:\/\/eqpower.ch\/wp-content\/uploads\/2022\/12\/EQpower_big_cmyk-Neu.png","contentUrl":"https:\/\/eqpower.ch\/wp-content\/uploads\/2022\/12\/EQpower_big_cmyk-Neu.png","width":3175,"height":705,"caption":"EQ-Power"},"image":{"@id":"https:\/\/eqpower.ch\/#\/schema\/logo\/image\/"}}]}},"_links":{"self":[{"href":"https:\/\/eqpower.ch\/de\/wp-json\/wp\/v2\/pages\/1851","targetHints":{"allow":["GET"]}}],"collection":[{"href":"https:\/\/eqpower.ch\/de\/wp-json\/wp\/v2\/pages"}],"about":[{"href":"https:\/\/eqpower.ch\/de\/wp-json\/wp\/v2\/types\/page"}],"author":[{"embeddable":true,"href":"https:\/\/eqpower.ch\/de\/wp-json\/wp\/v2\/users\/1"}],"replies":[{"embeddable":true,"href":"https:\/\/eqpower.ch\/de\/wp-json\/wp\/v2\/comments?post=1851"}],"version-history":[{"count":5,"href":"https:\/\/eqpower.ch\/de\/wp-json\/wp\/v2\/pages\/1851\/revisions"}],"predecessor-version":[{"id":6688,"href":"https:\/\/eqpower.ch\/de\/wp-json\/wp\/v2\/pages\/1851\/revisions\/6688"}],"up":[{"embeddable":true,"href":"https:\/\/eqpower.ch\/de\/wp-json\/wp\/v2\/pages\/35"}],"wp:attachment":[{"href":"https:\/\/eqpower.ch\/de\/wp-json\/wp\/v2\/media?parent=1851"}],"curies":[{"name":"wp","href":"https:\/\/api.w.org\/{rel}","templated":true}]}}