{"id":1817,"date":"2023-01-07T07:33:42","date_gmt":"2023-01-07T06:33:42","guid":{"rendered":"https:\/\/eqpower.ch\/?page_id=1817"},"modified":"2024-03-21T21:20:50","modified_gmt":"2024-03-21T20:20:50","slug":"eq-i-2-0-arbeitsplatz","status":"publish","type":"page","link":"https:\/\/eqpower.ch\/de\/eq-i\/eq-i-2-0-arbeitsplatz\/","title":{"rendered":"EQ-i 2.0 Arbeitsplatz"},"content":{"rendered":"\t\t<div data-elementor-type=\"wp-page\" data-elementor-id=\"1817\" class=\"elementor elementor-1817\" data-elementor-post-type=\"page\">\n\t\t\t\t\t\t<section class=\"elementor-section elementor-top-section elementor-element elementor-element-5961ee3 elementor-section-height-min-height elementor-section-boxed elementor-section-height-default elementor-section-items-middle\" data-id=\"5961ee3\" data-element_type=\"section\" data-settings=\"{&quot;background_background&quot;:&quot;classic&quot;}\">\n\t\t\t\t\t\t\t<div class=\"elementor-background-overlay\"><\/div>\n\t\t\t\t\t\t\t<div class=\"elementor-container elementor-column-gap-default\">\n\t\t\t\t\t<div class=\"elementor-column elementor-col-100 elementor-top-column elementor-element elementor-element-2e2548c\" data-id=\"2e2548c\" data-element_type=\"column\">\n\t\t\t<div class=\"elementor-widget-wrap elementor-element-populated\">\n\t\t\t\t\t\t<div class=\"elementor-element elementor-element-9f32412 elementor-widget elementor-widget-image\" data-id=\"9f32412\" data-element_type=\"widget\" data-widget_type=\"image.default\">\n\t\t\t\t<div class=\"elementor-widget-container\">\n\t\t\t\t\t\t\t\t\t\t\t\t\t\t\t<img fetchpriority=\"high\" decoding=\"async\" width=\"700\" height=\"700\" src=\"https:\/\/eqpower.ch\/wp-content\/uploads\/2023\/02\/Gruppe-67.png\" class=\"attachment-large size-large wp-image-6267\" alt=\"\" srcset=\"https:\/\/eqpower.ch\/wp-content\/uploads\/2023\/02\/Gruppe-67.png 700w, https:\/\/eqpower.ch\/wp-content\/uploads\/2023\/02\/Gruppe-67-300x300.png 300w, https:\/\/eqpower.ch\/wp-content\/uploads\/2023\/02\/Gruppe-67-150x150.png 150w, https:\/\/eqpower.ch\/wp-content\/uploads\/2023\/02\/Gruppe-67-12x12.png 12w\" sizes=\"(max-width: 700px) 100vw, 700px\" \/>\t\t\t\t\t\t\t\t\t\t\t\t\t\t\t<\/div>\n\t\t\t\t<\/div>\n\t\t\t\t\t<\/div>\n\t\t<\/div>\n\t\t\t\t\t<\/div>\n\t\t<\/section>\n\t\t\t\t<section class=\"elementor-section elementor-top-section elementor-element elementor-element-9a9f471 elementor-section-boxed elementor-section-height-default elementor-section-height-default\" data-id=\"9a9f471\" data-element_type=\"section\">\n\t\t\t\t\t\t<div class=\"elementor-container elementor-column-gap-default\">\n\t\t\t\t\t<div class=\"elementor-column elementor-col-100 elementor-top-column elementor-element elementor-element-ea30009\" data-id=\"ea30009\" data-element_type=\"column\">\n\t\t\t<div class=\"elementor-widget-wrap elementor-element-populated\">\n\t\t\t\t\t\t<div class=\"elementor-element elementor-element-64d1726 h1-fontss elementor-widget elementor-widget-heading\" data-id=\"64d1726\" data-element_type=\"widget\" data-widget_type=\"heading.default\">\n\t\t\t\t<div class=\"elementor-widget-container\">\n\t\t\t\t\t<h1 class=\"elementor-heading-title elementor-size-default\">EQ-i 2.0 Arbeitsplatz<\/h1>\t\t\t\t<\/div>\n\t\t\t\t<\/div>\n\t\t\t\t\t<\/div>\n\t\t<\/div>\n\t\t\t\t\t<\/div>\n\t\t<\/section>\n\t\t\t\t<section class=\"elementor-section elementor-top-section elementor-element elementor-element-074a01d elementor-section-boxed elementor-section-height-default elementor-section-height-default\" data-id=\"074a01d\" data-element_type=\"section\">\n\t\t\t\t\t\t<div class=\"elementor-container elementor-column-gap-default\">\n\t\t\t\t\t<div class=\"elementor-column elementor-col-50 elementor-top-column elementor-element elementor-element-69111ce\" data-id=\"69111ce\" data-element_type=\"column\">\n\t\t\t<div class=\"elementor-widget-wrap elementor-element-populated\">\n\t\t\t\t\t\t<div class=\"elementor-element elementor-element-e4b0d18 elementor-widget elementor-widget-text-editor\" data-id=\"e4b0d18\" data-element_type=\"widget\" data-widget_type=\"text-editor.default\">\n\t\t\t\t<div class=\"elementor-widget-container\">\n\t\t\t\t\t\t\t\t\t<p>Das EQ-i Arbeitsplatz Assessment er\u00f6ffnet den&nbsp;Menschen die T\u00fcr in die Welt der Emotionalen Intelligenz. In diesem Verfahren&nbsp;setzen sie sich&nbsp;bewusst mit ihren emotionalen und sozialen Kompetenzen auseinander und stellen \u00dcberlegungen an, wie sie ihre emotionale Intelligenz trainieren m\u00f6chten.<\/p>\t\t\t\t\t\t\t\t<\/div>\n\t\t\t\t<\/div>\n\t\t\t\t\t<\/div>\n\t\t<\/div>\n\t\t\t\t<div class=\"elementor-column elementor-col-50 elementor-top-column elementor-element elementor-element-257635a\" data-id=\"257635a\" data-element_type=\"column\">\n\t\t\t<div class=\"elementor-widget-wrap elementor-element-populated\">\n\t\t\t\t\t\t<div class=\"elementor-element elementor-element-bb0e183 elementor-widget elementor-widget-image\" data-id=\"bb0e183\" data-element_type=\"widget\" data-widget_type=\"image.default\">\n\t\t\t\t<div class=\"elementor-widget-container\">\n\t\t\t\t\t\t\t\t\t\t\t\t\t\t\t<img decoding=\"async\" width=\"341\" height=\"121\" src=\"https:\/\/eqpower.ch\/wp-content\/uploads\/2023\/01\/imgpsh_fullsize_anim-9.png\" class=\"attachment-large size-large wp-image-2123\" alt=\"\" srcset=\"https:\/\/eqpower.ch\/wp-content\/uploads\/2023\/01\/imgpsh_fullsize_anim-9.png 341w, https:\/\/eqpower.ch\/wp-content\/uploads\/2023\/01\/imgpsh_fullsize_anim-9-300x106.png 300w\" sizes=\"(max-width: 341px) 100vw, 341px\" \/>\t\t\t\t\t\t\t\t\t\t\t\t\t\t\t<\/div>\n\t\t\t\t<\/div>\n\t\t\t\t\t<\/div>\n\t\t<\/div>\n\t\t\t\t\t<\/div>\n\t\t<\/section>\n\t\t\t\t<section class=\"elementor-section elementor-top-section elementor-element elementor-element-94caa19 elementor-section-boxed elementor-section-height-default elementor-section-height-default\" data-id=\"94caa19\" data-element_type=\"section\">\n\t\t\t\t\t\t<div class=\"elementor-container elementor-column-gap-default\">\n\t\t\t\t\t<div class=\"elementor-column elementor-col-50 elementor-top-column elementor-element elementor-element-47bab6a\" data-id=\"47bab6a\" data-element_type=\"column\">\n\t\t\t<div class=\"elementor-widget-wrap elementor-element-populated\">\n\t\t\t\t\t\t<div class=\"elementor-element elementor-element-27a9178 elementor-widget__width-initial elementor-widget elementor-widget-heading\" data-id=\"27a9178\" data-element_type=\"widget\" data-widget_type=\"heading.default\">\n\t\t\t\t<div class=\"elementor-widget-container\">\n\t\t\t\t\t<h2 class=\"elementor-heading-title elementor-size-default\">Mit Hilfe von EQ-i 2.0 trainieren Sie Ihre Emotionale Intelligenz, um <\/h2>\t\t\t\t<\/div>\n\t\t\t\t<\/div>\n\t\t\t\t<section class=\"elementor-section elementor-inner-section elementor-element elementor-element-bf41b99 elementor-section-boxed elementor-section-height-default elementor-section-height-default\" data-id=\"bf41b99\" data-element_type=\"section\">\n\t\t\t\t\t\t<div class=\"elementor-container elementor-column-gap-default\">\n\t\t\t\t\t<div class=\"elementor-column elementor-col-50 elementor-inner-column elementor-element elementor-element-e453d46\" data-id=\"e453d46\" data-element_type=\"column\">\n\t\t\t<div class=\"elementor-widget-wrap elementor-element-populated\">\n\t\t\t\t\t\t<div class=\"elementor-element elementor-element-a9e86e2 elementor-widget elementor-widget-text-editor\" data-id=\"a9e86e2\" data-element_type=\"widget\" data-widget_type=\"text-editor.default\">\n\t\t\t\t<div class=\"elementor-widget-container\">\n\t\t\t\t\t\t\t\t\t<ul><li class=\"pad\">Ihre emotionalen Ausl\u00f6ser zu kennen und Ihre Impulse steuern zu k\u00f6nnen<\/li><li class=\"pad\">die Kraft Ihrer Emotionen zu Ihrem Vorteil zu nutzen<\/li><li class=\"pad\">mit Stress besser umgehen zu k\u00f6nnen<\/li><li class=\"pad\">sich effizienter ausdr\u00fccken zu k\u00f6nnen<\/li><li class=\"pad\">emotionale Entscheide besser abw\u00e4gen zu k\u00f6nnen<\/li><li class=\"pad\">starke soziale Beziehungen aufbauen zu k\u00f6nnen\u00a0<\/li><li class=\"pad\">Ihr emotionales Wohlbefinden zu erh\u00f6hen<\/li><\/ul>\t\t\t\t\t\t\t\t<\/div>\n\t\t\t\t<\/div>\n\t\t\t\t\t<\/div>\n\t\t<\/div>\n\t\t\t\t<div class=\"elementor-column elementor-col-50 elementor-inner-column elementor-element elementor-element-336eb2c\" data-id=\"336eb2c\" data-element_type=\"column\">\n\t\t\t<div class=\"elementor-widget-wrap elementor-element-populated\">\n\t\t\t\t\t\t<div class=\"elementor-element elementor-element-a0c70df elementor-widget elementor-widget-image\" data-id=\"a0c70df\" data-element_type=\"widget\" data-widget_type=\"image.default\">\n\t\t\t\t<div class=\"elementor-widget-container\">\n\t\t\t\t\t\t\t\t\t\t\t\t\t\t\t<img decoding=\"async\" width=\"171\" height=\"212\" src=\"https:\/\/eqpower.ch\/wp-content\/uploads\/2023\/01\/imgpsh_fullsize_anim-16.png\" class=\"attachment-large size-large wp-image-3593\" alt=\"\" \/>\t\t\t\t\t\t\t\t\t\t\t\t\t\t\t<\/div>\n\t\t\t\t<\/div>\n\t\t\t\t\t<\/div>\n\t\t<\/div>\n\t\t\t\t\t<\/div>\n\t\t<\/section>\n\t\t\t\t\t<\/div>\n\t\t<\/div>\n\t\t\t\t<div class=\"elementor-column elementor-col-50 elementor-top-column elementor-element elementor-element-77e51b2 camp\" data-id=\"77e51b2\" data-element_type=\"column\">\n\t\t\t<div class=\"elementor-widget-wrap elementor-element-populated\">\n\t\t\t\t\t\t<div class=\"elementor-element elementor-element-e587f74 elementor-widget elementor-widget-heading\" data-id=\"e587f74\" data-element_type=\"widget\" data-widget_type=\"heading.default\">\n\t\t\t\t<div class=\"elementor-widget-container\">\n\t\t\t\t\t<h2 class=\"elementor-heading-title elementor-size-default\">Inhalt und Kosten<\/h2>\t\t\t\t<\/div>\n\t\t\t\t<\/div>\n\t\t\t\t<div class=\"elementor-element elementor-element-92b3fb0 elementor-widget elementor-widget-text-editor\" data-id=\"92b3fb0\" data-element_type=\"widget\" data-widget_type=\"text-editor.default\">\n\t\t\t\t<div class=\"elementor-widget-container\">\n\t\t\t\t\t\t\t\t\t<ul><li class=\"pad\">EQ-i 2.0 Assessment<\/li><li class=\"pad\">EQ-i 2.0-Bericht<\/li><li class=\"pad\">Auswertungsgespr\u00e4ch mit zertifiziertem Trainer (Dauer: 1 Stunde)<\/li><li class=\"pad\">Aktionsplan zur Entwicklung der eigenen EI<\/li><\/ul>\t\t\t\t\t\t\t\t<\/div>\n\t\t\t\t<\/div>\n\t\t\t\t<div class=\"elementor-element elementor-element-8f40abe elementor-widget elementor-widget-heading\" data-id=\"8f40abe\" data-element_type=\"widget\" data-widget_type=\"heading.default\">\n\t\t\t\t<div class=\"elementor-widget-container\">\n\t\t\t\t\t<h2 class=\"elementor-heading-title elementor-size-default\">Preis: 375.- CHF<\/h2>\t\t\t\t<\/div>\n\t\t\t\t<\/div>\n\t\t\t\t<div class=\"elementor-element elementor-element-30be7eb elementor-position-left elementor-vertical-align-middle elementor-widget elementor-widget-image-box\" data-id=\"30be7eb\" data-element_type=\"widget\" data-widget_type=\"image-box.default\">\n\t\t\t\t<div class=\"elementor-widget-container\">\n\t\t\t\t\t<div class=\"elementor-image-box-wrapper\"><figure class=\"elementor-image-box-img\"><a href=\"https:\/\/eqpower.ch\/wp-content\/uploads\/2024\/03\/EQ-i-2.0-Workplace-Sample-CLIENT.pdf\" target=\"_blank\" tabindex=\"-1\"><img loading=\"lazy\" decoding=\"async\" width=\"132\" height=\"198\" src=\"https:\/\/eqpower.ch\/wp-content\/uploads\/2023\/02\/3b517a92f488a8af683ed1d41db10f3e.png\" class=\"elementor-animation-grow attachment-full size-full wp-image-6336\" alt=\"\" srcset=\"https:\/\/eqpower.ch\/wp-content\/uploads\/2023\/02\/3b517a92f488a8af683ed1d41db10f3e.png 132w, https:\/\/eqpower.ch\/wp-content\/uploads\/2023\/02\/3b517a92f488a8af683ed1d41db10f3e-8x12.png 8w\" sizes=\"(max-width: 132px) 100vw, 132px\" \/><\/a><\/figure><div class=\"elementor-image-box-content\"><h3 class=\"elementor-image-box-title\"><a href=\"https:\/\/eqpower.ch\/wp-content\/uploads\/2024\/03\/EQ-i-2.0-Workplace-Sample-CLIENT.pdf\" target=\"_blank\">Arbeitsplatz EQ-i 2.0 Bericht Download<\/a><\/h3><\/div><\/div>\t\t\t\t<\/div>\n\t\t\t\t<\/div>\n\t\t\t\t\t<\/div>\n\t\t<\/div>\n\t\t\t\t\t<\/div>\n\t\t<\/section>\n\t\t\t\t<\/div>\n\t\t","protected":false},"excerpt":{"rendered":"<p>EQ-i 2.0 Arbeitsplatz Das EQ-i Arbeitsplatz Assessment er\u00f6ffnet den&nbsp;Menschen die T\u00fcr in die Welt der Emotionalen Intelligenz. In diesem Verfahren&nbsp;setzen sie sich&nbsp;bewusst mit ihren emotionalen und sozialen Kompetenzen auseinander und stellen \u00dcberlegungen an, wie sie ihre emotionale Intelligenz trainieren m\u00f6chten. Mit Hilfe von EQ-i 2.0 trainieren Sie Ihre Emotionale Intelligenz, um Ihre emotionalen Ausl\u00f6ser zu [&hellip;]<\/p>\n","protected":false},"author":1,"featured_media":0,"parent":1218,"menu_order":0,"comment_status":"closed","ping_status":"closed","template":"","meta":{"footnotes":""},"class_list":["post-1817","page","type-page","status-publish","hentry"],"yoast_head":"<!-- This site is optimized with the Yoast SEO plugin v25.1 - https:\/\/yoast.com\/wordpress\/plugins\/seo\/ -->\n<title>EQ-i 2.0 Arbeitsplatz - EQ-Power<\/title>\n<meta name=\"robots\" content=\"index, follow, max-snippet:-1, max-image-preview:large, max-video-preview:-1\" \/>\n<link rel=\"canonical\" href=\"https:\/\/eqpower.ch\/de\/eq-i\/eq-i-2-0-arbeitsplatz\/\" \/>\n<meta property=\"og:locale\" content=\"de_DE\" \/>\n<meta property=\"og:type\" content=\"article\" \/>\n<meta property=\"og:title\" content=\"EQ-i 2.0 Arbeitsplatz - EQ-Power\" \/>\n<meta property=\"og:description\" content=\"EQ-i 2.0 Arbeitsplatz Das EQ-i Arbeitsplatz Assessment er\u00f6ffnet den&nbsp;Menschen die T\u00fcr in die Welt der Emotionalen Intelligenz. In diesem Verfahren&nbsp;setzen sie sich&nbsp;bewusst mit ihren emotionalen und sozialen Kompetenzen auseinander und stellen \u00dcberlegungen an, wie sie ihre emotionale Intelligenz trainieren m\u00f6chten. Mit Hilfe von EQ-i 2.0 trainieren Sie Ihre Emotionale Intelligenz, um Ihre emotionalen Ausl\u00f6ser zu [&hellip;]\" \/>\n<meta property=\"og:url\" content=\"https:\/\/eqpower.ch\/de\/eq-i\/eq-i-2-0-arbeitsplatz\/\" \/>\n<meta property=\"og:site_name\" content=\"EQ-Power\" \/>\n<meta property=\"article:modified_time\" content=\"2024-03-21T20:20:50+00:00\" \/>\n<meta property=\"og:image\" content=\"https:\/\/eqpower.ch\/wp-content\/uploads\/2023\/02\/Gruppe-67.png\" \/>\n<meta name=\"twitter:card\" content=\"summary_large_image\" \/>\n<meta name=\"twitter:label1\" content=\"Gesch\u00e4tzte Lesezeit\" \/>\n\t<meta name=\"twitter:data1\" content=\"2\u00a0Minuten\" \/>\n<script type=\"application\/ld+json\" class=\"yoast-schema-graph\">{\"@context\":\"https:\/\/schema.org\",\"@graph\":[{\"@type\":\"WebPage\",\"@id\":\"https:\/\/eqpower.ch\/eq-i\/eq-i-2-0-arbeitsplatz\/\",\"url\":\"https:\/\/eqpower.ch\/eq-i\/eq-i-2-0-arbeitsplatz\/\",\"name\":\"EQ-i 2.0 Arbeitsplatz - EQ-Power\",\"isPartOf\":{\"@id\":\"https:\/\/eqpower.ch\/#website\"},\"primaryImageOfPage\":{\"@id\":\"https:\/\/eqpower.ch\/eq-i\/eq-i-2-0-arbeitsplatz\/#primaryimage\"},\"image\":{\"@id\":\"https:\/\/eqpower.ch\/eq-i\/eq-i-2-0-arbeitsplatz\/#primaryimage\"},\"thumbnailUrl\":\"https:\/\/eqpower.ch\/wp-content\/uploads\/2023\/02\/Gruppe-67.png\",\"datePublished\":\"2023-01-07T06:33:42+00:00\",\"dateModified\":\"2024-03-21T20:20:50+00:00\",\"breadcrumb\":{\"@id\":\"https:\/\/eqpower.ch\/eq-i\/eq-i-2-0-arbeitsplatz\/#breadcrumb\"},\"inLanguage\":\"de-CH\",\"potentialAction\":[{\"@type\":\"ReadAction\",\"target\":[\"https:\/\/eqpower.ch\/eq-i\/eq-i-2-0-arbeitsplatz\/\"]}]},{\"@type\":\"ImageObject\",\"inLanguage\":\"de-CH\",\"@id\":\"https:\/\/eqpower.ch\/eq-i\/eq-i-2-0-arbeitsplatz\/#primaryimage\",\"url\":\"https:\/\/eqpower.ch\/wp-content\/uploads\/2023\/02\/Gruppe-67.png\",\"contentUrl\":\"https:\/\/eqpower.ch\/wp-content\/uploads\/2023\/02\/Gruppe-67.png\"},{\"@type\":\"BreadcrumbList\",\"@id\":\"https:\/\/eqpower.ch\/eq-i\/eq-i-2-0-arbeitsplatz\/#breadcrumb\",\"itemListElement\":[{\"@type\":\"ListItem\",\"position\":1,\"name\":\"Home\",\"item\":\"https:\/\/eqpower.ch\/\"},{\"@type\":\"ListItem\",\"position\":2,\"name\":\"EQ-i\",\"item\":\"https:\/\/eqpower.ch\/de\/eq-i\/\"},{\"@type\":\"ListItem\",\"position\":3,\"name\":\"EQ-i 2.0 Arbeitsplatz\"}]},{\"@type\":\"WebSite\",\"@id\":\"https:\/\/eqpower.ch\/#website\",\"url\":\"https:\/\/eqpower.ch\/\",\"name\":\"EQ-Power\",\"description\":\"emotionally smart\",\"publisher\":{\"@id\":\"https:\/\/eqpower.ch\/#organization\"},\"potentialAction\":[{\"@type\":\"SearchAction\",\"target\":{\"@type\":\"EntryPoint\",\"urlTemplate\":\"https:\/\/eqpower.ch\/?s={search_term_string}\"},\"query-input\":{\"@type\":\"PropertyValueSpecification\",\"valueRequired\":true,\"valueName\":\"search_term_string\"}}],\"inLanguage\":\"de-CH\"},{\"@type\":\"Organization\",\"@id\":\"https:\/\/eqpower.ch\/#organization\",\"name\":\"EQ-Power\",\"url\":\"https:\/\/eqpower.ch\/\",\"logo\":{\"@type\":\"ImageObject\",\"inLanguage\":\"de-CH\",\"@id\":\"https:\/\/eqpower.ch\/#\/schema\/logo\/image\/\",\"url\":\"https:\/\/eqpower.ch\/wp-content\/uploads\/2022\/12\/EQpower_big_cmyk-Neu.png\",\"contentUrl\":\"https:\/\/eqpower.ch\/wp-content\/uploads\/2022\/12\/EQpower_big_cmyk-Neu.png\",\"width\":3175,\"height\":705,\"caption\":\"EQ-Power\"},\"image\":{\"@id\":\"https:\/\/eqpower.ch\/#\/schema\/logo\/image\/\"}}]}<\/script>\n<!-- \/ Yoast SEO plugin. -->","yoast_head_json":{"title":"EQ-i 2.0 Arbeitsplatz - EQ-Power","robots":{"index":"index","follow":"follow","max-snippet":"max-snippet:-1","max-image-preview":"max-image-preview:large","max-video-preview":"max-video-preview:-1"},"canonical":"https:\/\/eqpower.ch\/de\/eq-i\/eq-i-2-0-arbeitsplatz\/","og_locale":"de_DE","og_type":"article","og_title":"EQ-i 2.0 Arbeitsplatz - EQ-Power","og_description":"EQ-i 2.0 Arbeitsplatz Das EQ-i Arbeitsplatz Assessment er\u00f6ffnet den&nbsp;Menschen die T\u00fcr in die Welt der Emotionalen Intelligenz. In diesem Verfahren&nbsp;setzen sie sich&nbsp;bewusst mit ihren emotionalen und sozialen Kompetenzen auseinander und stellen \u00dcberlegungen an, wie sie ihre emotionale Intelligenz trainieren m\u00f6chten. Mit Hilfe von EQ-i 2.0 trainieren Sie Ihre Emotionale Intelligenz, um Ihre emotionalen Ausl\u00f6ser zu [&hellip;]","og_url":"https:\/\/eqpower.ch\/de\/eq-i\/eq-i-2-0-arbeitsplatz\/","og_site_name":"EQ-Power","article_modified_time":"2024-03-21T20:20:50+00:00","og_image":[{"url":"https:\/\/eqpower.ch\/wp-content\/uploads\/2023\/02\/Gruppe-67.png","type":"","width":"","height":""}],"twitter_card":"summary_large_image","twitter_misc":{"Gesch\u00e4tzte Lesezeit":"2\u00a0Minuten"},"schema":{"@context":"https:\/\/schema.org","@graph":[{"@type":"WebPage","@id":"https:\/\/eqpower.ch\/eq-i\/eq-i-2-0-arbeitsplatz\/","url":"https:\/\/eqpower.ch\/eq-i\/eq-i-2-0-arbeitsplatz\/","name":"EQ-i 2.0 Arbeitsplatz - EQ-Power","isPartOf":{"@id":"https:\/\/eqpower.ch\/#website"},"primaryImageOfPage":{"@id":"https:\/\/eqpower.ch\/eq-i\/eq-i-2-0-arbeitsplatz\/#primaryimage"},"image":{"@id":"https:\/\/eqpower.ch\/eq-i\/eq-i-2-0-arbeitsplatz\/#primaryimage"},"thumbnailUrl":"https:\/\/eqpower.ch\/wp-content\/uploads\/2023\/02\/Gruppe-67.png","datePublished":"2023-01-07T06:33:42+00:00","dateModified":"2024-03-21T20:20:50+00:00","breadcrumb":{"@id":"https:\/\/eqpower.ch\/eq-i\/eq-i-2-0-arbeitsplatz\/#breadcrumb"},"inLanguage":"de-CH","potentialAction":[{"@type":"ReadAction","target":["https:\/\/eqpower.ch\/eq-i\/eq-i-2-0-arbeitsplatz\/"]}]},{"@type":"ImageObject","inLanguage":"de-CH","@id":"https:\/\/eqpower.ch\/eq-i\/eq-i-2-0-arbeitsplatz\/#primaryimage","url":"https:\/\/eqpower.ch\/wp-content\/uploads\/2023\/02\/Gruppe-67.png","contentUrl":"https:\/\/eqpower.ch\/wp-content\/uploads\/2023\/02\/Gruppe-67.png"},{"@type":"BreadcrumbList","@id":"https:\/\/eqpower.ch\/eq-i\/eq-i-2-0-arbeitsplatz\/#breadcrumb","itemListElement":[{"@type":"ListItem","position":1,"name":"Home","item":"https:\/\/eqpower.ch\/"},{"@type":"ListItem","position":2,"name":"EQ-i","item":"https:\/\/eqpower.ch\/de\/eq-i\/"},{"@type":"ListItem","position":3,"name":"EQ-i 2.0 Arbeitsplatz"}]},{"@type":"WebSite","@id":"https:\/\/eqpower.ch\/#website","url":"https:\/\/eqpower.ch\/","name":"EQ-Power","description":"emotionally smart","publisher":{"@id":"https:\/\/eqpower.ch\/#organization"},"potentialAction":[{"@type":"SearchAction","target":{"@type":"EntryPoint","urlTemplate":"https:\/\/eqpower.ch\/?s={search_term_string}"},"query-input":{"@type":"PropertyValueSpecification","valueRequired":true,"valueName":"search_term_string"}}],"inLanguage":"de-CH"},{"@type":"Organization","@id":"https:\/\/eqpower.ch\/#organization","name":"EQ-Power","url":"https:\/\/eqpower.ch\/","logo":{"@type":"ImageObject","inLanguage":"de-CH","@id":"https:\/\/eqpower.ch\/#\/schema\/logo\/image\/","url":"https:\/\/eqpower.ch\/wp-content\/uploads\/2022\/12\/EQpower_big_cmyk-Neu.png","contentUrl":"https:\/\/eqpower.ch\/wp-content\/uploads\/2022\/12\/EQpower_big_cmyk-Neu.png","width":3175,"height":705,"caption":"EQ-Power"},"image":{"@id":"https:\/\/eqpower.ch\/#\/schema\/logo\/image\/"}}]}},"_links":{"self":[{"href":"https:\/\/eqpower.ch\/de\/wp-json\/wp\/v2\/pages\/1817","targetHints":{"allow":["GET"]}}],"collection":[{"href":"https:\/\/eqpower.ch\/de\/wp-json\/wp\/v2\/pages"}],"about":[{"href":"https:\/\/eqpower.ch\/de\/wp-json\/wp\/v2\/types\/page"}],"author":[{"embeddable":true,"href":"https:\/\/eqpower.ch\/de\/wp-json\/wp\/v2\/users\/1"}],"replies":[{"embeddable":true,"href":"https:\/\/eqpower.ch\/de\/wp-json\/wp\/v2\/comments?post=1817"}],"version-history":[{"count":5,"href":"https:\/\/eqpower.ch\/de\/wp-json\/wp\/v2\/pages\/1817\/revisions"}],"predecessor-version":[{"id":6914,"href":"https:\/\/eqpower.ch\/de\/wp-json\/wp\/v2\/pages\/1817\/revisions\/6914"}],"up":[{"embeddable":true,"href":"https:\/\/eqpower.ch\/de\/wp-json\/wp\/v2\/pages\/1218"}],"wp:attachment":[{"href":"https:\/\/eqpower.ch\/de\/wp-json\/wp\/v2\/media?parent=1817"}],"curies":[{"name":"wp","href":"https:\/\/api.w.org\/{rel}","templated":true}]}}