{"id":11,"date":"2022-12-21T06:11:52","date_gmt":"2022-12-21T05:11:52","guid":{"rendered":"https:\/\/eqpower.ch\/?page_id=11"},"modified":"2025-07-21T11:20:56","modified_gmt":"2025-07-21T09:20:56","slug":"homepage","status":"publish","type":"page","link":"https:\/\/eqpower.ch\/de\/","title":{"rendered":"Home"},"content":{"rendered":"\t\t<div data-elementor-type=\"wp-page\" data-elementor-id=\"11\" class=\"elementor elementor-11\" data-elementor-post-type=\"page\">\n\t\t\t\t\t\t<section class=\"elementor-section elementor-top-section elementor-element elementor-element-55f8cd6 elementor-section-full_width elementor-section-stretched elementor-section-height-default elementor-section-height-default\" data-id=\"55f8cd6\" data-element_type=\"section\" data-settings=\"{&quot;stretch_section&quot;:&quot;section-stretched&quot;,&quot;background_background&quot;:&quot;classic&quot;}\">\n\t\t\t\t\t\t\t<div class=\"elementor-background-overlay\"><\/div>\n\t\t\t\t\t\t\t<div class=\"elementor-container elementor-column-gap-default\">\n\t\t\t\t\t<div class=\"elementor-column elementor-col-100 elementor-top-column elementor-element elementor-element-e5fec45\" data-id=\"e5fec45\" data-element_type=\"column\">\n\t\t\t<div class=\"elementor-widget-wrap elementor-element-populated\">\n\t\t\t\t\t\t<div class=\"elementor-element elementor-element-49f5891 elementor-widget elementor-widget-spacer\" data-id=\"49f5891\" data-element_type=\"widget\" data-widget_type=\"spacer.default\">\n\t\t\t\t<div class=\"elementor-widget-container\">\n\t\t\t\t\t\t\t<div class=\"elementor-spacer\">\n\t\t\t<div class=\"elementor-spacer-inner\"><\/div>\n\t\t<\/div>\n\t\t\t\t\t\t<\/div>\n\t\t\t\t<\/div>\n\t\t\t\t\t<\/div>\n\t\t<\/div>\n\t\t\t\t\t<\/div>\n\t\t<\/section>\n\t\t\t\t<section class=\"elementor-section elementor-top-section elementor-element elementor-element-0b3fca8 elementor-section-boxed elementor-section-height-default elementor-section-height-default\" data-id=\"0b3fca8\" data-element_type=\"section\">\n\t\t\t\t\t\t<div class=\"elementor-container elementor-column-gap-default\">\n\t\t\t\t\t<div class=\"elementor-column elementor-col-100 elementor-top-column elementor-element elementor-element-c99079e\" data-id=\"c99079e\" data-element_type=\"column\">\n\t\t\t<div class=\"elementor-widget-wrap elementor-element-populated\">\n\t\t\t\t\t\t<div class=\"elementor-element elementor-element-da6016f h1-fontss elementor-widget elementor-widget-heading\" data-id=\"da6016f\" data-element_type=\"widget\" data-widget_type=\"heading.default\">\n\t\t\t\t<div class=\"elementor-widget-container\">\n\t\t\t\t\t<h1 class=\"elementor-heading-title elementor-size-default\">Willkommen in der Welt<br> der <span class=\"boy\">Emotionalen <\/span><span class=\"boys\">Intelligenz<\/span><\/h1>\t\t\t\t<\/div>\n\t\t\t\t<\/div>\n\t\t\t\t\t<\/div>\n\t\t<\/div>\n\t\t\t\t\t<\/div>\n\t\t<\/section>\n\t\t\t\t<section class=\"elementor-section elementor-top-section elementor-element elementor-element-684ed36 elementor-section-boxed elementor-section-height-default elementor-section-height-default\" data-id=\"684ed36\" data-element_type=\"section\">\n\t\t\t\t\t\t<div class=\"elementor-container elementor-column-gap-default\">\n\t\t\t\t\t<div class=\"elementor-column elementor-col-33 elementor-top-column elementor-element elementor-element-f679a81\" data-id=\"f679a81\" data-element_type=\"column\">\n\t\t\t<div class=\"elementor-widget-wrap elementor-element-populated\">\n\t\t\t\t\t\t<div class=\"elementor-element elementor-element-5eab45d elementor-widget elementor-widget-image\" data-id=\"5eab45d\" data-element_type=\"widget\" data-widget_type=\"image.default\">\n\t\t\t\t<div class=\"elementor-widget-container\">\n\t\t\t\t\t\t\t\t\t\t\t\t\t\t\t<img fetchpriority=\"high\" decoding=\"async\" width=\"800\" height=\"800\" src=\"https:\/\/eqpower.ch\/wp-content\/uploads\/2023\/02\/Ei_messen-1024x1024.png\" class=\"attachment-large size-large wp-image-6244\" alt=\"\" srcset=\"https:\/\/eqpower.ch\/wp-content\/uploads\/2023\/02\/Ei_messen-1024x1024.png 1024w, https:\/\/eqpower.ch\/wp-content\/uploads\/2023\/02\/Ei_messen-300x300.png 300w, https:\/\/eqpower.ch\/wp-content\/uploads\/2023\/02\/Ei_messen-150x150.png 150w, https:\/\/eqpower.ch\/wp-content\/uploads\/2023\/02\/Ei_messen-768x768.png 768w, https:\/\/eqpower.ch\/wp-content\/uploads\/2023\/02\/Ei_messen-12x12.png 12w, https:\/\/eqpower.ch\/wp-content\/uploads\/2023\/02\/Ei_messen.png 1264w\" sizes=\"(max-width: 800px) 100vw, 800px\" \/>\t\t\t\t\t\t\t\t\t\t\t\t\t\t\t<\/div>\n\t\t\t\t<\/div>\n\t\t\t\t<section class=\"elementor-section elementor-inner-section elementor-element elementor-element-385a43c elementor-section-boxed elementor-section-height-default elementor-section-height-default\" data-id=\"385a43c\" data-element_type=\"section\">\n\t\t\t\t\t\t<div class=\"elementor-container elementor-column-gap-default\">\n\t\t\t\t\t<div class=\"elementor-column elementor-col-100 elementor-inner-column elementor-element elementor-element-13e60fe camp\" data-id=\"13e60fe\" data-element_type=\"column\">\n\t\t\t<div class=\"elementor-widget-wrap elementor-element-populated\">\n\t\t\t\t\t\t<div class=\"elementor-element elementor-element-ed20bdd box-txt elementor-widget elementor-widget-text-editor\" data-id=\"ed20bdd\" data-element_type=\"widget\" data-widget_type=\"text-editor.default\">\n\t\t\t\t<div class=\"elementor-widget-container\">\n\t\t\t\t\t\t\t\t\t<p>Beim Durchlaufen des Assessments erhalten Sie das Profil Ihrer Emotionalen Intelligenz. Dies gibt Ihnen die M\u00f6glichkeit, Ihre St\u00e4rken optimal zu nutzen und die EI-Kompetenzen zu entwickeln, die f\u00fcr Sie wichtig sind.<\/p>\t\t\t\t\t\t\t\t<\/div>\n\t\t\t\t<\/div>\n\t\t\t\t<div class=\"elementor-element elementor-element-390b6de elementor-widget elementor-widget-heading\" data-id=\"390b6de\" data-element_type=\"widget\" data-widget_type=\"heading.default\">\n\t\t\t\t<div class=\"elementor-widget-container\">\n\t\t\t\t\t<h2 class=\"elementor-heading-title elementor-size-default\"><a href=\"https:\/\/eqpower.ch\/eq-i\/\">Mehr dazu<\/a><\/h2>\t\t\t\t<\/div>\n\t\t\t\t<\/div>\n\t\t\t\t\t<\/div>\n\t\t<\/div>\n\t\t\t\t\t<\/div>\n\t\t<\/section>\n\t\t\t\t\t<\/div>\n\t\t<\/div>\n\t\t\t\t<div class=\"elementor-column elementor-col-33 elementor-top-column elementor-element elementor-element-51670af\" data-id=\"51670af\" data-element_type=\"column\">\n\t\t\t<div class=\"elementor-widget-wrap elementor-element-populated\">\n\t\t\t\t\t\t<div class=\"elementor-element elementor-element-25ac78a elementor-widget elementor-widget-image\" data-id=\"25ac78a\" data-element_type=\"widget\" data-widget_type=\"image.default\">\n\t\t\t\t<div class=\"elementor-widget-container\">\n\t\t\t\t\t\t\t\t\t\t\t\t\t\t\t<img decoding=\"async\" width=\"800\" height=\"800\" src=\"https:\/\/eqpower.ch\/wp-content\/uploads\/2023\/02\/Ei_Trainieren-1024x1024.png\" class=\"attachment-large size-large wp-image-6245\" alt=\"\" srcset=\"https:\/\/eqpower.ch\/wp-content\/uploads\/2023\/02\/Ei_Trainieren-1024x1024.png 1024w, https:\/\/eqpower.ch\/wp-content\/uploads\/2023\/02\/Ei_Trainieren-300x300.png 300w, https:\/\/eqpower.ch\/wp-content\/uploads\/2023\/02\/Ei_Trainieren-150x150.png 150w, https:\/\/eqpower.ch\/wp-content\/uploads\/2023\/02\/Ei_Trainieren-768x768.png 768w, https:\/\/eqpower.ch\/wp-content\/uploads\/2023\/02\/Ei_Trainieren-12x12.png 12w, https:\/\/eqpower.ch\/wp-content\/uploads\/2023\/02\/Ei_Trainieren.png 1264w\" sizes=\"(max-width: 800px) 100vw, 800px\" \/>\t\t\t\t\t\t\t\t\t\t\t\t\t\t\t<\/div>\n\t\t\t\t<\/div>\n\t\t\t\t<section class=\"elementor-section elementor-inner-section elementor-element elementor-element-0140210 elementor-section-boxed elementor-section-height-default elementor-section-height-default\" data-id=\"0140210\" data-element_type=\"section\">\n\t\t\t\t\t\t<div class=\"elementor-container elementor-column-gap-default\">\n\t\t\t\t\t<div class=\"elementor-column elementor-col-100 elementor-inner-column elementor-element elementor-element-7624947 camp\" data-id=\"7624947\" data-element_type=\"column\">\n\t\t\t<div class=\"elementor-widget-wrap elementor-element-populated\">\n\t\t\t\t\t\t<div class=\"elementor-element elementor-element-f0ddcaf box-txt elementor-widget elementor-widget-text-editor\" data-id=\"f0ddcaf\" data-element_type=\"widget\" data-widget_type=\"text-editor.default\">\n\t\t\t\t<div class=\"elementor-widget-container\">\n\t\t\t\t\t\t\t\t\t<p>Obwohl Emotionale Intelligenz teilweise angeboren ist, k\u00f6nnen Sie sie dennoch weiterentwickeln, sei es durch ein Gruppentraining oder ein individuelles Coaching.<\/p>\t\t\t\t\t\t\t\t<\/div>\n\t\t\t\t<\/div>\n\t\t\t\t<div class=\"elementor-element elementor-element-1167d35 elementor-widget elementor-widget-heading\" data-id=\"1167d35\" data-element_type=\"widget\" data-widget_type=\"heading.default\">\n\t\t\t\t<div class=\"elementor-widget-container\">\n\t\t\t\t\t<h2 class=\"elementor-heading-title elementor-size-default\"><a href=\"https:\/\/eqpower.ch\/training\/\">Mehr dazu<\/a><\/h2>\t\t\t\t<\/div>\n\t\t\t\t<\/div>\n\t\t\t\t\t<\/div>\n\t\t<\/div>\n\t\t\t\t\t<\/div>\n\t\t<\/section>\n\t\t\t\t\t<\/div>\n\t\t<\/div>\n\t\t\t\t<div class=\"elementor-column elementor-col-33 elementor-top-column elementor-element elementor-element-adecd09\" data-id=\"adecd09\" data-element_type=\"column\">\n\t\t\t<div class=\"elementor-widget-wrap elementor-element-populated\">\n\t\t\t\t\t\t<div class=\"elementor-element elementor-element-0bb11c5 elementor-widget elementor-widget-image\" data-id=\"0bb11c5\" data-element_type=\"widget\" data-widget_type=\"image.default\">\n\t\t\t\t<div class=\"elementor-widget-container\">\n\t\t\t\t\t\t\t\t\t\t\t\t\t\t\t<img decoding=\"async\" width=\"800\" height=\"800\" src=\"https:\/\/eqpower.ch\/wp-content\/uploads\/2023\/02\/EI-Experte-1024x1024.png\" class=\"attachment-large size-large wp-image-6246\" alt=\"\" srcset=\"https:\/\/eqpower.ch\/wp-content\/uploads\/2023\/02\/EI-Experte-1024x1024.png 1024w, https:\/\/eqpower.ch\/wp-content\/uploads\/2023\/02\/EI-Experte-300x300.png 300w, https:\/\/eqpower.ch\/wp-content\/uploads\/2023\/02\/EI-Experte-150x150.png 150w, https:\/\/eqpower.ch\/wp-content\/uploads\/2023\/02\/EI-Experte-768x768.png 768w, https:\/\/eqpower.ch\/wp-content\/uploads\/2023\/02\/EI-Experte-12x12.png 12w, https:\/\/eqpower.ch\/wp-content\/uploads\/2023\/02\/EI-Experte.png 1264w\" sizes=\"(max-width: 800px) 100vw, 800px\" \/>\t\t\t\t\t\t\t\t\t\t\t\t\t\t\t<\/div>\n\t\t\t\t<\/div>\n\t\t\t\t<section class=\"elementor-section elementor-inner-section elementor-element elementor-element-32cf300 elementor-section-boxed elementor-section-height-default elementor-section-height-default\" data-id=\"32cf300\" data-element_type=\"section\">\n\t\t\t\t\t\t<div class=\"elementor-container elementor-column-gap-default\">\n\t\t\t\t\t<div class=\"elementor-column elementor-col-100 elementor-inner-column elementor-element elementor-element-a16c9e0 camp\" data-id=\"a16c9e0\" data-element_type=\"column\">\n\t\t\t<div class=\"elementor-widget-wrap elementor-element-populated\">\n\t\t\t\t\t\t<div class=\"elementor-element elementor-element-bdd5a01 box-txt elementor-widget elementor-widget-text-editor\" data-id=\"bdd5a01\" data-element_type=\"widget\" data-widget_type=\"text-editor.default\">\n\t\t\t\t<div class=\"elementor-widget-container\">\n\t\t\t\t\t\t\t\t\t<p>M\u00f6chten Sie das Thema der Emotionalen Intelligenz an andere weitertragen, k\u00f6nnen Sie durch die EQ-i Zertifizierung und Train-the-Trainer Programme zum Experten werden.<\/p>\t\t\t\t\t\t\t\t<\/div>\n\t\t\t\t<\/div>\n\t\t\t\t<div class=\"elementor-element elementor-element-e98941a elementor-widget elementor-widget-heading\" data-id=\"e98941a\" data-element_type=\"widget\" data-widget_type=\"heading.default\">\n\t\t\t\t<div class=\"elementor-widget-container\">\n\t\t\t\t\t<h2 class=\"elementor-heading-title elementor-size-default\"><a href=\"\/certification\/\">Mehr dazu<\/a><\/h2>\t\t\t\t<\/div>\n\t\t\t\t<\/div>\n\t\t\t\t\t<\/div>\n\t\t<\/div>\n\t\t\t\t\t<\/div>\n\t\t<\/section>\n\t\t\t\t\t<\/div>\n\t\t<\/div>\n\t\t\t\t\t<\/div>\n\t\t<\/section>\n\t\t\t\t<\/div>\n\t\t","protected":false},"excerpt":{"rendered":"<p>Willkommen in der Welt der Emotionalen Intelligenz Beim Durchlaufen des Assessments erhalten Sie das Profil Ihrer Emotionalen Intelligenz. Dies gibt Ihnen die M\u00f6glichkeit, Ihre St\u00e4rken optimal zu nutzen und die EI-Kompetenzen zu entwickeln, die f\u00fcr Sie wichtig sind. Mehr dazu Obwohl Emotionale Intelligenz teilweise angeboren ist, k\u00f6nnen Sie sie dennoch weiterentwickeln, sei es durch ein [&hellip;]<\/p>\n","protected":false},"author":1,"featured_media":0,"parent":0,"menu_order":0,"comment_status":"closed","ping_status":"closed","template":"","meta":{"footnotes":""},"class_list":["post-11","page","type-page","status-publish","hentry"],"yoast_head":"<!-- This site is optimized with the Yoast SEO plugin v25.1 - https:\/\/yoast.com\/wordpress\/plugins\/seo\/ -->\n<title>EQ Power \u2013 Emotionale Intelligenz | Messen - Trainieren - Experte<\/title>\n<meta name=\"description\" content=\"Beim Durchlaufen des Assessments erhalten Sie das Profil Ihrer emotionalen Intelligenz. Emotionale Intelligenz Messen - Trainieren - Experte.\" \/>\n<meta name=\"robots\" content=\"index, follow, max-snippet:-1, max-image-preview:large, max-video-preview:-1\" \/>\n<link rel=\"canonical\" href=\"https:\/\/eqpower.ch\/de\/\" \/>\n<meta property=\"og:locale\" content=\"de_DE\" \/>\n<meta property=\"og:type\" content=\"article\" \/>\n<meta property=\"og:title\" content=\"EQ Power \u2013 Emotionale Intelligenz | Messen - Trainieren - Experte\" \/>\n<meta property=\"og:description\" content=\"Beim Durchlaufen des Assessments erhalten Sie das Profil Ihrer emotionalen Intelligenz. Emotionale Intelligenz Messen - Trainieren - Experte.\" \/>\n<meta property=\"og:url\" content=\"https:\/\/eqpower.ch\/de\/\" \/>\n<meta property=\"og:site_name\" content=\"EQ-Power\" \/>\n<meta property=\"article:modified_time\" content=\"2025-07-21T09:20:56+00:00\" \/>\n<meta property=\"og:image\" content=\"https:\/\/eqpower.ch\/wp-content\/uploads\/2023\/02\/Ei_messen.png\" \/>\n\t<meta property=\"og:image:width\" content=\"1264\" \/>\n\t<meta property=\"og:image:height\" content=\"1264\" \/>\n\t<meta property=\"og:image:type\" content=\"image\/png\" \/>\n<meta name=\"twitter:card\" content=\"summary_large_image\" \/>\n<meta name=\"twitter:label1\" content=\"Gesch\u00e4tzte Lesezeit\" \/>\n\t<meta name=\"twitter:data1\" content=\"2\u00a0Minuten\" \/>\n<script type=\"application\/ld+json\" class=\"yoast-schema-graph\">{\"@context\":\"https:\/\/schema.org\",\"@graph\":[{\"@type\":\"WebPage\",\"@id\":\"https:\/\/eqpower.ch\/\",\"url\":\"https:\/\/eqpower.ch\/\",\"name\":\"EQ Power \u2013 Emotionale Intelligenz | Messen - Trainieren - Experte\",\"isPartOf\":{\"@id\":\"https:\/\/eqpower.ch\/#website\"},\"primaryImageOfPage\":{\"@id\":\"https:\/\/eqpower.ch\/#primaryimage\"},\"image\":{\"@id\":\"https:\/\/eqpower.ch\/#primaryimage\"},\"thumbnailUrl\":\"https:\/\/eqpower.ch\/wp-content\/uploads\/2023\/02\/Ei_messen-1024x1024.png\",\"datePublished\":\"2022-12-21T05:11:52+00:00\",\"dateModified\":\"2025-07-21T09:20:56+00:00\",\"description\":\"Beim Durchlaufen des Assessments erhalten Sie das Profil Ihrer emotionalen Intelligenz. Emotionale Intelligenz Messen - Trainieren - Experte.\",\"breadcrumb\":{\"@id\":\"https:\/\/eqpower.ch\/#breadcrumb\"},\"inLanguage\":\"de-CH\",\"potentialAction\":[{\"@type\":\"ReadAction\",\"target\":[\"https:\/\/eqpower.ch\/\"]}]},{\"@type\":\"ImageObject\",\"inLanguage\":\"de-CH\",\"@id\":\"https:\/\/eqpower.ch\/#primaryimage\",\"url\":\"https:\/\/eqpower.ch\/wp-content\/uploads\/2023\/02\/Ei_messen-1024x1024.png\",\"contentUrl\":\"https:\/\/eqpower.ch\/wp-content\/uploads\/2023\/02\/Ei_messen-1024x1024.png\"},{\"@type\":\"BreadcrumbList\",\"@id\":\"https:\/\/eqpower.ch\/#breadcrumb\",\"itemListElement\":[{\"@type\":\"ListItem\",\"position\":1,\"name\":\"Home\",\"item\":\"https:\/\/eqpower.ch\/\"},{\"@type\":\"ListItem\",\"position\":2,\"name\":\"Home\"}]},{\"@type\":\"WebSite\",\"@id\":\"https:\/\/eqpower.ch\/#website\",\"url\":\"https:\/\/eqpower.ch\/\",\"name\":\"EQ-Power\",\"description\":\"emotionally smart\",\"publisher\":{\"@id\":\"https:\/\/eqpower.ch\/#organization\"},\"potentialAction\":[{\"@type\":\"SearchAction\",\"target\":{\"@type\":\"EntryPoint\",\"urlTemplate\":\"https:\/\/eqpower.ch\/?s={search_term_string}\"},\"query-input\":{\"@type\":\"PropertyValueSpecification\",\"valueRequired\":true,\"valueName\":\"search_term_string\"}}],\"inLanguage\":\"de-CH\"},{\"@type\":\"Organization\",\"@id\":\"https:\/\/eqpower.ch\/#organization\",\"name\":\"EQ-Power\",\"url\":\"https:\/\/eqpower.ch\/\",\"logo\":{\"@type\":\"ImageObject\",\"inLanguage\":\"de-CH\",\"@id\":\"https:\/\/eqpower.ch\/#\/schema\/logo\/image\/\",\"url\":\"https:\/\/eqpower.ch\/wp-content\/uploads\/2022\/12\/EQpower_big_cmyk-Neu.png\",\"contentUrl\":\"https:\/\/eqpower.ch\/wp-content\/uploads\/2022\/12\/EQpower_big_cmyk-Neu.png\",\"width\":3175,\"height\":705,\"caption\":\"EQ-Power\"},\"image\":{\"@id\":\"https:\/\/eqpower.ch\/#\/schema\/logo\/image\/\"}}]}<\/script>\n<!-- \/ Yoast SEO plugin. -->","yoast_head_json":{"title":"EQ Power \u2013 Emotionale Intelligenz | Messen - Trainieren - Experte","description":"Beim Durchlaufen des Assessments erhalten Sie das Profil Ihrer emotionalen Intelligenz. Emotionale Intelligenz Messen - Trainieren - Experte.","robots":{"index":"index","follow":"follow","max-snippet":"max-snippet:-1","max-image-preview":"max-image-preview:large","max-video-preview":"max-video-preview:-1"},"canonical":"https:\/\/eqpower.ch\/de\/","og_locale":"de_DE","og_type":"article","og_title":"EQ Power \u2013 Emotionale Intelligenz | Messen - Trainieren - Experte","og_description":"Beim Durchlaufen des Assessments erhalten Sie das Profil Ihrer emotionalen Intelligenz. Emotionale Intelligenz Messen - Trainieren - Experte.","og_url":"https:\/\/eqpower.ch\/de\/","og_site_name":"EQ-Power","article_modified_time":"2025-07-21T09:20:56+00:00","og_image":[{"width":1264,"height":1264,"url":"https:\/\/eqpower.ch\/wp-content\/uploads\/2023\/02\/Ei_messen.png","type":"image\/png"}],"twitter_card":"summary_large_image","twitter_misc":{"Gesch\u00e4tzte Lesezeit":"2\u00a0Minuten"},"schema":{"@context":"https:\/\/schema.org","@graph":[{"@type":"WebPage","@id":"https:\/\/eqpower.ch\/","url":"https:\/\/eqpower.ch\/","name":"EQ Power \u2013 Emotionale Intelligenz | Messen - Trainieren - Experte","isPartOf":{"@id":"https:\/\/eqpower.ch\/#website"},"primaryImageOfPage":{"@id":"https:\/\/eqpower.ch\/#primaryimage"},"image":{"@id":"https:\/\/eqpower.ch\/#primaryimage"},"thumbnailUrl":"https:\/\/eqpower.ch\/wp-content\/uploads\/2023\/02\/Ei_messen-1024x1024.png","datePublished":"2022-12-21T05:11:52+00:00","dateModified":"2025-07-21T09:20:56+00:00","description":"Beim Durchlaufen des Assessments erhalten Sie das Profil Ihrer emotionalen Intelligenz. Emotionale Intelligenz Messen - Trainieren - Experte.","breadcrumb":{"@id":"https:\/\/eqpower.ch\/#breadcrumb"},"inLanguage":"de-CH","potentialAction":[{"@type":"ReadAction","target":["https:\/\/eqpower.ch\/"]}]},{"@type":"ImageObject","inLanguage":"de-CH","@id":"https:\/\/eqpower.ch\/#primaryimage","url":"https:\/\/eqpower.ch\/wp-content\/uploads\/2023\/02\/Ei_messen-1024x1024.png","contentUrl":"https:\/\/eqpower.ch\/wp-content\/uploads\/2023\/02\/Ei_messen-1024x1024.png"},{"@type":"BreadcrumbList","@id":"https:\/\/eqpower.ch\/#breadcrumb","itemListElement":[{"@type":"ListItem","position":1,"name":"Home","item":"https:\/\/eqpower.ch\/"},{"@type":"ListItem","position":2,"name":"Home"}]},{"@type":"WebSite","@id":"https:\/\/eqpower.ch\/#website","url":"https:\/\/eqpower.ch\/","name":"EQ-Power","description":"emotionally smart","publisher":{"@id":"https:\/\/eqpower.ch\/#organization"},"potentialAction":[{"@type":"SearchAction","target":{"@type":"EntryPoint","urlTemplate":"https:\/\/eqpower.ch\/?s={search_term_string}"},"query-input":{"@type":"PropertyValueSpecification","valueRequired":true,"valueName":"search_term_string"}}],"inLanguage":"de-CH"},{"@type":"Organization","@id":"https:\/\/eqpower.ch\/#organization","name":"EQ-Power","url":"https:\/\/eqpower.ch\/","logo":{"@type":"ImageObject","inLanguage":"de-CH","@id":"https:\/\/eqpower.ch\/#\/schema\/logo\/image\/","url":"https:\/\/eqpower.ch\/wp-content\/uploads\/2022\/12\/EQpower_big_cmyk-Neu.png","contentUrl":"https:\/\/eqpower.ch\/wp-content\/uploads\/2022\/12\/EQpower_big_cmyk-Neu.png","width":3175,"height":705,"caption":"EQ-Power"},"image":{"@id":"https:\/\/eqpower.ch\/#\/schema\/logo\/image\/"}}]}},"_links":{"self":[{"href":"https:\/\/eqpower.ch\/de\/wp-json\/wp\/v2\/pages\/11","targetHints":{"allow":["GET"]}}],"collection":[{"href":"https:\/\/eqpower.ch\/de\/wp-json\/wp\/v2\/pages"}],"about":[{"href":"https:\/\/eqpower.ch\/de\/wp-json\/wp\/v2\/types\/page"}],"author":[{"embeddable":true,"href":"https:\/\/eqpower.ch\/de\/wp-json\/wp\/v2\/users\/1"}],"replies":[{"embeddable":true,"href":"https:\/\/eqpower.ch\/de\/wp-json\/wp\/v2\/comments?post=11"}],"version-history":[{"count":8,"href":"https:\/\/eqpower.ch\/de\/wp-json\/wp\/v2\/pages\/11\/revisions"}],"predecessor-version":[{"id":7045,"href":"https:\/\/eqpower.ch\/de\/wp-json\/wp\/v2\/pages\/11\/revisions\/7045"}],"wp:attachment":[{"href":"https:\/\/eqpower.ch\/de\/wp-json\/wp\/v2\/media?parent=11"}],"curies":[{"name":"wp","href":"https:\/\/api.w.org\/{rel}","templated":true}]}}