{"id":1000,"date":"2022-12-30T06:06:25","date_gmt":"2022-12-30T05:06:25","guid":{"rendered":"https:\/\/eqpower.ch\/?page_id=1000"},"modified":"2023-02-15T19:34:15","modified_gmt":"2023-02-15T18:34:15","slug":"ei-transfer","status":"publish","type":"page","link":"https:\/\/eqpower.ch\/de\/certification\/ei-transfer\/","title":{"rendered":"EI Transfer"},"content":{"rendered":"\t\t<div data-elementor-type=\"wp-page\" data-elementor-id=\"1000\" class=\"elementor elementor-1000\" data-elementor-post-type=\"page\">\n\t\t\t\t\t\t<section class=\"elementor-section elementor-top-section elementor-element elementor-element-f3e6936 elementor-section-height-min-height elementor-section-boxed elementor-section-height-default elementor-section-items-middle\" data-id=\"f3e6936\" data-element_type=\"section\" data-settings=\"{&quot;background_background&quot;:&quot;classic&quot;}\">\n\t\t\t\t\t\t\t<div class=\"elementor-background-overlay\"><\/div>\n\t\t\t\t\t\t\t<div class=\"elementor-container elementor-column-gap-default\">\n\t\t\t\t\t<div class=\"elementor-column elementor-col-100 elementor-top-column elementor-element elementor-element-eab25c3\" data-id=\"eab25c3\" data-element_type=\"column\">\n\t\t\t<div class=\"elementor-widget-wrap elementor-element-populated\">\n\t\t\t\t\t\t<div class=\"elementor-element elementor-element-1a250e2 elementor-widget elementor-widget-image\" data-id=\"1a250e2\" data-element_type=\"widget\" data-widget_type=\"image.default\">\n\t\t\t\t<div class=\"elementor-widget-container\">\n\t\t\t\t\t\t\t\t\t\t\t\t\t\t\t<img fetchpriority=\"high\" decoding=\"async\" width=\"700\" height=\"700\" src=\"https:\/\/eqpower.ch\/wp-content\/uploads\/2023\/02\/Gruppe-87.png\" class=\"attachment-large size-large wp-image-6326\" alt=\"\" srcset=\"https:\/\/eqpower.ch\/wp-content\/uploads\/2023\/02\/Gruppe-87.png 700w, https:\/\/eqpower.ch\/wp-content\/uploads\/2023\/02\/Gruppe-87-300x300.png 300w, https:\/\/eqpower.ch\/wp-content\/uploads\/2023\/02\/Gruppe-87-150x150.png 150w, https:\/\/eqpower.ch\/wp-content\/uploads\/2023\/02\/Gruppe-87-12x12.png 12w\" sizes=\"(max-width: 700px) 100vw, 700px\" \/>\t\t\t\t\t\t\t\t\t\t\t\t\t\t\t<\/div>\n\t\t\t\t<\/div>\n\t\t\t\t\t<\/div>\n\t\t<\/div>\n\t\t\t\t\t<\/div>\n\t\t<\/section>\n\t\t\t\t<section class=\"elementor-section elementor-top-section elementor-element elementor-element-2dc4a79 elementor-section-boxed elementor-section-height-default elementor-section-height-default\" data-id=\"2dc4a79\" data-element_type=\"section\">\n\t\t\t\t\t\t<div class=\"elementor-container elementor-column-gap-default\">\n\t\t\t\t\t<div class=\"elementor-column elementor-col-100 elementor-top-column elementor-element elementor-element-062976d\" data-id=\"062976d\" data-element_type=\"column\">\n\t\t\t<div class=\"elementor-widget-wrap elementor-element-populated\">\n\t\t\t\t\t\t<div class=\"elementor-element elementor-element-612e156 h1-fontss  elementor-widget elementor-widget-heading\" data-id=\"612e156\" data-element_type=\"widget\" data-widget_type=\"heading.default\">\n\t\t\t\t<div class=\"elementor-widget-container\">\n\t\t\t\t\t<h1 class=\"elementor-heading-title elementor-size-default\">Zum EI Experten werden<\/h1>\t\t\t\t<\/div>\n\t\t\t\t<\/div>\n\t\t\t\t\t<\/div>\n\t\t<\/div>\n\t\t\t\t\t<\/div>\n\t\t<\/section>\n\t\t\t\t<section class=\"elementor-section elementor-top-section elementor-element elementor-element-4b4fe3d elementor-section-boxed elementor-section-height-default elementor-section-height-default\" data-id=\"4b4fe3d\" data-element_type=\"section\">\n\t\t\t\t\t\t<div class=\"elementor-container elementor-column-gap-default\">\n\t\t\t\t\t<div class=\"elementor-column elementor-col-50 elementor-top-column elementor-element elementor-element-6653124\" data-id=\"6653124\" data-element_type=\"column\">\n\t\t\t<div class=\"elementor-widget-wrap elementor-element-populated\">\n\t\t\t\t\t\t<div class=\"elementor-element elementor-element-9e62cd4 elementor-widget elementor-widget-text-editor\" data-id=\"9e62cd4\" data-element_type=\"widget\" data-widget_type=\"text-editor.default\">\n\t\t\t\t<div class=\"elementor-widget-container\">\n\t\t\t\t\t\t\t\t\t<p>Herzliche Gratulation zum Entscheid, Ihren Werkzeugkoffer mit den EQ-i 2.0- und EQ-360-Assessments zu erg\u00e4nzen. Mit diesem wertvollen Instrument k\u00f6nnen Sie Ihre Kunden auf deren Entdeckungsreise in die Welt der Emotionalen Intelligenz begleiten.<\/p>\t\t\t\t\t\t\t\t<\/div>\n\t\t\t\t<\/div>\n\t\t\t\t<div class=\"elementor-element elementor-element-560fa8f elementor-widget elementor-widget-text-editor\" data-id=\"560fa8f\" data-element_type=\"widget\" data-widget_type=\"text-editor.default\">\n\t\t\t\t<div class=\"elementor-widget-container\">\n\t\t\t\t\t\t\t\t\t<p>Falls Sie erst angefangen haben, mit dem EQ-i 2.0 und EQ 360 zu arbeiten, oder schon lange nicht mehr damit gearbeitet haben, w\u00e4ren Sie vielleicht um die Unterst\u00fctzung einer Person froh, die sich mit diesen Assessments auskennt. Schliesslich sagt man zu Recht: \u201eJeder Anfang ist schwer.\u201c<\/p>\t\t\t\t\t\t\t\t<\/div>\n\t\t\t\t<\/div>\n\t\t\t\t<div class=\"elementor-element elementor-element-de38d95 elementor-widget elementor-widget-text-editor\" data-id=\"de38d95\" data-element_type=\"widget\" data-widget_type=\"text-editor.default\">\n\t\t\t\t<div class=\"elementor-widget-container\">\n\t\t\t\t\t\t\t\t\t<p>Aus diesem Grund bieten wir den EQ-i-Transfer an. Der EQ-i-Transfer sorgt daf\u00fcr, dass Ihre Lernkurve bei der Anwendung des EQ-i-Assessments angenehm und kurz wird. Weil dieses Angebot eine individuelle Beratung umfasst, deckt der EQ-i-Transfer die jeweiligen Bed\u00fcrfnisse jeder einzelnen Person ab. Sie k\u00f6nnen den EQ-i-Transfer u.\u00a0a. f\u00fcr folgende Zwecke nutzen:<\/p>\t\t\t\t\t\t\t\t<\/div>\n\t\t\t\t<\/div>\n\t\t\t\t<div class=\"elementor-element elementor-element-f0b55fd elementor-widget elementor-widget-text-editor\" data-id=\"f0b55fd\" data-element_type=\"widget\" data-widget_type=\"text-editor.default\">\n\t\t\t\t<div class=\"elementor-widget-container\">\n\t\t\t\t\t\t\t\t\t<ul>\n \t<li class=\"pad\">Alle Fragen im Zusammenhang mit der Interpretation der Kundenprofile kl\u00e4ren<\/li>\n \t<li class=\"pad\">Das EQ-i-Auswertungsgespr\u00e4ch vorbereiten und proben<\/li>\n<\/ul>\t\t\t\t\t\t\t\t<\/div>\n\t\t\t\t<\/div>\n\t\t\t\t\t<\/div>\n\t\t<\/div>\n\t\t\t\t<div class=\"elementor-column elementor-col-50 elementor-top-column elementor-element elementor-element-cfeb906\" data-id=\"cfeb906\" data-element_type=\"column\">\n\t\t\t<div class=\"elementor-widget-wrap elementor-element-populated\">\n\t\t\t\t\t\t<div class=\"elementor-element elementor-element-2673669 image-object-fit elementor-widget elementor-widget-image\" data-id=\"2673669\" data-element_type=\"widget\" data-widget_type=\"image.default\">\n\t\t\t\t<div class=\"elementor-widget-container\">\n\t\t\t\t\t\t\t\t\t\t\t\t\t\t\t<img decoding=\"async\" width=\"424\" height=\"283\" src=\"https:\/\/eqpower.ch\/wp-content\/uploads\/2022\/12\/uCw6zWXc.jpeg\" class=\"attachment-large size-large wp-image-1023\" alt=\"\" srcset=\"https:\/\/eqpower.ch\/wp-content\/uploads\/2022\/12\/uCw6zWXc.jpeg 424w, https:\/\/eqpower.ch\/wp-content\/uploads\/2022\/12\/uCw6zWXc-300x200.jpeg 300w\" sizes=\"(max-width: 424px) 100vw, 424px\" \/>\t\t\t\t\t\t\t\t\t\t\t\t\t\t\t<\/div>\n\t\t\t\t<\/div>\n\t\t\t\t<section class=\"elementor-section elementor-inner-section elementor-element elementor-element-085509d elementor-section-boxed elementor-section-height-default elementor-section-height-default\" data-id=\"085509d\" data-element_type=\"section\">\n\t\t\t\t\t\t<div class=\"elementor-container elementor-column-gap-default\">\n\t\t\t\t\t<div class=\"elementor-column elementor-col-100 elementor-inner-column elementor-element elementor-element-0bcba81 camp\" data-id=\"0bcba81\" data-element_type=\"column\">\n\t\t\t<div class=\"elementor-widget-wrap elementor-element-populated\">\n\t\t\t\t\t\t<div class=\"elementor-element elementor-element-6246a4b elementor-widget elementor-widget-heading\" data-id=\"6246a4b\" data-element_type=\"widget\" data-widget_type=\"heading.default\">\n\t\t\t\t<div class=\"elementor-widget-container\">\n\t\t\t\t\t<h2 class=\"elementor-heading-title elementor-size-default\">Inhalt <\/h2>\t\t\t\t<\/div>\n\t\t\t\t<\/div>\n\t\t\t\t<div class=\"elementor-element elementor-element-018662d elementor-widget elementor-widget-text-editor\" data-id=\"018662d\" data-element_type=\"widget\" data-widget_type=\"text-editor.default\">\n\t\t\t\t<div class=\"elementor-widget-container\">\n\t\t\t\t\t\t\t\t\t<p>Der EQ-i-Transfer findet mit einem Spezialisten statt, der sich mit dem EQ-i 2.0 und dem EQ 360 auskennt, und dauert eine vordefinierte Anzahl von Stunden, die Sie ausgew\u00e4hlt haben.\u00a0<\/p>\t\t\t\t\t\t\t\t<\/div>\n\t\t\t\t<\/div>\n\t\t\t\t<div class=\"elementor-element elementor-element-780c8a3 elementor-widget elementor-widget-text-editor\" data-id=\"780c8a3\" data-element_type=\"widget\" data-widget_type=\"text-editor.default\">\n\t\t\t\t<div class=\"elementor-widget-container\">\n\t\t\t\t\t\t\t\t\t<p>Sie k\u00f6nnen aus das 1-, 3- oder 5-st\u00fcndige Paket w\u00e4hlen. Die Stunden verfallen nicht, auch wenn Sie l\u00e4nger pausieren. Sie nutzen Ihre Stunden dann, wenn Sie sie brauchen. Der EQ-i-Transfer findet online statt.<\/p>\t\t\t\t\t\t\t\t<\/div>\n\t\t\t\t<\/div>\n\t\t\t\t<div class=\"elementor-element elementor-element-d1fd6d5 elementor-widget elementor-widget-heading\" data-id=\"d1fd6d5\" data-element_type=\"widget\" data-widget_type=\"heading.default\">\n\t\t\t\t<div class=\"elementor-widget-container\">\n\t\t\t\t\t<h2 class=\"elementor-heading-title elementor-size-default\">Kosten<\/h2>\t\t\t\t<\/div>\n\t\t\t\t<\/div>\n\t\t\t\t<div class=\"elementor-element elementor-element-b987702 elementor-widget elementor-widget-text-editor\" data-id=\"b987702\" data-element_type=\"widget\" data-widget_type=\"text-editor.default\">\n\t\t\t\t<div class=\"elementor-widget-container\">\n\t\t\t\t\t\t\t\t\t<ul>\n<li class=\"pad\">EQ-i-Transfer, 1 Stunde: 120 CHF <\/li>\n<li class=\"pad\"> EQ-i-Transfer, 3-Stunden-Paket: 330 CHF<\/li>\n<li class=\"pad\"> EQ-i-Transfer, 5-Stunden-Paket: 500 CHF<\/li>\n<\/ul>\t\t\t\t\t\t\t\t<\/div>\n\t\t\t\t<\/div>\n\t\t\t\t\t<\/div>\n\t\t<\/div>\n\t\t\t\t\t<\/div>\n\t\t<\/section>\n\t\t\t\t\t<\/div>\n\t\t<\/div>\n\t\t\t\t\t<\/div>\n\t\t<\/section>\n\t\t\t\t<\/div>\n\t\t","protected":false},"excerpt":{"rendered":"<p>Zum EI Experten werden Herzliche Gratulation zum Entscheid, Ihren Werkzeugkoffer mit den EQ-i 2.0- und EQ-360-Assessments zu erg\u00e4nzen. Mit diesem wertvollen Instrument k\u00f6nnen Sie Ihre Kunden auf deren Entdeckungsreise in die Welt der Emotionalen Intelligenz begleiten. Falls Sie erst angefangen haben, mit dem EQ-i 2.0 und EQ 360 zu arbeiten, oder schon lange nicht mehr [&hellip;]<\/p>\n","protected":false},"author":1,"featured_media":0,"parent":542,"menu_order":0,"comment_status":"closed","ping_status":"closed","template":"","meta":{"footnotes":""},"class_list":["post-1000","page","type-page","status-publish","hentry"],"yoast_head":"<!-- This site is optimized with the Yoast SEO plugin v25.1 - https:\/\/yoast.com\/wordpress\/plugins\/seo\/ -->\n<title>EI Transfer - EQ-Power<\/title>\n<meta name=\"robots\" content=\"index, follow, max-snippet:-1, max-image-preview:large, max-video-preview:-1\" \/>\n<link rel=\"canonical\" href=\"https:\/\/eqpower.ch\/de\/certification\/ei-transfer\/\" \/>\n<meta property=\"og:locale\" content=\"de_DE\" \/>\n<meta property=\"og:type\" content=\"article\" \/>\n<meta property=\"og:title\" content=\"EI Transfer - EQ-Power\" \/>\n<meta property=\"og:description\" content=\"Zum EI Experten werden Herzliche Gratulation zum Entscheid, Ihren Werkzeugkoffer mit den EQ-i 2.0- und EQ-360-Assessments zu erg\u00e4nzen. Mit diesem wertvollen Instrument k\u00f6nnen Sie Ihre Kunden auf deren Entdeckungsreise in die Welt der Emotionalen Intelligenz begleiten. Falls Sie erst angefangen haben, mit dem EQ-i 2.0 und EQ 360 zu arbeiten, oder schon lange nicht mehr [&hellip;]\" \/>\n<meta property=\"og:url\" content=\"https:\/\/eqpower.ch\/de\/certification\/ei-transfer\/\" \/>\n<meta property=\"og:site_name\" content=\"EQ-Power\" \/>\n<meta property=\"article:modified_time\" content=\"2023-02-15T18:34:15+00:00\" \/>\n<meta property=\"og:image\" content=\"https:\/\/eqpower.ch\/wp-content\/uploads\/2023\/02\/Gruppe-87.png\" \/>\n<meta name=\"twitter:card\" content=\"summary_large_image\" \/>\n<meta name=\"twitter:label1\" content=\"Gesch\u00e4tzte Lesezeit\" \/>\n\t<meta name=\"twitter:data1\" content=\"2\u00a0Minuten\" \/>\n<script type=\"application\/ld+json\" class=\"yoast-schema-graph\">{\"@context\":\"https:\/\/schema.org\",\"@graph\":[{\"@type\":\"WebPage\",\"@id\":\"https:\/\/eqpower.ch\/de\/certification\/ei-transfer\/\",\"url\":\"https:\/\/eqpower.ch\/de\/certification\/ei-transfer\/\",\"name\":\"EI Transfer - EQ-Power\",\"isPartOf\":{\"@id\":\"https:\/\/eqpower.ch\/#website\"},\"primaryImageOfPage\":{\"@id\":\"https:\/\/eqpower.ch\/de\/certification\/ei-transfer\/#primaryimage\"},\"image\":{\"@id\":\"https:\/\/eqpower.ch\/de\/certification\/ei-transfer\/#primaryimage\"},\"thumbnailUrl\":\"https:\/\/eqpower.ch\/wp-content\/uploads\/2023\/02\/Gruppe-87.png\",\"datePublished\":\"2022-12-30T05:06:25+00:00\",\"dateModified\":\"2023-02-15T18:34:15+00:00\",\"breadcrumb\":{\"@id\":\"https:\/\/eqpower.ch\/de\/certification\/ei-transfer\/#breadcrumb\"},\"inLanguage\":\"de-CH\",\"potentialAction\":[{\"@type\":\"ReadAction\",\"target\":[\"https:\/\/eqpower.ch\/de\/certification\/ei-transfer\/\"]}]},{\"@type\":\"ImageObject\",\"inLanguage\":\"de-CH\",\"@id\":\"https:\/\/eqpower.ch\/de\/certification\/ei-transfer\/#primaryimage\",\"url\":\"https:\/\/eqpower.ch\/wp-content\/uploads\/2023\/02\/Gruppe-87.png\",\"contentUrl\":\"https:\/\/eqpower.ch\/wp-content\/uploads\/2023\/02\/Gruppe-87.png\"},{\"@type\":\"BreadcrumbList\",\"@id\":\"https:\/\/eqpower.ch\/de\/certification\/ei-transfer\/#breadcrumb\",\"itemListElement\":[{\"@type\":\"ListItem\",\"position\":1,\"name\":\"Home\",\"item\":\"https:\/\/eqpower.ch\/\"},{\"@type\":\"ListItem\",\"position\":2,\"name\":\"Certification\",\"item\":\"https:\/\/eqpower.ch\/de\/certification\/\"},{\"@type\":\"ListItem\",\"position\":3,\"name\":\"EI Transfer\"}]},{\"@type\":\"WebSite\",\"@id\":\"https:\/\/eqpower.ch\/#website\",\"url\":\"https:\/\/eqpower.ch\/\",\"name\":\"EQ-Power\",\"description\":\"emotionally smart\",\"publisher\":{\"@id\":\"https:\/\/eqpower.ch\/#organization\"},\"potentialAction\":[{\"@type\":\"SearchAction\",\"target\":{\"@type\":\"EntryPoint\",\"urlTemplate\":\"https:\/\/eqpower.ch\/?s={search_term_string}\"},\"query-input\":{\"@type\":\"PropertyValueSpecification\",\"valueRequired\":true,\"valueName\":\"search_term_string\"}}],\"inLanguage\":\"de-CH\"},{\"@type\":\"Organization\",\"@id\":\"https:\/\/eqpower.ch\/#organization\",\"name\":\"EQ-Power\",\"url\":\"https:\/\/eqpower.ch\/\",\"logo\":{\"@type\":\"ImageObject\",\"inLanguage\":\"de-CH\",\"@id\":\"https:\/\/eqpower.ch\/#\/schema\/logo\/image\/\",\"url\":\"https:\/\/eqpower.ch\/wp-content\/uploads\/2022\/12\/EQpower_big_cmyk-Neu.png\",\"contentUrl\":\"https:\/\/eqpower.ch\/wp-content\/uploads\/2022\/12\/EQpower_big_cmyk-Neu.png\",\"width\":3175,\"height\":705,\"caption\":\"EQ-Power\"},\"image\":{\"@id\":\"https:\/\/eqpower.ch\/#\/schema\/logo\/image\/\"}}]}<\/script>\n<!-- \/ Yoast SEO plugin. -->","yoast_head_json":{"title":"EI Transfer - EQ-Power","robots":{"index":"index","follow":"follow","max-snippet":"max-snippet:-1","max-image-preview":"max-image-preview:large","max-video-preview":"max-video-preview:-1"},"canonical":"https:\/\/eqpower.ch\/de\/certification\/ei-transfer\/","og_locale":"de_DE","og_type":"article","og_title":"EI Transfer - EQ-Power","og_description":"Zum EI Experten werden Herzliche Gratulation zum Entscheid, Ihren Werkzeugkoffer mit den EQ-i 2.0- und EQ-360-Assessments zu erg\u00e4nzen. Mit diesem wertvollen Instrument k\u00f6nnen Sie Ihre Kunden auf deren Entdeckungsreise in die Welt der Emotionalen Intelligenz begleiten. Falls Sie erst angefangen haben, mit dem EQ-i 2.0 und EQ 360 zu arbeiten, oder schon lange nicht mehr [&hellip;]","og_url":"https:\/\/eqpower.ch\/de\/certification\/ei-transfer\/","og_site_name":"EQ-Power","article_modified_time":"2023-02-15T18:34:15+00:00","og_image":[{"url":"https:\/\/eqpower.ch\/wp-content\/uploads\/2023\/02\/Gruppe-87.png","type":"","width":"","height":""}],"twitter_card":"summary_large_image","twitter_misc":{"Gesch\u00e4tzte Lesezeit":"2\u00a0Minuten"},"schema":{"@context":"https:\/\/schema.org","@graph":[{"@type":"WebPage","@id":"https:\/\/eqpower.ch\/de\/certification\/ei-transfer\/","url":"https:\/\/eqpower.ch\/de\/certification\/ei-transfer\/","name":"EI Transfer - EQ-Power","isPartOf":{"@id":"https:\/\/eqpower.ch\/#website"},"primaryImageOfPage":{"@id":"https:\/\/eqpower.ch\/de\/certification\/ei-transfer\/#primaryimage"},"image":{"@id":"https:\/\/eqpower.ch\/de\/certification\/ei-transfer\/#primaryimage"},"thumbnailUrl":"https:\/\/eqpower.ch\/wp-content\/uploads\/2023\/02\/Gruppe-87.png","datePublished":"2022-12-30T05:06:25+00:00","dateModified":"2023-02-15T18:34:15+00:00","breadcrumb":{"@id":"https:\/\/eqpower.ch\/de\/certification\/ei-transfer\/#breadcrumb"},"inLanguage":"de-CH","potentialAction":[{"@type":"ReadAction","target":["https:\/\/eqpower.ch\/de\/certification\/ei-transfer\/"]}]},{"@type":"ImageObject","inLanguage":"de-CH","@id":"https:\/\/eqpower.ch\/de\/certification\/ei-transfer\/#primaryimage","url":"https:\/\/eqpower.ch\/wp-content\/uploads\/2023\/02\/Gruppe-87.png","contentUrl":"https:\/\/eqpower.ch\/wp-content\/uploads\/2023\/02\/Gruppe-87.png"},{"@type":"BreadcrumbList","@id":"https:\/\/eqpower.ch\/de\/certification\/ei-transfer\/#breadcrumb","itemListElement":[{"@type":"ListItem","position":1,"name":"Home","item":"https:\/\/eqpower.ch\/"},{"@type":"ListItem","position":2,"name":"Certification","item":"https:\/\/eqpower.ch\/de\/certification\/"},{"@type":"ListItem","position":3,"name":"EI Transfer"}]},{"@type":"WebSite","@id":"https:\/\/eqpower.ch\/#website","url":"https:\/\/eqpower.ch\/","name":"EQ-Power","description":"emotionally smart","publisher":{"@id":"https:\/\/eqpower.ch\/#organization"},"potentialAction":[{"@type":"SearchAction","target":{"@type":"EntryPoint","urlTemplate":"https:\/\/eqpower.ch\/?s={search_term_string}"},"query-input":{"@type":"PropertyValueSpecification","valueRequired":true,"valueName":"search_term_string"}}],"inLanguage":"de-CH"},{"@type":"Organization","@id":"https:\/\/eqpower.ch\/#organization","name":"EQ-Power","url":"https:\/\/eqpower.ch\/","logo":{"@type":"ImageObject","inLanguage":"de-CH","@id":"https:\/\/eqpower.ch\/#\/schema\/logo\/image\/","url":"https:\/\/eqpower.ch\/wp-content\/uploads\/2022\/12\/EQpower_big_cmyk-Neu.png","contentUrl":"https:\/\/eqpower.ch\/wp-content\/uploads\/2022\/12\/EQpower_big_cmyk-Neu.png","width":3175,"height":705,"caption":"EQ-Power"},"image":{"@id":"https:\/\/eqpower.ch\/#\/schema\/logo\/image\/"}}]}},"_links":{"self":[{"href":"https:\/\/eqpower.ch\/de\/wp-json\/wp\/v2\/pages\/1000","targetHints":{"allow":["GET"]}}],"collection":[{"href":"https:\/\/eqpower.ch\/de\/wp-json\/wp\/v2\/pages"}],"about":[{"href":"https:\/\/eqpower.ch\/de\/wp-json\/wp\/v2\/types\/page"}],"author":[{"embeddable":true,"href":"https:\/\/eqpower.ch\/de\/wp-json\/wp\/v2\/users\/1"}],"replies":[{"embeddable":true,"href":"https:\/\/eqpower.ch\/de\/wp-json\/wp\/v2\/comments?post=1000"}],"version-history":[{"count":5,"href":"https:\/\/eqpower.ch\/de\/wp-json\/wp\/v2\/pages\/1000\/revisions"}],"predecessor-version":[{"id":6598,"href":"https:\/\/eqpower.ch\/de\/wp-json\/wp\/v2\/pages\/1000\/revisions\/6598"}],"up":[{"embeddable":true,"href":"https:\/\/eqpower.ch\/de\/wp-json\/wp\/v2\/pages\/542"}],"wp:attachment":[{"href":"https:\/\/eqpower.ch\/de\/wp-json\/wp\/v2\/media?parent=1000"}],"curies":[{"name":"wp","href":"https:\/\/api.w.org\/{rel}","templated":true}]}}